{"id":8366,"date":"2018-06-25T10:14:44","date_gmt":"2018-06-25T10:14:44","guid":{"rendered":"http:\/\/kenacademy.scoptop.com\/?page_id=8366"},"modified":"2019-11-08T15:21:15","modified_gmt":"2019-11-08T15:21:15","slug":"programe-in-timpul-anunlui","status":"publish","type":"page","link":"https:\/\/kenacademy.org\/en\/programe-in-timpul-anunlui\/","title":{"rendered":"Programs during the announcement"},"content":{"rendered":"<div class=\"vc_row wpb_row vc_row-fluid\"><div class=\"wpb_column vc_column_container vc_col-sm-12\"><div class=\"vc_column-inner\"><div class=\"wpb_wrapper\"><div class=\"vc_tta-container\" data-vc-action=\"collapse\"><div class=\"vc_general vc_tta vc_tta-tabs vc_tta-color-grey vc_tta-style-classic vc_tta-shape-rounded vc_tta-spacing-1 vc_tta-tabs-position-top vc_tta-controls-align-left\"><div class=\"vc_tta-tabs-container\"><ul class=\"vc_tta-tabs-list\"><li class=\"vc_tta-tab vc_active\" data-vc-tab><a href=\"#156\" data-vc-tabs data-vc-container=\".vc_tta\"><span class=\"vc_tta-title-text\">Events in progress<\/span><\/a><\/li><li class=\"vc_tta-tab\" data-vc-tab><a href=\"#157\" data-vc-tabs data-vc-container=\".vc_tta\"><span class=\"vc_tta-title-text\">Past events<\/span><\/a><\/li><\/ul><\/div><div class=\"vc_tta-panels-container\"><div class=\"vc_tta-panels\"><div class=\"vc_tta-panel vc_active\" id=\"156\" data-vc-content=\".vc_tta-panel-body\"><div class=\"vc_tta-panel-heading\"><h4 class=\"vc_tta-panel-title\"><a href=\"#156\" data-vc-accordion data-vc-container=\".vc_tta-container\"><span class=\"vc_tta-title-text\">Events in progress<\/span><\/a><\/h4><\/div><div class=\"vc_tta-panel-body\"><div class=\"thim-widget-list-event template-list-event\"><\/div><\/div><\/div><div class=\"vc_tta-panel\" id=\"157\" data-vc-content=\".vc_tta-panel-body\"><div class=\"vc_tta-panel-heading\"><h4 class=\"vc_tta-panel-title\"><a href=\"#157\" data-vc-accordion data-vc-container=\".vc_tta-container\"><span class=\"vc_tta-title-text\">Past events<\/span><\/a><\/h4><\/div><div class=\"vc_tta-panel-body\"><div class=\"thim-widget-list-event template-list-event\"><div class=\"thim-list-event layout-2\">\t\t<div class=\"item-event post-15885 tp_event type-tp_event status-publish has-post-thumbnail hentry tp_event_category-programe-educationale tp_event_category-programe-in-timpul-anului tp_event_tag-ken-academy tp_event_tag-ken-start tp_event_tag-program-ken-academy tp_event_tag-rubik-school\">\n\t\t\t<div class=\"time-from\">\n\t\t\t\t\t\t\t\t<div class=\"date\">\n\t\t\t\t\t04\t\t\t\t<\/div>\n\t\t\t\t<div class=\"month\">\n\t\t\t\t\tApril\t\t\t\t<\/div>\n\t\t\t\t\t\t\t<\/div>\n\t\t\t<div class=\"event-wrapper\">\n\t\t\t\t<h5 class=\"title\"><a href=\"https:\/\/kenacademy.org\/en\/events\/ken-start-educatie-antreprenoriala-pentru-cei-mici\/\">KEN START \u2013 entrepreneurial education for the little ones<\/a><\/h5>\n\t\t\t\t<div class=\"meta\">\n\t\t\t\t\t<div class=\"time\">\n\t\t\t\t\t\t<i class=\"tk tk-clock\"><\/i>\n\t\t\t\t\t\t5:30 p.m. - 7:00 p.m\t\t\t\t\t<\/div>\n\t\t\t\t\t<div class=\"location\">\n\t\t\t\t\t\t<i class=\"tk tk-map-marker\"><\/i>\n\t\t\t\t\t\tRubik School, Strada R\u0103spantiilor no. 31\t\t\t\t\t<\/div>\n\t\t\t\t<\/div>\n\t\t\t<\/div>\n\t\t<\/div>\n\t\t\t\t<div class=\"item-event post-14074 tp_event type-tp_event status-publish has-post-thumbnail hentry tp_event_category-programe-educationale tp_event_category-programe-in-timpul-anului\">\n\t\t\t<div class=\"time-from\">\n\t\t\t\t\t\t\t\t<div class=\"date\">\n\t\t\t\t\t23\t\t\t\t<\/div>\n\t\t\t\t<div class=\"month\">\n\t\t\t\t\tNovember\t\t\t\t<\/div>\n\t\t\t\t\t\t\t<\/div>\n\t\t\t<div class=\"event-wrapper\">\n\t\t\t\t<h5 class=\"title\"><a href=\"https:\/\/kenacademy.org\/en\/events\/ken-money-atelier-de-educatie-financiara-pentru-oameni-mici-si-oameni-mari\/\">KEN MONEY Financial education workshop - for small people and big people<\/a><\/h5>\n\t\t\t\t<div class=\"meta\">\n\t\t\t\t\t<div class=\"time\">\n\t\t\t\t\t\t<i class=\"tk tk-clock\"><\/i>\n\t\t\t\t\t\t10:00 am - 11:30 am\t\t\t\t\t<\/div>\n\t\t\t\t\t<div class=\"location\">\n\t\t\t\t\t\t<i class=\"tk tk-map-marker\"><\/i>\n\t\t\t\t\t\t\t\t\t\t\t<\/div>\n\t\t\t\t<\/div>\n\t\t\t<\/div>\n\t\t<\/div>\n\t\t\t\t<div class=\"item-event post-13317 tp_event type-tp_event status-publish has-post-thumbnail hentry tp_event_category-programe-educationale tp_event_category-programe-in-timpul-anului\">\n\t\t\t<div class=\"time-from\">\n\t\t\t\t\t\t\t\t<div class=\"date\">\n\t\t\t\t\t31\t\t\t\t<\/div>\n\t\t\t\t<div class=\"month\">\n\t\t\t\t\tAugust\t\t\t\t<\/div>\n\t\t\t\t\t\t\t<\/div>\n\t\t\t<div class=\"event-wrapper\">\n\t\t\t\t<h5 class=\"title\"><a href=\"https:\/\/kenacademy.org\/en\/events\/atelier-gratuit-de-educatie-financiara-si-antreprenoriala-cu-ken-academy\/\">FREE KEN Academy Financial and Entrepreneurship Education Workshop<\/a><\/h5>\n\t\t\t\t<div class=\"meta\">\n\t\t\t\t\t<div class=\"time\">\n\t\t\t\t\t\t<i class=\"tk tk-clock\"><\/i>\n\t\t\t\t\t\t5:30 p.m. - 7:00 p.m\t\t\t\t\t<\/div>\n\t\t\t\t\t<div class=\"location\">\n\t\t\t\t\t\t<i class=\"tk tk-map-marker\"><\/i>\n\t\t\t\t\t\t\t\t\t\t\t<\/div>\n\t\t\t\t<\/div>\n\t\t\t<\/div>\n\t\t<\/div>\n\t\t\t\t<div class=\"item-event post-11702 tp_event type-tp_event status-publish has-post-thumbnail hentry tp_event_category-programe-educationale tp_event_category-programe-in-timpul-anului\">\n\t\t\t<div class=\"time-from\">\n\t\t\t\t\t\t\t\t<div class=\"date\">\n\t\t\t\t\t13\t\t\t\t<\/div>\n\t\t\t\t<div class=\"month\">\n\t\t\t\t\tJuly\t\t\t\t<\/div>\n\t\t\t\t\t\t\t<\/div>\n\t\t\t<div class=\"event-wrapper\">\n\t\t\t\t<h5 class=\"title\"><a href=\"https:\/\/kenacademy.org\/en\/events\/targurile-de-vanzare-ale-copiilor-anteprenori-la-promenada\/\">The sales fairs of children antepreneurs at the Promenade<\/a><\/h5>\n\t\t\t\t<div class=\"meta\">\n\t\t\t\t\t<div class=\"time\">\n\t\t\t\t\t\t<i class=\"tk tk-clock\"><\/i>\n\t\t\t\t\t\t11:00 am - 2:00 pm\t\t\t\t\t<\/div>\n\t\t\t\t\t<div class=\"location\">\n\t\t\t\t\t\t<i class=\"tk tk-map-marker\"><\/i>\n\t\t\t\t\t\t\t\t\t\t\t<\/div>\n\t\t\t\t<\/div>\n\t\t\t<\/div>\n\t\t<\/div>\n\t\t\t\t<div class=\"item-event post-11700 tp_event type-tp_event status-publish has-post-thumbnail hentry tp_event_category-programe-educationale tp_event_category-programe-in-timpul-anului\">\n\t\t\t<div class=\"time-from\">\n\t\t\t\t\t\t\t\t<div class=\"date\">\n\t\t\t\t\t09\t\t\t\t<\/div>\n\t\t\t\t<div class=\"month\">\n\t\t\t\t\tJune\t\t\t\t<\/div>\n\t\t\t\t\t\t\t<\/div>\n\t\t\t<div class=\"event-wrapper\">\n\t\t\t\t<h5 class=\"title\"><a href=\"https:\/\/kenacademy.org\/en\/events\/targ-de-vanzare-al-copiilor-antreprenori-la-diverta-lipscani\/\">Sales fair of Children Entrepreneurs at Diverta Lipscani<\/a><\/h5>\n\t\t\t\t<div class=\"meta\">\n\t\t\t\t\t<div class=\"time\">\n\t\t\t\t\t\t<i class=\"tk tk-clock\"><\/i>\n\t\t\t\t\t\t2:30 pm - 2:00 pm\t\t\t\t\t<\/div>\n\t\t\t\t\t<div class=\"location\">\n\t\t\t\t\t\t<i class=\"tk tk-map-marker\"><\/i>\n\t\t\t\t\t\tFun Lipscani\t\t\t\t\t<\/div>\n\t\t\t\t<\/div>\n\t\t\t<\/div>\n\t\t<\/div>\n\t\t\t\t<div class=\"item-event post-10698 tp_event type-tp_event status-publish has-post-thumbnail hentry tp_event_category-programe-educationale tp_event_category-programe-in-timpul-anului\">\n\t\t\t<div class=\"time-from\">\n\t\t\t\t\t\t\t\t<div class=\"date\">\n\t\t\t\t\t11\t\t\t\t<\/div>\n\t\t\t\t<div class=\"month\">\n\t\t\t\t\tJune\t\t\t\t<\/div>\n\t\t\t\t\t\t\t<\/div>\n\t\t\t<div class=\"event-wrapper\">\n\t\t\t\t<h5 class=\"title\"><a href=\"https:\/\/kenacademy.org\/en\/events\/program-de-educatie-financiara-si-antreprenoriala-ken-start-by-ken-academy\/\">KEN START FINANCIAL AND ENTREPRENEURIAL EDUCATION PROGRAM, by KEN Academy<\/a><\/h5>\n\t\t\t\t<div class=\"meta\">\n\t\t\t\t\t<div class=\"time\">\n\t\t\t\t\t\t<i class=\"tk tk-clock\"><\/i>\n\t\t\t\t\t\t6:00 p.m. - 7:00 p.m\t\t\t\t\t<\/div>\n\t\t\t\t\t<div class=\"location\">\n\t\t\t\t\t\t<i class=\"tk tk-map-marker\"><\/i>\n\t\t\t\t\t\t\t\t\t\t\t<\/div>\n\t\t\t\t<\/div>\n\t\t\t<\/div>\n\t\t<\/div>\n\t\t\t\t<div class=\"item-event post-10302 tp_event type-tp_event status-publish has-post-thumbnail hentry tp_event_category-programe-educationale tp_event_category-programe-in-timpul-anului\">\n\t\t\t<div class=\"time-from\">\n\t\t\t\t\t\t\t\t<div class=\"date\">\n\t\t\t\t\t24\t\t\t\t<\/div>\n\t\t\t\t<div class=\"month\">\n\t\t\t\t\tFebruary\t\t\t\t<\/div>\n\t\t\t\t\t\t\t<\/div>\n\t\t\t<div class=\"event-wrapper\">\n\t\t\t\t<h5 class=\"title\"><a href=\"https:\/\/kenacademy.org\/en\/events\/targul-de-martisor-al-copiilor-antreprenori\/\">The March Fair of Entrepreneurial Children<\/a><\/h5>\n\t\t\t\t<div class=\"meta\">\n\t\t\t\t\t<div class=\"time\">\n\t\t\t\t\t\t<i class=\"tk tk-clock\"><\/i>\n\t\t\t\t\t\t11:00 am - 5:00 pm\t\t\t\t\t<\/div>\n\t\t\t\t\t<div class=\"location\">\n\t\t\t\t\t\t<i class=\"tk tk-map-marker\"><\/i>\n\t\t\t\t\t\tPromenade Mall\t\t\t\t\t<\/div>\n\t\t\t\t<\/div>\n\t\t\t<\/div>\n\t\t<\/div>\n\t\t\t\t<div class=\"item-event post-9264 tp_event type-tp_event status-publish has-post-thumbnail hentry tp_event_category-programe-educationale tp_event_category-programe-in-timpul-anului\">\n\t\t\t<div class=\"time-from\">\n\t\t\t\t\t\t\t\t<div class=\"date\">\n\t\t\t\t\t15\t\t\t\t<\/div>\n\t\t\t\t<div class=\"month\">\n\t\t\t\t\tDecember\t\t\t\t<\/div>\n\t\t\t\t\t\t\t<\/div>\n\t\t\t<div class=\"event-wrapper\">\n\t\t\t\t<h5 class=\"title\"><a href=\"https:\/\/kenacademy.org\/en\/events\/targul-de-craciun-al-copiilor-antreprenori\/\">Christmas Fair of Entrepreneurial Children<\/a><\/h5>\n\t\t\t\t<div class=\"meta\">\n\t\t\t\t\t<div class=\"time\">\n\t\t\t\t\t\t<i class=\"tk tk-clock\"><\/i>\n\t\t\t\t\t\t10:00 am - 5:00 pm\t\t\t\t\t<\/div>\n\t\t\t\t\t<div class=\"location\">\n\t\t\t\t\t\t<i class=\"tk tk-map-marker\"><\/i>\n\t\t\t\t\t\t\t\t\t\t\t<\/div>\n\t\t\t\t<\/div>\n\t\t\t<\/div>\n\t\t<\/div>\n\t\t\t\t<div class=\"item-event post-8990 tp_event type-tp_event status-publish has-post-thumbnail hentry tp_event_category-programe-educationale tp_event_category-programe-in-timpul-anului\">\n\t\t\t<div class=\"time-from\">\n\t\t\t\t\t\t\t\t<div class=\"date\">\n\t\t\t\t\t21\t\t\t\t<\/div>\n\t\t\t\t<div class=\"month\">\n\t\t\t\t\tOctober\t\t\t\t<\/div>\n\t\t\t\t\t\t\t<\/div>\n\t\t\t<div class=\"event-wrapper\">\n\t\t\t\t<h5 class=\"title\"><a href=\"https:\/\/kenacademy.org\/en\/events\/punguta-cu-mai-mult-de-doi-bani-la-iasi\/\">The bag with (more) two pennies in Ia\u0219i<\/a><\/h5>\n\t\t\t\t<div class=\"meta\">\n\t\t\t\t\t<div class=\"time\">\n\t\t\t\t\t\t<i class=\"tk tk-clock\"><\/i>\n\t\t\t\t\t\t12:00 am - 12:00 am\t\t\t\t\t<\/div>\n\t\t\t\t\t<div class=\"location\">\n\t\t\t\t\t\t<i class=\"tk tk-map-marker\"><\/i>\n\t\t\t\t\t\tC\u0103rture\u015fti, Palas Mall Iasi.\t\t\t\t\t<\/div>\n\t\t\t\t<\/div>\n\t\t\t<\/div>\n\t\t<\/div>\n\t\t\t\t<div class=\"item-event post-8797 tp_event type-tp_event status-publish has-post-thumbnail hentry tp_event_category-programe-educationale tp_event_category-programe-in-timpul-anului\">\n\t\t\t<div class=\"time-from\">\n\t\t\t\t\t\t\t\t<div class=\"date\">\n\t\t\t\t\t04\t\t\t\t<\/div>\n\t\t\t\t<div class=\"month\">\n\t\t\t\t\tAugust\t\t\t\t<\/div>\n\t\t\t\t\t\t\t<\/div>\n\t\t\t<div class=\"event-wrapper\">\n\t\t\t\t<h5 class=\"title\"><a href=\"https:\/\/kenacademy.org\/en\/events\/targul-copiilor-antreprenori-la-promenada\/\">Children&#039;s Entrepreneurs Fair at the Promenade<\/a><\/h5>\n\t\t\t\t<div class=\"meta\">\n\t\t\t\t\t<div class=\"time\">\n\t\t\t\t\t\t<i class=\"tk tk-clock\"><\/i>\n\t\t\t\t\t\t11:00 am - 1:30 pm\t\t\t\t\t<\/div>\n\t\t\t\t\t<div class=\"location\">\n\t\t\t\t\t\t<i class=\"tk tk-map-marker\"><\/i>\n\t\t\t\t\t\tPromenade Mall\t\t\t\t\t<\/div>\n\t\t\t\t<\/div>\n\t\t\t<\/div>\n\t\t<\/div>\n\t\t\t\t<div class=\"item-event post-8697 tp_event type-tp_event status-publish has-post-thumbnail hentry tp_event_category-programe-educationale tp_event_category-programe-in-timpul-anului\">\n\t\t\t<div class=\"time-from\">\n\t\t\t\t\t\t\t\t<div class=\"date\">\n\t\t\t\t\t15\t\t\t\t<\/div>\n\t\t\t\t<div class=\"month\">\n\t\t\t\t\tMay\t\t\t\t<\/div>\n\t\t\t\t\t\t\t<\/div>\n\t\t\t<div class=\"event-wrapper\">\n\t\t\t\t<h5 class=\"title\"><a href=\"https:\/\/kenacademy.org\/en\/events\/ken-start\/\">KEN Start<\/a><\/h5>\n\t\t\t\t<div class=\"meta\">\n\t\t\t\t\t<div class=\"time\">\n\t\t\t\t\t\t<i class=\"tk tk-clock\"><\/i>\n\t\t\t\t\t\t12:00 am - 12:00 am\t\t\t\t\t<\/div>\n\t\t\t\t\t<div class=\"location\">\n\t\t\t\t\t\t<i class=\"tk tk-map-marker\"><\/i>\n\t\t\t\t\t\tKEN Academy\t\t\t\t\t<\/div>\n\t\t\t\t<\/div>\n\t\t\t<\/div>\n\t\t<\/div>\n\t\t\t\t<div class=\"item-event post-8695 tp_event type-tp_event status-publish has-post-thumbnail hentry tp_event_category-programe-educationale tp_event_category-programe-in-timpul-anului\">\n\t\t\t<div class=\"time-from\">\n\t\t\t\t\t\t\t\t<div class=\"date\">\n\t\t\t\t\t15\t\t\t\t<\/div>\n\t\t\t\t<div class=\"month\">\n\t\t\t\t\tJuly\t\t\t\t<\/div>\n\t\t\t\t\t\t\t<\/div>\n\t\t\t<div class=\"event-wrapper\">\n\t\t\t\t<h5 class=\"title\"><a href=\"https:\/\/kenacademy.org\/en\/events\/ken-money\/\">KEN Money<\/a><\/h5>\n\t\t\t\t<div class=\"meta\">\n\t\t\t\t\t<div class=\"time\">\n\t\t\t\t\t\t<i class=\"tk tk-clock\"><\/i>\n\t\t\t\t\t\t12:00 am - 12:00 am\t\t\t\t\t<\/div>\n\t\t\t\t\t<div class=\"location\">\n\t\t\t\t\t\t<i class=\"tk tk-map-marker\"><\/i>\n\t\t\t\t\t\tKEN Academy\t\t\t\t\t<\/div>\n\t\t\t\t<\/div>\n\t\t\t<\/div>\n\t\t<\/div>\n\t\t\t\t<div class=\"item-event post-8649 tp_event type-tp_event status-publish has-post-thumbnail hentry tp_event_category-programe-educationale tp_event_category-programe-in-timpul-anului\">\n\t\t\t<div class=\"time-from\">\n\t\t\t\t\t\t\t\t<div class=\"date\">\n\t\t\t\t\t14\t\t\t\t<\/div>\n\t\t\t\t<div class=\"month\">\n\t\t\t\t\tJuly\t\t\t\t<\/div>\n\t\t\t\t\t\t\t<\/div>\n\t\t\t<div class=\"event-wrapper\">\n\t\t\t\t<h5 class=\"title\"><a href=\"https:\/\/kenacademy.org\/en\/events\/targul-copiilor-antreprenori\/\">Children&#039;s Entrepreneurs Fair<\/a><\/h5>\n\t\t\t\t<div class=\"meta\">\n\t\t\t\t\t<div class=\"time\">\n\t\t\t\t\t\t<i class=\"tk tk-clock\"><\/i>\n\t\t\t\t\t\t10:30 am - 1:00 pm\t\t\t\t\t<\/div>\n\t\t\t\t\t<div class=\"location\">\n\t\t\t\t\t\t<i class=\"tk tk-map-marker\"><\/i>\n\t\t\t\t\t\tPromenade Mall\t\t\t\t\t<\/div>\n\t\t\t\t<\/div>\n\t\t\t<\/div>\n\t\t<\/div>\n\t\t\t\t<div class=\"item-event post-8361 tp_event type-tp_event status-publish has-post-thumbnail hentry tp_event_category-programe-educationale tp_event_category-programe-in-timpul-anului\">\n\t\t\t<div class=\"time-from\">\n\t\t\t\t\t\t\t\t<div class=\"date\">\n\t\t\t\t\t16\t\t\t\t<\/div>\n\t\t\t\t<div class=\"month\">\n\t\t\t\t\tSeptember\t\t\t\t<\/div>\n\t\t\t\t\t\t\t<\/div>\n\t\t\t<div class=\"event-wrapper\">\n\t\t\t\t<h5 class=\"title\"><a href=\"https:\/\/kenacademy.org\/en\/events\/ken-academy\/\">KEN Academy 2020 \u2013 2021<\/a><\/h5>\n\t\t\t\t<div class=\"meta\">\n\t\t\t\t\t<div class=\"time\">\n\t\t\t\t\t\t<i class=\"tk tk-clock\"><\/i>\n\t\t\t\t\t\t12:00 am - 12:00 am\t\t\t\t\t<\/div>\n\t\t\t\t\t<div class=\"location\">\n\t\t\t\t\t\t<i class=\"tk tk-map-marker\"><\/i>\n\t\t\t\t\t\t\t\t\t\t\t<\/div>\n\t\t\t\t<\/div>\n\t\t\t<\/div>\n\t\t<\/div>\n\t\t\t\t<div class=\"item-event post-8360 tp_event type-tp_event status-publish has-post-thumbnail hentry tp_event_category-programe-in-timpul-anului\">\n\t\t\t<div class=\"time-from\">\n\t\t\t\t\t\t\t\t<div class=\"date\">\n\t\t\t\t\t23\t\t\t\t<\/div>\n\t\t\t\t<div class=\"month\">\n\t\t\t\t\tJune\t\t\t\t<\/div>\n\t\t\t\t\t\t\t<\/div>\n\t\t\t<div class=\"event-wrapper\">\n\t\t\t\t<h5 class=\"title\"><a href=\"https:\/\/kenacademy.org\/en\/events\/anchor-group-cursuri-gratuite-de-educatie-financiara-si-antreprenoriala-pentru-copii-incep-atelierele-copilul-tau-antreprenor\/\">Anchor Group \u2013 Financial education and entrepreneurship courses for children. &quot;Your child entrepreneur&quot; workshops begin<\/a><\/h5>\n\t\t\t\t<div class=\"meta\">\n\t\t\t\t\t<div class=\"time\">\n\t\t\t\t\t\t<i class=\"tk tk-clock\"><\/i>\n\t\t\t\t\t\t12:00 am - 12:00 am\t\t\t\t\t<\/div>\n\t\t\t\t\t<div class=\"location\">\n\t\t\t\t\t\t<i class=\"tk tk-map-marker\"><\/i>\n\t\t\t\t\t\t\t\t\t\t\t<\/div>\n\t\t\t\t<\/div>\n\t\t\t<\/div>\n\t\t<\/div>\n\t\t\t\t<div class=\"item-event post-8359 tp_event type-tp_event status-publish has-post-thumbnail hentry tp_event_category-programe-in-timpul-anului\">\n\t\t\t<div class=\"time-from\">\n\t\t\t\t\t\t\t\t<div class=\"date\">\n\t\t\t\t\t26\t\t\t\t<\/div>\n\t\t\t\t<div class=\"month\">\n\t\t\t\t\tMay\t\t\t\t<\/div>\n\t\t\t\t\t\t\t<\/div>\n\t\t\t<div class=\"event-wrapper\">\n\t\t\t\t<h5 class=\"title\"><a href=\"https:\/\/kenacademy.org\/en\/events\/punguta-cu-mai-mult-de-doi-bani-ateliere-de-educatie-antreprenoriala-pentru-copii-la-carturesti-verona\/\">Purse with (more than) two bucks \u2013 Entrepreneurship education workshops for children in C\u0103rture\u015fti Verona<\/a><\/h5>\n\t\t\t\t<div class=\"meta\">\n\t\t\t\t\t<div class=\"time\">\n\t\t\t\t\t\t<i class=\"tk tk-clock\"><\/i>\n\t\t\t\t\t\t12:00 am - 12:00 am\t\t\t\t\t<\/div>\n\t\t\t\t\t<div class=\"location\">\n\t\t\t\t\t\t<i class=\"tk tk-map-marker\"><\/i>\n\t\t\t\t\t\t\t\t\t\t\t<\/div>\n\t\t\t\t<\/div>\n\t\t\t<\/div>\n\t\t<\/div>\n\t\t<\/div><\/div><\/div><\/div><\/div><\/div><\/div><\/div><\/div><\/div><\/div><\/div>","protected":false},"excerpt":{"rendered":"KEN Academy lanseaz\u0103 Atelierele independente de antreprenoriat \u0219i educa\u021bie financiar\u0103 pentru copii \u201cPungu\u021ba cu (mai mult de) doi bani\u201d la C\u0103rture\u0219ti Verona, \u00een fiecare s\u00e2mb\u0103t\u0103 din luna mai, respectiv pe &hellip;","protected":false},"author":1,"featured_media":0,"parent":0,"menu_order":36,"comment_status":"closed","ping_status":"closed","template":"","meta":[],"_links":{"self":[{"href":"https:\/\/kenacademy.org\/en\/wp-json\/wp\/v2\/pages\/8366"}],"collection":[{"href":"https:\/\/kenacademy.org\/en\/wp-json\/wp\/v2\/pages"}],"about":[{"href":"https:\/\/kenacademy.org\/en\/wp-json\/wp\/v2\/types\/page"}],"author":[{"embeddable":true,"href":"https:\/\/kenacademy.org\/en\/wp-json\/wp\/v2\/users\/1"}],"replies":[{"embeddable":true,"href":"https:\/\/kenacademy.org\/en\/wp-json\/wp\/v2\/comments?post=8366"}],"version-history":[{"count":0,"href":"https:\/\/kenacademy.org\/en\/wp-json\/wp\/v2\/pages\/8366\/revisions"}],"wp:attachment":[{"href":"https:\/\/kenacademy.org\/en\/wp-json\/wp\/v2\/media?parent=8366"}],"curies":[{"name":"wp","href":"https:\/\/api.w.org\/{rel}","templated":true}]}}