{"id":7984,"date":"2018-05-05T21:05:15","date_gmt":"2018-05-05T21:05:15","guid":{"rendered":"http:\/\/kenacademy.scoptop.com\/?page_id=7984"},"modified":"2024-04-07T15:56:59","modified_gmt":"2024-04-07T15:56:59","slug":"aparitii-media","status":"publish","type":"page","link":"https:\/\/kenacademy.org\/en\/aparitii-media\/","title":{"rendered":"Media appearances"},"content":{"rendered":"<div class=\"vc_row wpb_row vc_row-fluid vc_custom_1471278654421\"><div class=\"wpb_column vc_column_container vc_col-sm-12\"><div class=\"vc_column-inner\"><div class=\"wpb_wrapper\"><div class=\"thim-widget-portfolio template-base\">\t<div\n\t\tclass=\"wapper_portfolio style06 same all\">\n\t\t\n\t\t<div class=\"portfolio_column\">\n\t\t\t<ul class=\"content_portfolio style06\">\n\t\t\t\t<li data-color=\"\" class=\"element-item books  item_portfolio  three-col\" ><div class=\"portfolio-image\"><div class=\"img-portfolio\"><a href=\"https:\/\/kenacademy.org\/en\/portfolio\/ateliere-de-educatie-antreprenoriala-pentru-copii-la-iasi-punguta-cu-mai-mult-de-doi-bani-2\/\" title=\"Entrepreneurship education workshops for children in Iasi: Punguta with (more) than two money\"><img src=\"https:\/\/kenacademy.org\/wp-content\/uploads\/2018\/10\/Ateliere-Iasi-Vineri-480x320.jpg\" title=\"Entrepreneurship education workshops for children in Iasi: Punguta with (more) than two money\" alt=\"Ateliere de educa\u021bie antreprenorial\u0103 pentru copii la Ia\u0219i: Pungu\u021ba cu (mai mult) de doi bani\" \/><\/a><\/div><div class=\"portfolio-hover\" ><div class=\"thumb-bg\"><div class=\"mask-content\"><h3><a href=\"https:\/\/kenacademy.org\/en\/portfolio\/ateliere-de-educatie-antreprenoriala-pentru-copii-la-iasi-punguta-cu-mai-mult-de-doi-bani-2\/\" title=\"Entrepreneurship education workshops for children in Iasi: Punguta with (more) than two money\" >Entrepreneurship education workshops for children in Iasi: Punguta with (more) than two money<\/a><\/h3><div class=\"cat_portfolio\"><a href=\"https:\/\/kenacademy.org\/en\/portfolio_category\/books\/\">Media appearances<\/a><\/div><a href=\"https:\/\/kenacademy.org\/en\/portfolio\/ateliere-de-educatie-antreprenoriala-pentru-copii-la-iasi-punguta-cu-mai-mult-de-doi-bani-2\/\" title=\"Entrepreneurship education workshops for children in Iasi: Punguta with (more) than two money\" class=\"btn_zoom\" >View More<\/a><\/div><\/div><\/div><\/div><\/li>\n\t\t\t\t<li data-color=\"\" class=\"element-item books  item_portfolio  three-col\" ><div class=\"portfolio-image\"><div class=\"img-portfolio\"><a href=\"https:\/\/kenacademy.org\/en\/portfolio\/ateliere-de-educatie-antreprenoriala-pentru-copii-la-iasi-punguta-cu-mai-mult-de-doi-bani\/\" title=\"Entrepreneurship education workshops for children in Iasi: Punguta with (more) than two money\"><img src=\"https:\/\/kenacademy.org\/wp-content\/uploads\/2018\/10\/Ateliere-Iasi-480x320.jpg\" title=\"Entrepreneurship education workshops for children in Iasi: Punguta with (more) than two money\" alt=\"Ateliere de educa\u021bie antreprenorial\u0103 pentru copii la Ia\u0219i: Pungu\u021ba cu (mai mult) de doi bani\" \/><\/a><\/div><div class=\"portfolio-hover\" ><div class=\"thumb-bg\"><div class=\"mask-content\"><h3><a href=\"https:\/\/kenacademy.org\/en\/portfolio\/ateliere-de-educatie-antreprenoriala-pentru-copii-la-iasi-punguta-cu-mai-mult-de-doi-bani\/\" title=\"Entrepreneurship education workshops for children in Iasi: Punguta with (more) than two money\" >Entrepreneurship education workshops for children in Iasi: Punguta with (more) than two money<\/a><\/h3><div class=\"cat_portfolio\"><a href=\"https:\/\/kenacademy.org\/en\/portfolio_category\/books\/\">Media appearances<\/a><\/div><a href=\"https:\/\/kenacademy.org\/en\/portfolio\/ateliere-de-educatie-antreprenoriala-pentru-copii-la-iasi-punguta-cu-mai-mult-de-doi-bani\/\" title=\"Entrepreneurship education workshops for children in Iasi: Punguta with (more) than two money\" class=\"btn_zoom\" >View More<\/a><\/div><\/div><\/div><\/div><\/li>\n\t\t\t\t<li data-color=\"\" class=\"element-item books  item_portfolio  three-col\" ><div class=\"portfolio-image\"><div class=\"img-portfolio\"><a href=\"https:\/\/kenacademy.org\/en\/portfolio\/tabara-de-toamna-pentru-copii-ken-academy-organizeaza-aventuria-camp\/\" title=\"Autumn camp for children. KEN Academy organizes Aventuria Camp\"><img src=\"https:\/\/kenacademy.org\/wp-content\/uploads\/2018\/10\/Aventura-480x320.jpg\" title=\"Autumn camp for children. KEN Academy organizes Aventuria Camp\" alt=\"Tabara de toamna pentru copii. KEN Academy organizeaza Aventuria Camp\" \/><\/a><\/div><div class=\"portfolio-hover\" ><div class=\"thumb-bg\"><div class=\"mask-content\"><h3><a href=\"https:\/\/kenacademy.org\/en\/portfolio\/tabara-de-toamna-pentru-copii-ken-academy-organizeaza-aventuria-camp\/\" title=\"Autumn camp for children. KEN Academy organizes Aventuria Camp\" >Autumn camp for children. KEN Academy organizes Aventuria Camp<\/a><\/h3><div class=\"cat_portfolio\"><a href=\"https:\/\/kenacademy.org\/en\/portfolio_category\/books\/\">Media appearances<\/a><\/div><a href=\"https:\/\/kenacademy.org\/en\/portfolio\/tabara-de-toamna-pentru-copii-ken-academy-organizeaza-aventuria-camp\/\" title=\"Autumn camp for children. KEN Academy organizes Aventuria Camp\" class=\"btn_zoom\" >View More<\/a><\/div><\/div><\/div><\/div><\/li>\n\t\t\t\t<li data-color=\"\" class=\"element-item books  item_portfolio  three-col\" ><div class=\"portfolio-image\"><div class=\"img-portfolio\"><a href=\"https:\/\/kenacademy.org\/en\/portfolio\/targul-copiilor-antreprenori-revine-la-promenada-te-asteptam-cu-produse-homemade-realizate-de-copiii-din-ken-academy\/\" title=\"The Children&#039;s Entrepreneurs Fair returns to the Promenade. We are waiting for you with homemade products, made by the children of KEN Academy\"><img src=\"https:\/\/kenacademy.org\/wp-content\/uploads\/2018\/10\/Targul-copiilor-480x320.jpg\" title=\"The Children&#039;s Entrepreneurs Fair returns to the Promenade. We are waiting for you with homemade products, made by the children of KEN Academy\" alt=\"Targul Copiilor Antreprenori revine la Promenada. Te asteptam cu produse homemade, realizate de copiii din KEN Academy\" \/><\/a><\/div><div class=\"portfolio-hover\" ><div class=\"thumb-bg\"><div class=\"mask-content\"><h3><a href=\"https:\/\/kenacademy.org\/en\/portfolio\/targul-copiilor-antreprenori-revine-la-promenada-te-asteptam-cu-produse-homemade-realizate-de-copiii-din-ken-academy\/\" title=\"The Children&#039;s Entrepreneurs Fair returns to the Promenade. We are waiting for you with homemade products, made by the children of KEN Academy\" >The Children&#039;s Entrepreneurs Fair returns to the Promenade. We are waiting for you with homemade products, made by the children of KEN Academy<\/a><\/h3><div class=\"cat_portfolio\"><a href=\"https:\/\/kenacademy.org\/en\/portfolio_category\/books\/\">Media appearances<\/a><\/div><a href=\"https:\/\/kenacademy.org\/en\/portfolio\/targul-copiilor-antreprenori-revine-la-promenada-te-asteptam-cu-produse-homemade-realizate-de-copiii-din-ken-academy\/\" title=\"The Children&#039;s Entrepreneurs Fair returns to the Promenade. We are waiting for you with homemade products, made by the children of KEN Academy\" class=\"btn_zoom\" >View More<\/a><\/div><\/div><\/div><\/div><\/li>\n\t\t\t\t<li data-color=\"\" class=\"element-item books  item_portfolio  three-col\" ><div class=\"portfolio-image\"><div class=\"img-portfolio\"><a href=\"https:\/\/kenacademy.org\/en\/portfolio\/educatia-financiara-la-copii-cum-pot-invata-cei-mici-sa-foloseasca-banii\/\" title=\"Financial education for children. How can the little ones learn to use money\"><img src=\"https:\/\/kenacademy.org\/wp-content\/uploads\/2018\/05\/Antena-480x320.jpg\" title=\"Financial education for children. How can the little ones learn to use money\" alt=\"Educa\u0163ia financiar\u0103 la copii. Cum pot \u00eenv\u0103\u0163a cei mici s\u0103 foloseasc\u0103 banii\" \/><\/a><\/div><div class=\"portfolio-hover\" ><div class=\"thumb-bg\"><div class=\"mask-content\"><h3><a href=\"https:\/\/kenacademy.org\/en\/portfolio\/educatia-financiara-la-copii-cum-pot-invata-cei-mici-sa-foloseasca-banii\/\" title=\"Financial education for children. How can the little ones learn to use money\" >Financial education for children. How can the little ones learn to use money<\/a><\/h3><div class=\"cat_portfolio\"><a href=\"https:\/\/kenacademy.org\/en\/portfolio_category\/books\/\">Media appearances<\/a><\/div><a href=\"https:\/\/kenacademy.org\/en\/portfolio\/educatia-financiara-la-copii-cum-pot-invata-cei-mici-sa-foloseasca-banii\/\" title=\"Financial education for children. How can the little ones learn to use money\" class=\"btn_zoom\" >View More<\/a><\/div><\/div><\/div><\/div><\/li>\n\t\t\t\t<li data-color=\"\" class=\"element-item books  item_portfolio  three-col\" ><div class=\"portfolio-image\"><div class=\"img-portfolio\"><a href=\"https:\/\/kenacademy.org\/en\/portfolio\/lemon-coolers-gasca-de-copii-cool-cu-afacere-proprie-si-pagina-de-facebook\/\" title=\"Lemon Coolers \u2013 a group of cool kids with their own business and Facebook page\"><img src=\"https:\/\/kenacademy.org\/wp-content\/uploads\/2018\/05\/Lemon-Coolers8-480x320.jpg\" title=\"Lemon Coolers \u2013 a group of cool kids with their own business and Facebook page\" alt=\"Lemon Coolers &#8211; gasca de copii cool cu afacere proprie si pagina de Facebook\" \/><\/a><\/div><div class=\"portfolio-hover\" ><div class=\"thumb-bg\"><div class=\"mask-content\"><h3><a href=\"https:\/\/kenacademy.org\/en\/portfolio\/lemon-coolers-gasca-de-copii-cool-cu-afacere-proprie-si-pagina-de-facebook\/\" title=\"Lemon Coolers \u2013 a group of cool kids with their own business and Facebook page\" >Lemon Coolers \u2013 a group of cool kids with their own business and Facebook page<\/a><\/h3><div class=\"cat_portfolio\"><a href=\"https:\/\/kenacademy.org\/en\/portfolio_category\/books\/\">Media appearances<\/a><\/div><a href=\"https:\/\/kenacademy.org\/en\/portfolio\/lemon-coolers-gasca-de-copii-cool-cu-afacere-proprie-si-pagina-de-facebook\/\" title=\"Lemon Coolers \u2013 a group of cool kids with their own business and Facebook page\" class=\"btn_zoom\" >View More<\/a><\/div><\/div><\/div><\/div><\/li>\n\t\t\t\t<li data-color=\"\" class=\"element-item books  item_portfolio  three-col\" ><div class=\"portfolio-image\"><div class=\"img-portfolio\"><a href=\"https:\/\/kenacademy.org\/en\/portfolio\/incurajeaza-l-sa-stranga-bani-la-pusculita\/\" title=\"Encourage him to collect money in the piggy bank!\"><img src=\"https:\/\/kenacademy.org\/wp-content\/uploads\/2018\/05\/Click-480x320.jpg\" title=\"Encourage him to collect money in the piggy bank!\" alt=\"\u00cencurajeaz\u0103-l s\u0103 str\u00e2ng\u0103 bani la pu\u015fculi\u0163\u0103!\" \/><\/a><\/div><div class=\"portfolio-hover\" ><div class=\"thumb-bg\"><div class=\"mask-content\"><h3><a href=\"https:\/\/kenacademy.org\/en\/portfolio\/incurajeaza-l-sa-stranga-bani-la-pusculita\/\" title=\"Encourage him to collect money in the piggy bank!\" >Encourage him to collect money in the piggy bank!<\/a><\/h3><div class=\"cat_portfolio\"><a href=\"https:\/\/kenacademy.org\/en\/portfolio_category\/books\/\">Media appearances<\/a><\/div><a href=\"https:\/\/kenacademy.org\/en\/portfolio\/incurajeaza-l-sa-stranga-bani-la-pusculita\/\" title=\"Encourage him to collect money in the piggy bank!\" class=\"btn_zoom\" >View More<\/a><\/div><\/div><\/div><\/div><\/li>\n\t\t\t\t<li data-color=\"\" class=\"element-item books  item_portfolio  three-col\" ><div class=\"portfolio-image\"><div class=\"img-portfolio\"><a href=\"https:\/\/kenacademy.org\/en\/portfolio\/copiii-si-antreprenoriatul-cinci-moduri-in-care-ii-putem-pregati-pentru-o-societate-in-schimbare\/\" title=\"Children and entrepreneurship - Five ways in which we can prepare them for a changing society\"><img src=\"https:\/\/kenacademy.org\/wp-content\/uploads\/2018\/05\/ReplicaVedetelor-480x320.jpg\" title=\"Children and entrepreneurship - Five ways in which we can prepare them for a changing society\" alt=\"Copiii si antreprenoriatul &#8211; Cinci moduri in care ii putem pregati pentru o societate in schimbare\" \/><\/a><\/div><div class=\"portfolio-hover\" ><div class=\"thumb-bg\"><div class=\"mask-content\"><h3><a href=\"https:\/\/kenacademy.org\/en\/portfolio\/copiii-si-antreprenoriatul-cinci-moduri-in-care-ii-putem-pregati-pentru-o-societate-in-schimbare\/\" title=\"Children and entrepreneurship - Five ways in which we can prepare them for a changing society\" >Children and entrepreneurship - Five ways in which we can prepare them for a changing society<\/a><\/h3><div class=\"cat_portfolio\"><a href=\"https:\/\/kenacademy.org\/en\/portfolio_category\/books\/\">Media appearances<\/a><\/div><a href=\"https:\/\/kenacademy.org\/en\/portfolio\/copiii-si-antreprenoriatul-cinci-moduri-in-care-ii-putem-pregati-pentru-o-societate-in-schimbare\/\" title=\"Children and entrepreneurship - Five ways in which we can prepare them for a changing society\" class=\"btn_zoom\" >View More<\/a><\/div><\/div><\/div><\/div><\/li>\n\t\t\t\t<li data-color=\"\" class=\"element-item books  item_portfolio  three-col\" ><div class=\"portfolio-image\"><div class=\"img-portfolio\"><a href=\"https:\/\/kenacademy.org\/en\/portfolio\/psihologul-carmen-iorgulescu-moduri-in-care-ii-putem-pregati-pe-copii-pentru-o-societate-in-schimbare-citeste-mai-mult-adev-ro-p8vs1r\/\" title=\"Psychologist Carmen Iorgulescu: ways in which we can prepare children for a changing society Read more: adev.ro\/p8vs1r\"><img src=\"https:\/\/kenacademy.org\/wp-content\/uploads\/2018\/05\/Adevarul-480x320.jpg\" title=\"Psychologist Carmen Iorgulescu: ways in which we can prepare children for a changing society Read more: adev.ro\/p8vs1r\" alt=\"Psihologul Carmen Iorgulescu: moduri \u00een care \u00eei putem preg\u0103ti pe copii pentru o societate \u00een schimbare  Citeste mai mult: adev.ro\/p8vs1r\" \/><\/a><\/div><div class=\"portfolio-hover\" ><div class=\"thumb-bg\"><div class=\"mask-content\"><h3><a href=\"https:\/\/kenacademy.org\/en\/portfolio\/psihologul-carmen-iorgulescu-moduri-in-care-ii-putem-pregati-pe-copii-pentru-o-societate-in-schimbare-citeste-mai-mult-adev-ro-p8vs1r\/\" title=\"Psychologist Carmen Iorgulescu: ways in which we can prepare children for a changing society Read more: adev.ro\/p8vs1r\" >Psychologist Carmen Iorgulescu: ways in which we can prepare children for a changing society Read more: adev.ro\/p8vs1r<\/a><\/h3><div class=\"cat_portfolio\"><a href=\"https:\/\/kenacademy.org\/en\/portfolio_category\/books\/\">Media appearances<\/a><\/div><a href=\"https:\/\/kenacademy.org\/en\/portfolio\/psihologul-carmen-iorgulescu-moduri-in-care-ii-putem-pregati-pe-copii-pentru-o-societate-in-schimbare-citeste-mai-mult-adev-ro-p8vs1r\/\" title=\"Psychologist Carmen Iorgulescu: ways in which we can prepare children for a changing society Read more: adev.ro\/p8vs1r\" class=\"btn_zoom\" >View More<\/a><\/div><\/div><\/div><\/div><\/li>\n\t\t\t\t<li data-color=\"\" class=\"element-item books  item_portfolio  three-col\" ><div class=\"portfolio-image\"><div class=\"img-portfolio\"><a href=\"https:\/\/kenacademy.org\/en\/portfolio\/carmen-iorgulescu-vorbeste-despre-importanta-educatiei-financiare-la-copii\/\" title=\"Carmen Iorgulescu talks about the Importance of Financial Education for Children\"><img src=\"https:\/\/kenacademy.org\/wp-content\/uploads\/2018\/05\/Kids-480x320.jpg\" title=\"Carmen Iorgulescu talks about the Importance of Financial Education for Children\" alt=\"Carmen Iorgulescu vorbe\u0219te despre Importan\u021ba Educa\u021biei Financiare la Copii\" \/><\/a><\/div><div class=\"portfolio-hover\" ><div class=\"thumb-bg\"><div class=\"mask-content\"><h3><a href=\"https:\/\/kenacademy.org\/en\/portfolio\/carmen-iorgulescu-vorbeste-despre-importanta-educatiei-financiare-la-copii\/\" title=\"Carmen Iorgulescu talks about the Importance of Financial Education for Children\" >Carmen Iorgulescu talks about the Importance of Financial Education for Children<\/a><\/h3><div class=\"cat_portfolio\"><a href=\"https:\/\/kenacademy.org\/en\/portfolio_category\/books\/\">Media appearances<\/a><\/div><a href=\"https:\/\/kenacademy.org\/en\/portfolio\/carmen-iorgulescu-vorbeste-despre-importanta-educatiei-financiare-la-copii\/\" title=\"Carmen Iorgulescu talks about the Importance of Financial Education for Children\" class=\"btn_zoom\" >View More<\/a><\/div><\/div><\/div><\/div><\/li>\n\t\t\t\t<li data-color=\"\" class=\"element-item books  item_portfolio  three-col\" ><div class=\"portfolio-image\"><div class=\"img-portfolio\"><a href=\"https:\/\/kenacademy.org\/en\/portfolio\/carmen-iorgulescu-trainer-ken-academy-cum-sa-ne-incurajam-copiii-in-mici-proiecte-de-antreprenoriat\/\" title=\"Carmen Iorgulescu, Ken Academy trainer: How to encourage our children in small entrepreneurial projects\"><img src=\"https:\/\/kenacademy.org\/wp-content\/uploads\/2018\/05\/Cureirul-480x320.jpg\" title=\"Carmen Iorgulescu, Ken Academy trainer: How to encourage our children in small entrepreneurial projects\" alt=\"Carmen Iorgulescu, trainer Ken Academy: Cum s\u0103 ne \u00eencuraj\u0103m copiii \u00een mici proiecte de antreprenoriat\" \/><\/a><\/div><div class=\"portfolio-hover\" ><div class=\"thumb-bg\"><div class=\"mask-content\"><h3><a href=\"https:\/\/kenacademy.org\/en\/portfolio\/carmen-iorgulescu-trainer-ken-academy-cum-sa-ne-incurajam-copiii-in-mici-proiecte-de-antreprenoriat\/\" title=\"Carmen Iorgulescu, Ken Academy trainer: How to encourage our children in small entrepreneurial projects\" >Carmen Iorgulescu, Ken Academy trainer: How to encourage our children in small entrepreneurial projects<\/a><\/h3><div class=\"cat_portfolio\"><a href=\"https:\/\/kenacademy.org\/en\/portfolio_category\/books\/\">Media appearances<\/a><\/div><a href=\"https:\/\/kenacademy.org\/en\/portfolio\/carmen-iorgulescu-trainer-ken-academy-cum-sa-ne-incurajam-copiii-in-mici-proiecte-de-antreprenoriat\/\" title=\"Carmen Iorgulescu, Ken Academy trainer: How to encourage our children in small entrepreneurial projects\" class=\"btn_zoom\" >View More<\/a><\/div><\/div><\/div><\/div><\/li>\n\t\t\t\t<li data-color=\"\" class=\"element-item books  item_portfolio  three-col\" ><div class=\"portfolio-image\"><div class=\"img-portfolio\"><a href=\"https:\/\/kenacademy.org\/en\/portfolio\/copiii-si-antreprenoriatul-cum-incepem-sa-i-pregatim-pentru-o-societate-mereu-in-schimbare\/\" title=\"Children and entrepreneurship. How do we begin to prepare them for an ever-changing society?\"><img src=\"https:\/\/kenacademy.org\/wp-content\/uploads\/2018\/05\/Centrul-480x320.jpg\" title=\"Children and entrepreneurship. How do we begin to prepare them for an ever-changing society?\" alt=\"Copiii si antreprenoriatul. Cum incepem sa-i pregatim pentru o societate mereu in schimbare?\" \/><\/a><\/div><div class=\"portfolio-hover\" ><div class=\"thumb-bg\"><div class=\"mask-content\"><h3><a href=\"https:\/\/kenacademy.org\/en\/portfolio\/copiii-si-antreprenoriatul-cum-incepem-sa-i-pregatim-pentru-o-societate-mereu-in-schimbare\/\" title=\"Children and entrepreneurship. How do we begin to prepare them for an ever-changing society?\" >Children and entrepreneurship. How do we begin to prepare them for an ever-changing society?<\/a><\/h3><div class=\"cat_portfolio\"><a href=\"https:\/\/kenacademy.org\/en\/portfolio_category\/books\/\">Media appearances<\/a><\/div><a href=\"https:\/\/kenacademy.org\/en\/portfolio\/copiii-si-antreprenoriatul-cum-incepem-sa-i-pregatim-pentru-o-societate-mereu-in-schimbare\/\" title=\"Children and entrepreneurship. How do we begin to prepare them for an ever-changing society?\" class=\"btn_zoom\" >View More<\/a><\/div><\/div><\/div><\/div><\/li>\n\t\t\t\t<li data-color=\"\" class=\"element-item books  item_portfolio  three-col\" ><div class=\"portfolio-image\"><div class=\"img-portfolio\"><a href=\"https:\/\/kenacademy.org\/en\/portfolio\/cursuri-gratuite-de-educatie-financiara-si-antreprenoriala-pentru-copii-la-plaza-romania-3\/\" title=\"Free financial and entrepreneurial education courses for children at Plaza Romania\"><img src=\"https:\/\/kenacademy.org\/wp-content\/uploads\/2018\/05\/Eva-480x320.jpg\" title=\"Free financial and entrepreneurial education courses for children at Plaza Romania\" alt=\"Cursuri gratuite de educa\u021bie financiar\u0103 \u0219i antreprenorial\u0103 pentru copii La Plaza Romania\" \/><\/a><\/div><div class=\"portfolio-hover\" ><div class=\"thumb-bg\"><div class=\"mask-content\"><h3><a href=\"https:\/\/kenacademy.org\/en\/portfolio\/cursuri-gratuite-de-educatie-financiara-si-antreprenoriala-pentru-copii-la-plaza-romania-3\/\" title=\"Free financial and entrepreneurial education courses for children at Plaza Romania\" >Free financial and entrepreneurial education courses for children at Plaza Romania<\/a><\/h3><div class=\"cat_portfolio\"><a href=\"https:\/\/kenacademy.org\/en\/portfolio_category\/books\/\">Media appearances<\/a><\/div><a href=\"https:\/\/kenacademy.org\/en\/portfolio\/cursuri-gratuite-de-educatie-financiara-si-antreprenoriala-pentru-copii-la-plaza-romania-3\/\" title=\"Free financial and entrepreneurial education courses for children at Plaza Romania\" class=\"btn_zoom\" >View More<\/a><\/div><\/div><\/div><\/div><\/li>\n\t\t\t\t<li data-color=\"\" class=\"element-item books  item_portfolio  three-col\" ><div class=\"portfolio-image\"><div class=\"img-portfolio\"><a href=\"https:\/\/kenacademy.org\/en\/portfolio\/cursuri-gratuite-de-educatie-financiara-si-antreprenoriala-pentru-copii-la-plaza-romania-2\/\" title=\"Free financial and entrepreneurial education courses for children at Plaza Romania\"><img src=\"https:\/\/kenacademy.org\/wp-content\/uploads\/2018\/05\/ISS-480x320.jpg\" title=\"Free financial and entrepreneurial education courses for children at Plaza Romania\" alt=\"Cursuri gratuite de educatie financiara si antreprenoriala pentru copii la Plaza Romania\" \/><\/a><\/div><div class=\"portfolio-hover\" ><div class=\"thumb-bg\"><div class=\"mask-content\"><h3><a href=\"https:\/\/kenacademy.org\/en\/portfolio\/cursuri-gratuite-de-educatie-financiara-si-antreprenoriala-pentru-copii-la-plaza-romania-2\/\" title=\"Free financial and entrepreneurial education courses for children at Plaza Romania\" >Free financial and entrepreneurial education courses for children at Plaza Romania<\/a><\/h3><div class=\"cat_portfolio\"><a href=\"https:\/\/kenacademy.org\/en\/portfolio_category\/books\/\">Media appearances<\/a><\/div><a href=\"https:\/\/kenacademy.org\/en\/portfolio\/cursuri-gratuite-de-educatie-financiara-si-antreprenoriala-pentru-copii-la-plaza-romania-2\/\" title=\"Free financial and entrepreneurial education courses for children at Plaza Romania\" class=\"btn_zoom\" >View More<\/a><\/div><\/div><\/div><\/div><\/li>\n\t\t\t\t<li data-color=\"\" class=\"element-item books  item_portfolio  three-col\" ><div class=\"portfolio-image\"><div class=\"img-portfolio\"><a href=\"https:\/\/kenacademy.org\/en\/portfolio\/cursuri-gratuite-de-educatie-financiara-si-antreprenoriala-pentru-copii-la-plaza-romania\/\" title=\"Free financial and entrepreneurial education courses for children at Plaza Romania\"><img src=\"https:\/\/kenacademy.org\/wp-content\/uploads\/2018\/05\/IQol-480x320.jpg\" title=\"Free financial and entrepreneurial education courses for children at Plaza Romania\" alt=\"Cursuri gratuite de educa\u021bie financiar\u0103 \u0219i antreprenorial\u0103 pentru copii la Plaza Rom\u00e2nia\" \/><\/a><\/div><div class=\"portfolio-hover\" ><div class=\"thumb-bg\"><div class=\"mask-content\"><h3><a href=\"https:\/\/kenacademy.org\/en\/portfolio\/cursuri-gratuite-de-educatie-financiara-si-antreprenoriala-pentru-copii-la-plaza-romania\/\" title=\"Free financial and entrepreneurial education courses for children at Plaza Romania\" >Free financial and entrepreneurial education courses for children at Plaza Romania<\/a><\/h3><div class=\"cat_portfolio\"><a href=\"https:\/\/kenacademy.org\/en\/portfolio_category\/books\/\">Media appearances<\/a><\/div><a href=\"https:\/\/kenacademy.org\/en\/portfolio\/cursuri-gratuite-de-educatie-financiara-si-antreprenoriala-pentru-copii-la-plaza-romania\/\" title=\"Free financial and entrepreneurial education courses for children at Plaza Romania\" class=\"btn_zoom\" >View More<\/a><\/div><\/div><\/div><\/div><\/li>\n\t\t\t\t\t\t\t<\/ul>\n\t\t\t\t\t<\/div>\n\t<\/div>\n\t<!-- .wapper portfolio -->\n<\/div><\/div><\/div><\/div><\/div>","protected":false},"excerpt":{"rendered":"&quot;Your child, entrepreneur&quot; workshops begin Plaza Romania and Ken ACADEMY organize &quot;Your child, entrepreneur&quot;, free financial and entrepreneurial education courses for children between the ages of 9 and 12. \u2026","protected":false},"author":1,"featured_media":0,"parent":0,"menu_order":16,"comment_status":"closed","ping_status":"closed","template":"","meta":[],"_links":{"self":[{"href":"https:\/\/kenacademy.org\/en\/wp-json\/wp\/v2\/pages\/7984"}],"collection":[{"href":"https:\/\/kenacademy.org\/en\/wp-json\/wp\/v2\/pages"}],"about":[{"href":"https:\/\/kenacademy.org\/en\/wp-json\/wp\/v2\/types\/page"}],"author":[{"embeddable":true,"href":"https:\/\/kenacademy.org\/en\/wp-json\/wp\/v2\/users\/1"}],"replies":[{"embeddable":true,"href":"https:\/\/kenacademy.org\/en\/wp-json\/wp\/v2\/comments?post=7984"}],"version-history":[{"count":0,"href":"https:\/\/kenacademy.org\/en\/wp-json\/wp\/v2\/pages\/7984\/revisions"}],"wp:attachment":[{"href":"https:\/\/kenacademy.org\/en\/wp-json\/wp\/v2\/media?parent=7984"}],"curies":[{"name":"wp","href":"https:\/\/api.w.org\/{rel}","templated":true}]}}