{"id":53144,"date":"2024-09-06T08:08:44","date_gmt":"2024-09-06T08:08:44","guid":{"rendered":"https:\/\/kenacademy.org\/?page_id=53144"},"modified":"2025-09-01T11:26:57","modified_gmt":"2025-09-01T11:26:57","slug":"ken-entrepreneurial-abilities-business-online","status":"publish","type":"page","link":"https:\/\/kenacademy.org\/en\/ken-entrepreneurial-abilities-business-online\/","title":{"rendered":"KEN Entrepreneurial Abilities &#038; Business ONLINE"},"content":{"rendered":"<div class=\"vc_row wpb_row vc_row-fluid vc_custom_1599516932183 vc_row-o-content-middle vc_row-flex\"><div class=\"wpb_column vc_column_container vc_col-sm-12\"><div class=\"vc_column-inner\"><div class=\"wpb_wrapper\">\n\t<div  class=\"wpb_single_image wpb_content_element vc_align_center\">\n\t\t\n\t\t<figure class=\"wpb_wrapper vc_figure\">\n\t\t\t<div class=\"vc_single_image-wrapper   vc_box_border_grey\"><img width=\"929\" height=\"523\" src=\"https:\/\/kenacademy.org\/wp-content\/uploads\/2025\/08\/Early_Online.png\" class=\"vc_single_image-img attachment-full\" alt=\"\" decoding=\"async\" loading=\"lazy\" srcset=\"https:\/\/kenacademy.org\/wp-content\/uploads\/2025\/08\/Early_Online.png 929w, https:\/\/kenacademy.org\/wp-content\/uploads\/2025\/08\/Early_Online-300x169.png 300w, https:\/\/kenacademy.org\/wp-content\/uploads\/2025\/08\/Early_Online-768x432.png 768w, https:\/\/kenacademy.org\/wp-content\/uploads\/2025\/08\/Early_Online-18x10.png 18w\" sizes=\"(max-width: 929px) 100vw, 929px\" \/><\/div>\n\t\t<\/figure>\n\t<\/div>\n<div class=\"vc_row wpb_row vc_inner vc_row-fluid vc_custom_1628928957286\"><div class=\"wpb_column vc_column_container vc_col-sm-12\"><div class=\"vc_column-inner\"><div class=\"wpb_wrapper\">\n\t<div class=\"wpb_text_column wpb_content_element\" >\n\t\t<div class=\"wpb_wrapper\">\n\t\t\t<p><span style=\"color: #00ccb3;\"><strong>Programul educa\u021bional KEN Entrepreneurial Abilities &amp; Business ONLINE<\/strong><\/span> este g\u00e2ndit ca o c\u0103l\u0103torie de 9 luni, \u00een care copiii devin familiariza\u021bi cu modul de <strong>organizare \u0219i gestionare a unei afaceri<\/strong> \u0219i \u00eenv\u0103\u021b\u0103 s\u0103-\u0219i construiasc\u0103 propria afacere. Copiii devin familiariza\u021bi cu conceptele de baz\u0103 ale unei afaceri \u0219i afl\u0103 c\u0103 pot dezvolta proiecte antreprenoriale din care c\u00e2\u0219tig\u0103 bani. \u00cen plus, \u00eei ajut\u0103 pe copii s\u0103-\u0219i dezvolte o serie de <strong>entrepreneurial skills<\/strong> \u0219i cuno\u0219tin\u021be care \u00eei vor ajuta \u00een via\u021ba real\u0103.<\/p>\n<p><span style=\"color: #ff0000;\"><strong>\u00cen anul \u0219colar 2025 &#8211; 2026 ai 5% REDUCERE EARLY BIRD, dac\u0103 achi\u021bi avansul p\u00e2n\u0103 pe 1 septembrie!<\/strong><\/span><\/p>\n\n\t\t<\/div>\n\t<\/div>\n<\/div><\/div><\/div><\/div><div class=\"vc_row wpb_row vc_inner vc_row-fluid vc_custom_1628928998496\"><div class=\"wpb_column vc_column_container vc_col-sm-12\"><div class=\"vc_column-inner\"><div class=\"wpb_wrapper\"><div class=\"thim-widget-heading template-base\"><div class=\"sc_heading\"><h2 style=\"color:#2f3056;\" class=\"title\">Why choose this program?<\/h2><span style=\"background-color:#00ccb3\" class=\"line\"><\/span><\/div><\/div>\n\t<div class=\"wpb_text_column wpb_content_element\" >\n\t\t<div class=\"wpb_wrapper\">\n\t\t\t<ul>\n<li><span style=\"color: #14143e;\">it offers a<strong> PRACTICAL CURRICULUM<\/strong>. Because we want the little ones to acquire skills and develop skills, not just retain information, we have opted for an educational program that is as applied and pragmatic as possible, even if it is online.<\/span>\n<ul>\n<li><span style=\"color: #14143e;\">5 Special Guests \u2013 <strong>entrepreneurs and specialists<\/strong> who share from their direct experience<\/span><\/li>\n<li><span style=\"color: #14143e;\">real case studies \u2013 brought by companies \/ entrepreneurs<\/span><\/li>\n<li><span style=\"color: #14143e;\">interactive activities and games adapted to their age<\/span><\/li>\n<\/ul>\n<\/li>\n<li><span style=\"color: #14143e;\">your child discovers who they are <strong>THE STRONG POINTS<\/strong> and develops a series of <strong>ENTREPRENEURIAL SKILLS<\/strong> which will give him self-confidence and courage<\/span><\/li>\n<li><span style=\"color: #14143e;\">your child becomes familiar with <strong>BASIC CONCEPTS OF A BUSINESS<\/strong> and understands that he can develop projects<\/span><\/li>\n<li><span style=\"color: #14143e;\">at the end of the program, the children will build a <strong>BUSINESS PLANS<\/strong> and will present it to a jury of entrepreneurs<\/span><\/li>\n<li aria-level=\"1\">develop\u00a0<b>essential skills and knowledge<\/b>, which our children need, no matter what they choose to do in life. The goal is not to become an entrepreneur and necessarily have your own business, but rather to get by in life, to be\u00a0<b>THE ENTREPRENEUR OF YOUR OWN LIFE<\/b>. To be able to choose, to be able to adapt, to be able to make decisions wisely, to have the confidence to go in the desired direction.<\/li>\n<li><span style=\"color: #14143e;\">because it is held throughout the<strong> SCHOOL YEAR<\/strong>, to ensure maturity and coherence of the educational process, as well as the acquisition by the child of a set of solid skills<\/span><\/li>\n<li><span style=\"color: #14143e;\">It is <strong>ONLINE<\/strong> and so city or traffic limits are no longer a problem! Living children can join <strong>in any city in Romania and even in the world<\/strong>! The classrooms are on the Zoom and Google classroom platforms.<\/span><\/li>\n<li><span style=\"color: #14143e;\">this program can be completed in the language <strong>ENGLISH<\/strong> or in the language <strong>ENGLISH<\/strong>. Thus, your child can also practice his English while learning business.<\/span><\/li>\n<\/ul>\n\n\t\t<\/div>\n\t<\/div>\n<div class=\"thim-widget-heading template-base\"><div class=\"sc_heading\"><h2 style=\"color:#2f3056;\" class=\"title\">Who is this program suitable for?<\/h2><span style=\"background-color:#00ccb3\" class=\"line\"><\/span><\/div><\/div>\n\t<div class=\"wpb_text_column wpb_content_element\" >\n\t\t<div class=\"wpb_wrapper\">\n\t\t\t<ul>\n<li><span style=\"color: #000000;\">For <strong>all<\/strong> <strong>the parents<\/strong> who want children who are happy, adaptable, self-confident, financially independent and who can turn their dreams into real entrepreneurial ventures.<\/span><\/li>\n<li><span style=\"color: #000000;\">For <strong>all the children<\/strong> who are brave and entrepreneurial, who want to make their own way in life, have project ideas and initiative. For those who dream of starting a business or who simply want to be smart consumers.<\/span><\/li>\n<\/ul>\n\n\t\t<\/div>\n\t<\/div>\n\n\t<div  class=\"wpb_single_image wpb_content_element vc_align_center\">\n\t\t\n\t\t<figure class=\"wpb_wrapper vc_figure\">\n\t\t\t<div class=\"vc_single_image-wrapper   vc_box_border_grey\"><img width=\"1920\" height=\"1080\" src=\"https:\/\/kenacademy.org\/wp-content\/uploads\/2020\/09\/ken-business-2.jpg\" class=\"vc_single_image-img attachment-full\" alt=\"\" decoding=\"async\" loading=\"lazy\" srcset=\"https:\/\/kenacademy.org\/wp-content\/uploads\/2020\/09\/ken-business-2.jpg 1920w, https:\/\/kenacademy.org\/wp-content\/uploads\/2020\/09\/ken-business-2-300x169.jpg 300w, https:\/\/kenacademy.org\/wp-content\/uploads\/2020\/09\/ken-business-2-1024x576.jpg 1024w, https:\/\/kenacademy.org\/wp-content\/uploads\/2020\/09\/ken-business-2-768x432.jpg 768w, https:\/\/kenacademy.org\/wp-content\/uploads\/2020\/09\/ken-business-2-1536x864.jpg 1536w, https:\/\/kenacademy.org\/wp-content\/uploads\/2020\/09\/ken-business-2-18x10.jpg 18w\" sizes=\"(max-width: 1920px) 100vw, 1920px\" \/><\/div>\n\t\t<\/figure>\n\t<\/div>\n<\/div><\/div><\/div><\/div><div class=\"vc_row wpb_row vc_inner vc_row-fluid vc_custom_1599493969390 vc_row-o-content-middle vc_row-flex\"><div class=\"wpb_column vc_column_container vc_col-sm-2\"><div class=\"vc_column-inner\"><div class=\"wpb_wrapper\"><\/div><\/div><\/div><div class=\"wpb_column vc_column_container vc_col-sm-3\"><div class=\"vc_column-inner\"><div class=\"wpb_wrapper\"><div class=\"vc_empty_space\"   style=\"height: 50px\"><span class=\"vc_empty_space_inner\"><\/span><\/div>\n\t<div  class=\"wpb_single_image wpb_content_element vc_align_left\">\n\t\t\n\t\t<figure class=\"wpb_wrapper vc_figure\">\n\t\t\t<div class=\"vc_single_image-wrapper   vc_box_border_grey\"><img class=\"vc_single_image-img\" src=\"https:\/\/kenacademy.org\/wp-content\/uploads\/2020\/09\/ken-business-icon-e1599493838227.png\" width=\"200\" height=\"252\" alt=\"ken-business-icon\" title=\"ken-business-icon\" \/><\/div>\n\t\t<\/figure>\n\t<\/div>\n<\/div><\/div><\/div><div class=\"wpb_column vc_column_container vc_col-sm-6\"><div class=\"vc_column-inner\"><div class=\"wpb_wrapper\"><div class=\"thim-widget-heading template-base\"><div class=\"sc_heading\"><h2 style=\"color:#2f3056;\" class=\"title\">What is your child learning?<\/h2><span style=\"background-color:#00ccb3\" class=\"line\"><\/span><\/div><\/div>\n\t<div class=\"wpb_text_column wpb_content_element\" >\n\t\t<div class=\"wpb_wrapper\">\n\t\t\t<ul>\n<li style=\"font-weight: 400;\" aria-level=\"1\"><span style=\"font-weight: 400;\">what am I <\/span><b>the money<\/b><span style=\"font-weight: 400;\"> and how he can organize them <\/span><b>responsive <\/b><span style=\"font-weight: 400;\">and <\/span><b>manage effectively<\/b><\/li>\n<li style=\"font-weight: 400;\" aria-level=\"1\"><span style=\"font-weight: 400;\">what is a <\/span><b>entrepreneur<\/b><span style=\"font-weight: 400;\">: how he thinks and what key skills he has<\/span><\/li>\n<li style=\"font-weight: 400;\" aria-level=\"1\"><span style=\"font-weight: 400;\">what is a<\/span><b> business <\/b><span style=\"font-weight: 400;\">\u00a0<\/span><\/li>\n<li style=\"font-weight: 400;\" aria-level=\"1\"><span style=\"font-weight: 400;\">Which are <\/span><b>the basics of a business <\/b><span style=\"font-weight: 400;\">(product, promotion, price, location)<\/span><\/li>\n<li style=\"font-weight: 400;\" aria-level=\"1\"><span style=\"font-weight: 400;\">a set of <\/span><b>entrepreneurial skills<\/b><span style=\"font-weight: 400;\"> essentials:<\/span>\n<ul>\n<li style=\"font-weight: 400;\" aria-level=\"2\"><span style=\"font-weight: 400;\">team work<\/span><\/li>\n<li style=\"font-weight: 400;\" aria-level=\"2\"><span style=\"font-weight: 400;\">presentation and communication skills<\/span><\/li>\n<li style=\"font-weight: 400;\" aria-level=\"2\"><span style=\"font-weight: 400;\">selling techniques<\/span><\/li>\n<li style=\"font-weight: 400;\" aria-level=\"2\"><span style=\"font-weight: 400;\">creative thinking through brainstorming<\/span><\/li>\n<li style=\"font-weight: 400;\" aria-level=\"2\"><span style=\"font-weight: 400;\">setting goals<\/span><\/li>\n<\/ul>\n<\/li>\n<li style=\"font-weight: 400;\" aria-level=\"1\"><span style=\"font-weight: 400;\">have their first sales experiences, and from one event to another, they go from an intuitive to a conscious sale<\/span><\/li>\n<li style=\"font-weight: 400;\" aria-level=\"1\"><span style=\"font-weight: 400;\">they are exposed to interaction with the market and thus develop their initiative, autonomy and self-confidence<\/span><\/li>\n<li aria-level=\"1\">Cursul include\u00a0informa\u021bii din modulele KEN Leader\u2019s Mindset, KEN Money, KEN NLP for Success, KEN Social Media &amp; Personal Branding, KEN Talk.<\/li>\n<\/ul>\n\n\t\t<\/div>\n\t<\/div>\n<\/div><\/div><\/div><\/div><div class=\"vc_row wpb_row vc_inner vc_row-fluid vc_row-o-content-middle vc_row-flex\"><div class=\"wpb_column vc_column_container vc_col-sm-12\"><div class=\"vc_column-inner\"><div class=\"wpb_wrapper\"><div class=\"thim-widget-heading template-base\"><div class=\"sc_heading\"><h2 style=\"color:#2f3056;\" class=\"title\">Organizational details<\/h2><span style=\"background-color:#00ccb3\" class=\"line\"><\/span><\/div><\/div>\n\t<div class=\"wpb_text_column wpb_content_element\" >\n\t\t<div class=\"wpb_wrapper\">\n\t\t\t<p><span style=\"font-weight: 400; color: #000000;\">Programul se desf\u0103\u0219oar\u0103 pe parcursul \u00eentregului an \u0219colar 2025- 2026:<\/span><\/p>\n<ul>\n<li style=\"font-weight: 400;\" aria-level=\"1\"><span style=\"color: #000000;\"><span style=\"font-weight: 400;\">the course takes place during <\/span><b>22.09.2025 &#8211; 19.06.2026<\/b><\/span><\/li>\n<li style=\"font-weight: 400;\" aria-level=\"1\"><span style=\"color: #000000;\"><span style=\"font-weight: 400;\">The program contains<\/span><b> 35 sesiuni:<\/b><\/span>\n<ul>\n<li style=\"font-weight: 400;\" aria-level=\"2\"><span style=\"color: #000000;\"><b>28 sesiuni live online cu un trainer KEN<\/b><span style=\"font-weight: 400;\">\u00a0for 75 minutes, once a week<\/span><\/span><\/li>\n<li aria-level=\"2\"><strong>5 sesiuni cu invita\u021bi antreprenori sau speciali\u0219ti \u00een business.<\/strong><\/li>\n<li style=\"font-weight: 400;\" aria-level=\"2\"><span style=\"color: #000000;\"><b>2 fairs for sale<\/b><span style=\"font-weight: 400;\"> organized in Bucharest, on weekends, with a duration of 150 minutes<\/span><\/span><\/li>\n<\/ul>\n<\/li>\n<li style=\"font-weight: 400;\" aria-level=\"1\"><span style=\"color: #000000;\"><span style=\"font-weight: 400;\">groups are made up of <\/span><b>minimum 8 participan\u021bi<\/b><\/span><\/li>\n<li style=\"font-weight: 400;\" aria-level=\"1\"><span style=\"color: #000000;\"><span style=\"font-weight: 400;\">the age categories are <\/span><b>8 \u2013 13 ani<\/b><\/span><\/li>\n<li style=\"font-weight: 400;\" aria-level=\"1\"><span style=\"font-weight: 400; color: #000000;\">children receive a Learning Journal with resources and worksheets<\/span><\/li>\n<li style=\"font-weight: 400;\" aria-level=\"1\"><span style=\"font-weight: 400; color: #000000;\">the teaching platform used is Zoom<\/span><\/li>\n<\/ul>\n<p style=\"text-align: center;\"><span style=\"color: #000000;\">Registration and details at: <a style=\"color: #000000;\" href=\"mailto:carmeniorgulescu@kenacademy.org\">carmeniorgulescu@kenacademy.org<\/a> \/ <a style=\"color: #000000;\" href=\"tel:0723.600.341\">0723.600.341 <\/a><\/span><\/p>\n<p style=\"text-align: center;\">\u00censcrierea \u00een modul este condi\u021bionat\u0103 de semnarea contractului \u0219i achitarea unui avans de 5%. Suma Poate fi achitat\u0103 integral cu 5% reducere sau \u00een 3 rate egale.<\/p>\n<p style=\"text-align: center;\"><span style=\"color: #ff0000;\"><strong>\u00cen anul \u0219colar 2025 &#8211; 2026 ai 5% REDUCERE EARLY BIRD, dac\u0103 achi\u021bi avansul p\u00e2n\u0103 pe 1 septembrie!<\/strong><\/span><\/p>\n\n\t\t<\/div>\n\t<\/div>\n<div class=\"thim-widget-heading template-base\"><div class=\"sc_heading  text-center\"><h2 style=\"color:#2f3056;font-size:14px;font-weight:bold;\" class=\"title\">Complete the registration form!<\/h2><span style=\"background-color:#00ccb3\" class=\"line\"><\/span><\/div><\/div>\n<div class=\"wpcf7 no-js\" id=\"wpcf7-f53143-o1\" lang=\"en-US\" dir=\"ltr\">\n<div class=\"screen-reader-response\"><p role=\"status\" aria-live=\"polite\" aria-atomic=\"true\"><\/p> <ul><\/ul><\/div>\n<form action=\"\/en\/wp-json\/wp\/v2\/pages\/53144#wpcf7-f53143-o1\" method=\"post\" class=\"wpcf7-form init\" aria-label=\"Contact form\" novalidate=\"novalidate\" data-status=\"init\" data-trp-original-action=\"\/en\/wp-json\/wp\/v2\/pages\/53144#wpcf7-f53143-o1\">\n<div style=\"display: none;\">\n<input type=\"hidden\" name=\"_wpcf7\" value=\"53143\" \/>\n<input type=\"hidden\" name=\"_wpcf7_version\" value=\"5.7.7\" \/>\n<input type=\"hidden\" name=\"_wpcf7_locale\" value=\"en_US\" \/>\n<input type=\"hidden\" name=\"_wpcf7_unit_tag\" value=\"wpcf7-f53143-o1\" \/>\n<input type=\"hidden\" name=\"_wpcf7_container_post\" value=\"0\" \/>\n<input type=\"hidden\" name=\"_wpcf7_posted_data_hash\" value=\"\" \/>\n<input type=\"hidden\" name=\"_wpcf7_recaptcha_response\" value=\"\" \/>\n<\/div>\n<p><label>Child&#039;s name and surname:<\/label><br \/>\n<span class=\"wpcf7-form-control-wrap\" data-name=\"your-name\"><input size=\"40\" class=\"wpcf7-form-control wpcf7-text wpcf7-validates-as-required\" aria-required=\"true\" aria-invalid=\"false\" value=\"\" type=\"text\" name=\"your-name\" \/><\/span>\n<\/p>\n<p><label> Child&#039;s age: <\/label><br \/>\n<span class=\"wpcf7-form-control-wrap\" data-name=\"number-931\"><input class=\"wpcf7-form-control wpcf7-number wpcf7-validates-as-number\" min=\"1\" max=\"16\" aria-invalid=\"false\" value=\"\" type=\"number\" name=\"number-931\" \/><\/span>\n<\/p>\n<p><label>Name of parent\/guardian:<\/label><br \/>\n<span class=\"wpcf7-form-control-wrap\" data-name=\"text-475\"><input size=\"40\" class=\"wpcf7-form-control wpcf7-text wpcf7-validates-as-required\" aria-required=\"true\" aria-invalid=\"false\" value=\"\" type=\"text\" name=\"text-475\" \/><\/span>\n<\/p>\n<p><label>Parent\/Guardian Phone Number:<\/label><br \/>\n<span class=\"wpcf7-form-control-wrap\" data-name=\"tel-91\"><input size=\"40\" class=\"wpcf7-form-control wpcf7-text wpcf7-tel wpcf7-validates-as-required wpcf7-validates-as-tel\" aria-required=\"true\" aria-invalid=\"false\" value=\"\" type=\"tel\" name=\"tel-91\" \/><\/span>\n<\/p>\n<p><label>Parent\/guardian email:<\/label><br \/>\n<span class=\"wpcf7-form-control-wrap\" data-name=\"email-868\"><input size=\"40\" class=\"wpcf7-form-control wpcf7-text wpcf7-email wpcf7-validates-as-required wpcf7-validates-as-email\" aria-required=\"true\" aria-invalid=\"false\" value=\"\" type=\"email\" name=\"email-868\" \/><\/span>\n<\/p>\n<p><label>Alege grupa preferat\u0103:<\/label><br \/>\n<span class=\"wpcf7-form-control-wrap\" data-name=\"checkbox-396\"><span class=\"wpcf7-form-control wpcf7-checkbox wpcf7-validates-as-required\"><span class=\"wpcf7-list-item first\"><input type=\"checkbox\" name=\"checkbox-396[]\" value=\"Luni \/ 09:00 - 10:30\" \/><span class=\"wpcf7-list-item-label\">Luni \/ 09:00 - 10:30<\/span><\/span><span class=\"wpcf7-list-item last\"><input type=\"checkbox\" name=\"checkbox-396[]\" value=\"S\u00e2mb\u0103t\u0103 \/ Duminic\u0103 \/ 10:00 - 11:30 - Cu predare \u00een limba englez\u0103.\" \/><span class=\"wpcf7-list-item-label\">S\u00e2mb\u0103t\u0103 \/ Duminic\u0103 \/ 10:00 - 11:30 - Cu predare \u00een limba englez\u0103.<\/span><\/span><\/span><\/span>\n<\/p>\n<p>*Time intervals are indicative and may vary by \u00b1 30 minutes.\n<\/p>\n<p>Vre\u021bi s\u0103 ne contacta\u021bi direct? Iat\u0103 detalii noastre: <a href=\"mailto:\u201ccarmeniorgulescu@kenacademy.org\u201d\">carmeniorgulescu@kenacademy.org<\/a> \/ 0723600341\n<\/p>\n<p><span class=\"wpcf7-form-control-wrap\" data-name=\"acceptance-218\"><span class=\"wpcf7-form-control wpcf7-acceptance\"><span class=\"wpcf7-list-item\"><label><input type=\"checkbox\" name=\"acceptance-218\" value=\"1\" class=\"accept\" aria-invalid=\"false\" \/><span class=\"wpcf7-list-item-label\">I agree with <a href=\"\/en\/termeni-si-conditii\/\" target=\"_blank\"><strong>site terms and conditions of use<\/strong><\/a>. I declare that I am aware of the provisions <a href=\"https:\/\/www.dataprotection.ro\/?page=Regulamentul_nr_679_2016\" target=\"_blank\"><strong>EU Regulation 679\/2016<\/strong><\/a> for the protection of individuals regarding the processing of personal data and the free movement of such data.<\/span><\/label><\/span><\/span><\/span>\n<\/p>\n<p><input class=\"wpcf7-form-control has-spinner wpcf7-submit\" type=\"submit\" value=\"SEND\" \/>\n<\/p><div class=\"wpcf7-response-output\" aria-hidden=\"true\"><\/div>\n<input type=\"hidden\" name=\"trp-form-language\" value=\"en\"\/><\/form>\n<\/div>\n<\/div><\/div><\/div><\/div><\/div><\/div><\/div><\/div>","protected":false},"excerpt":{"rendered":"Programul educa\u021bional KEN Entrepreneurial Abilities &amp; Business ONLINE este g\u00e2ndit ca o c\u0103l\u0103torie de 9 luni, \u00een care copiii devin familiariza\u021bi cu modul de organizare \u0219i gestionare a unei afaceri &hellip;","protected":false},"author":1,"featured_media":57287,"parent":0,"menu_order":0,"comment_status":"closed","ping_status":"closed","template":"","meta":[],"_links":{"self":[{"href":"https:\/\/kenacademy.org\/en\/wp-json\/wp\/v2\/pages\/53144"}],"collection":[{"href":"https:\/\/kenacademy.org\/en\/wp-json\/wp\/v2\/pages"}],"about":[{"href":"https:\/\/kenacademy.org\/en\/wp-json\/wp\/v2\/types\/page"}],"author":[{"embeddable":true,"href":"https:\/\/kenacademy.org\/en\/wp-json\/wp\/v2\/users\/1"}],"replies":[{"embeddable":true,"href":"https:\/\/kenacademy.org\/en\/wp-json\/wp\/v2\/comments?post=53144"}],"version-history":[{"count":0,"href":"https:\/\/kenacademy.org\/en\/wp-json\/wp\/v2\/pages\/53144\/revisions"}],"wp:featuredmedia":[{"embeddable":true,"href":"https:\/\/kenacademy.org\/en\/wp-json\/wp\/v2\/media\/57287"}],"wp:attachment":[{"href":"https:\/\/kenacademy.org\/en\/wp-json\/wp\/v2\/media?parent=53144"}],"curies":[{"name":"wp","href":"https:\/\/api.w.org\/{rel}","templated":true}]}}