{"id":25766,"date":"2021-08-12T09:29:32","date_gmt":"2021-08-12T09:29:32","guid":{"rendered":"https:\/\/kenacademy.org\/?page_id=25766"},"modified":"2024-09-11T13:29:22","modified_gmt":"2024-09-11T13:29:22","slug":"ken-nlp-for-success-offline","status":"publish","type":"page","link":"https:\/\/kenacademy.org\/en\/ken-academy-offline\/ken-entrepreneurial-abilities-offline\/ken-nlp-for-success-offline\/","title":{"rendered":"KEN NLP for Success \u2013 OFFLINE"},"content":{"rendered":"<h3 style=\"text-align: center;\"><strong><i><img decoding=\"async\" loading=\"lazy\" class=\"aligncenter wp-image-25767 size-full\" src=\"https:\/\/kenacademy.org\/wp-content\/uploads\/2021\/08\/Ken-NLP-1000x563-1.jpg\" alt=\"\" width=\"1000\" height=\"563\" srcset=\"https:\/\/kenacademy.org\/wp-content\/uploads\/2021\/08\/Ken-NLP-1000x563-1.jpg 1000w, https:\/\/kenacademy.org\/wp-content\/uploads\/2021\/08\/Ken-NLP-1000x563-1-300x169.jpg 300w, https:\/\/kenacademy.org\/wp-content\/uploads\/2021\/08\/Ken-NLP-1000x563-1-768x432.jpg 768w\" sizes=\"(max-width: 1000px) 100vw, 1000px\" \/><\/i><\/strong><\/h3>\n<h3 style=\"text-align: center;\"><strong><i>Curs de programare neurolingvistic<b>Um<\/b><\/i><\/strong><\/h3>\n<h3 style=\"text-align: center;\"><strong><i>8-session module<\/i><\/strong><\/h3>\n<p><span style=\"font-weight: 400;\">Programul ofer\u0103 copiilor <\/span><b><span style=\"color: #02bfa3;\">metode \u0219i tehnici NLP moderne<\/span>,<\/b><span style=\"font-weight: 400;\"> adaptate nivelului lor de \u00een\u021belegere<\/span> <span style=\"font-weight: 400;\">to communicate correctly, both verbally and non-verbally with other children, with adults, but also to have attitudes and behaviors appropriate to their age. Also, conflict management, problem management, overcoming fears, all are topics that will be explored by children during their course.\u00a0<\/span><\/p>\n<p><span style=\"font-weight: 400;\">Prin acest modul, ne propunem cre\u0219terea nivelului de \u00een\u021belegere a lumii din jur \u0219i a modului \u00een care fiecare copil o poate transforma: prin empatie, raport cu ceilal\u021bi, ancorarea \u00een prezent \u0219i conturarea unei imagini pentru viitor\u00a0<\/span><\/p>\n<p><span style=\"font-weight: 400;\">The way children <\/span><b><span style=\"color: #02bfa3;\">rela\u021bioneaz\u0103 cu sine \u0219i cu ceilal\u021bi<\/span>,<\/b><span style=\"font-weight: 400;\"> cum comunic\u0103, cum \u00ee\u0219i aleg limbajul, viteza cu care vorbesc, tonalitatea vocii, dic\u021bia, respira\u021bia, mimica \u0219i gesturile care \u00eenso\u021besc discu\u021biile copiilor, postura corporal\u0103, toate sunt aspecte care contribuie la <\/span><b><span style=\"color: #02bfa3;\">conturarea comportamentului \u0219i atitudinii copiilor<\/span>,<\/b><span style=\"font-weight: 400;\"> iar noi le vom exersa cu ajutorul unui set de activit\u0103\u021bi interactive.<\/span><\/p>\n<p><span style=\"font-weight: 400;\">Dup\u0103 ce folosim tehnicile NLP \u00een dezvoltarea personal\u0103 \u0219i ne \u00eensu\u0219im un set de instrumente, analiz\u0103m cu ajutorul acestora modul \u00een care se prezint\u0103 o afacere \u0219i ce impact are NLP \u00een marketing \u0219i v\u00e2nz\u0103ri, elemente esen\u021biale unui <\/span><b><span style=\"color: #02bfa3;\">viitor antreprenor sau consumator informat.<\/span>\u00a0<\/b><\/p>\n<p><span style=\"font-weight: 400;\">Modul \u00een care un copil reac\u021bioneaz\u0103 la provoc\u0103rile din viitor se contureaz\u0103 \u00een copil\u0103rie, iar NLP sprijin\u0103 fiecare copil s\u0103 g\u0103seasc\u0103 cele mai bune resurse interioare pentru fiecare situa\u021bie!<\/span><\/p>","protected":false},"excerpt":{"rendered":"<p>Curs de programare neurolingvistic\u0103 Modul cu 8 sesiuni Programul ofer\u0103 copiilor metode \u0219i tehnici NLP moderne, adaptate nivelului lor de \u00een\u021belegere pentru a comunica corect, at\u00e2t la nivel verbal c\u00e2t &hellip; <\/p>","protected":false},"author":1,"featured_media":25767,"parent":25588,"menu_order":2,"comment_status":"closed","ping_status":"closed","template":"","meta":[],"_links":{"self":[{"href":"https:\/\/kenacademy.org\/en\/wp-json\/wp\/v2\/pages\/25766"}],"collection":[{"href":"https:\/\/kenacademy.org\/en\/wp-json\/wp\/v2\/pages"}],"about":[{"href":"https:\/\/kenacademy.org\/en\/wp-json\/wp\/v2\/types\/page"}],"author":[{"embeddable":true,"href":"https:\/\/kenacademy.org\/en\/wp-json\/wp\/v2\/users\/1"}],"replies":[{"embeddable":true,"href":"https:\/\/kenacademy.org\/en\/wp-json\/wp\/v2\/comments?post=25766"}],"version-history":[{"count":0,"href":"https:\/\/kenacademy.org\/en\/wp-json\/wp\/v2\/pages\/25766\/revisions"}],"up":[{"embeddable":true,"href":"https:\/\/kenacademy.org\/en\/wp-json\/wp\/v2\/pages\/25588"}],"wp:featuredmedia":[{"embeddable":true,"href":"https:\/\/kenacademy.org\/en\/wp-json\/wp\/v2\/media\/25767"}],"wp:attachment":[{"href":"https:\/\/kenacademy.org\/en\/wp-json\/wp\/v2\/media?parent=25766"}],"curies":[{"name":"wp","href":"https:\/\/api.w.org\/{rel}","templated":true}]}}