{"id":25759,"date":"2021-08-12T09:25:22","date_gmt":"2021-08-12T09:25:22","guid":{"rendered":"https:\/\/kenacademy.org\/?page_id=25759"},"modified":"2024-09-11T13:39:48","modified_gmt":"2024-09-11T13:39:48","slug":"ken-money-offline","status":"publish","type":"page","link":"https:\/\/kenacademy.org\/en\/ken-academy-offline\/ken-entrepreneurial-abilities-offline\/ken-money-offline\/","title":{"rendered":"KEN Money \u2013 OFFLINE"},"content":{"rendered":"<h3 style=\"text-align: center;\"><strong><i><img decoding=\"async\" loading=\"lazy\" class=\"aligncenter wp-image-25760 size-full\" src=\"https:\/\/kenacademy.org\/wp-content\/uploads\/2021\/08\/Ken-Money-1000x563-1-aprilie.jpg\" alt=\"\" width=\"1000\" height=\"563\" srcset=\"https:\/\/kenacademy.org\/wp-content\/uploads\/2021\/08\/Ken-Money-1000x563-1-aprilie.jpg 1000w, https:\/\/kenacademy.org\/wp-content\/uploads\/2021\/08\/Ken-Money-1000x563-1-aprilie-300x169.jpg 300w, https:\/\/kenacademy.org\/wp-content\/uploads\/2021\/08\/Ken-Money-1000x563-1-aprilie-768x432.jpg 768w\" sizes=\"(max-width: 1000px) 100vw, 1000px\" \/><\/i><\/strong><\/h3>\n<h3 style=\"text-align: center;\"><strong><i>Financial education course\u00a0<\/i><\/strong><\/h3>\n<h3 style=\"text-align: center;\"><strong><i>8-session module<\/i><\/strong><\/h3>\n<p>&nbsp;<\/p>\n<p><span style=\"font-weight: 400;\">Within the financial education module <\/span><b>KEN Money<\/b><span style=\"font-weight: 400;\">, prin activit\u0103\u021bi interactive \u0219i jocuri adaptate v\u00e2rstei lor, copiii descoper\u0103 lumea fascinant\u0103 a banilor.<\/span><\/p>\n<p><span style=\"font-weight: 400;\">Children learn <\/span><b>what is money<\/b><span style=\"font-weight: 400;\"> and what <\/span><b>impact they have in everyday life<\/b><span style=\"font-weight: 400;\">, cum \u00eei pot organiza \u0219i cum \u00ee\u0219i pot construi <\/span><b>un buget,<\/b><span style=\"font-weight: 400;\"> ce \u00eenseamn\u0103 a economisi \u0219i care este importan\u021ba unui plan de economisire, ce este banca \u0219i cum se folosesc diverse carduri bancare.\u00a0\u00a0<\/span><\/p>\n<p><span style=\"font-weight: 400;\">They also find out <\/span><b>the secret behind the price tag<\/b><span style=\"font-weight: 400;\">: why is the same bottle of water found, in different places at different prices?!\u00a0\u00a0<\/span><\/p>\n<p><span style=\"font-weight: 400;\">Dup\u0103 ce dep\u0103\u0219e\u0219c etapa consumatorului informat, copiii \u00een\u021beleg principiile financiare din spatele unei afaceri, construiesc un buget de afacere \u0219i descoper\u0103 cum impacteaz\u0103 un furnizor nepotrivit \u00eentregul profit al afacerii.<\/span><\/p>\n<p><span style=\"font-weight: 400;\">\u00cen final, copiii vor face primii pa\u0219i c\u0103tre independen\u021ba financiar\u0103, identific\u00e2nd contextele prin care \u00ee\u0219i pot genera primii bani de buzunar, chiar la ei \u00een comunitate!<\/span><\/p>\n<p><span style=\"font-weight: 400;\">Prin acest modul, copiii \u00ee\u0219i dezvoltp capacitatea de a lua decizii \u00een\u021belepte din perspectiv\u0103 financiar\u0103 pentru c\u0103, Indiferent ce va alege copilul t\u0103u s\u0103 devin\u0103 \u00een viitor, se va \u00eent\u00e2lni \u0219i va lucra cu banii, a\u0219a-i?\u00a0<\/span><\/p>\n<p><b>Financial education is essential<\/b><span style=\"font-weight: 400;\"> pentru dezvoltarea armonioas\u0103 a viitorului adult, dar primii pa\u0219i pentru un adult inteligent financiar \u00eencep acum, \u00een copil\u0103rie.<\/span><\/p>\n<p>&nbsp;<\/p>","protected":false},"excerpt":{"rendered":"<p>Curs de educa\u021bie financiar\u0103\u00a0 Modul cu 8 sesiuni &nbsp; \u00cen cadrul modulului de educa\u021bie financiar\u0103 KEN Money, prin activit\u0103\u021bi interactive \u0219i jocuri adaptate v\u00e2rstei lor, copiii descoper\u0103 lumea fascinant\u0103 a &hellip; <\/p>","protected":false},"author":1,"featured_media":25760,"parent":25588,"menu_order":3,"comment_status":"closed","ping_status":"closed","template":"","meta":[],"_links":{"self":[{"href":"https:\/\/kenacademy.org\/en\/wp-json\/wp\/v2\/pages\/25759"}],"collection":[{"href":"https:\/\/kenacademy.org\/en\/wp-json\/wp\/v2\/pages"}],"about":[{"href":"https:\/\/kenacademy.org\/en\/wp-json\/wp\/v2\/types\/page"}],"author":[{"embeddable":true,"href":"https:\/\/kenacademy.org\/en\/wp-json\/wp\/v2\/users\/1"}],"replies":[{"embeddable":true,"href":"https:\/\/kenacademy.org\/en\/wp-json\/wp\/v2\/comments?post=25759"}],"version-history":[{"count":0,"href":"https:\/\/kenacademy.org\/en\/wp-json\/wp\/v2\/pages\/25759\/revisions"}],"up":[{"embeddable":true,"href":"https:\/\/kenacademy.org\/en\/wp-json\/wp\/v2\/pages\/25588"}],"wp:featuredmedia":[{"embeddable":true,"href":"https:\/\/kenacademy.org\/en\/wp-json\/wp\/v2\/media\/25760"}],"wp:attachment":[{"href":"https:\/\/kenacademy.org\/en\/wp-json\/wp\/v2\/media?parent=25759"}],"curies":[{"name":"wp","href":"https:\/\/api.w.org\/{rel}","templated":true}]}}