{"id":25755,"date":"2021-08-12T09:24:15","date_gmt":"2021-08-12T09:24:15","guid":{"rendered":"https:\/\/kenacademy.org\/?page_id=25755"},"modified":"2024-09-11T13:38:26","modified_gmt":"2024-09-11T13:38:26","slug":"ken-talk","status":"publish","type":"page","link":"https:\/\/kenacademy.org\/en\/ken-academy-offline\/ken-entrepreneurial-abilities-offline\/ken-talk\/","title":{"rendered":"KEN Talk \u2013 OFFLINE"},"content":{"rendered":"<h3><img decoding=\"async\" loading=\"lazy\" class=\"aligncenter wp-image-53446 size-full\" src=\"https:\/\/kenacademy.org\/wp-content\/uploads\/2024\/09\/Ken-EQ-1000x563-1.png\" alt=\"\" width=\"1000\" height=\"563\" srcset=\"https:\/\/kenacademy.org\/wp-content\/uploads\/2024\/09\/Ken-EQ-1000x563-1.png 1000w, https:\/\/kenacademy.org\/wp-content\/uploads\/2024\/09\/Ken-EQ-1000x563-1-300x169.png 300w, https:\/\/kenacademy.org\/wp-content\/uploads\/2024\/09\/Ken-EQ-1000x563-1-768x432.png 768w, https:\/\/kenacademy.org\/wp-content\/uploads\/2024\/09\/Ken-EQ-1000x563-1-18x10.png 18w\" sizes=\"(max-width: 1000px) 100vw, 1000px\" \/><\/h3>\n<h3 style=\"text-align: center;\"><strong><i>Presentation skills course<\/i><\/strong><\/h3>\n<h3 style=\"text-align: center;\"><strong><i>Modul cu 10 sesiuni\u00a0<\/i><\/strong><\/h3>\n<h3 style=\"text-align: center;\"><strong>\u00a0<\/strong><\/h3>\n<p><span style=\"font-weight: 400;\">program <\/span><b><i>KEN Talk <\/i><\/b><span style=\"font-weight: 400;\">\u00eenva\u021b\u0103 copiii s\u0103 fac\u0103 prezent\u0103ri, s\u0103 vorbeasc\u0103 \u00een public \u0219i s\u0103-\u0219i gestioneze eficient emo\u021biile din jurul acestor evenimente. Abilit\u0103\u021bile de a vorbi \u00een public \u0219i de-ai convinge pe cei din jur c\u0103 meri\u021bi s\u0103 fii ascultati sunt esen\u021biale pentru copiii secolului XXI, \u00een care ideile trebuie \u00eemp\u0103rt\u0103\u0219ite \u00eentr-un mod clar \u0219i creativ.\u00a0<\/span><\/p>\n<p><span style=\"font-weight: 400;\">Imagineaz\u0103-\u021bi c\u0103 trebuie f\u0103cut\u0103 o prezentare \u00een fa\u021ba clasei, \u00een fa\u021ba unui juriu de examinare, \u00een fa\u021ba unui grup de prieteni \/ adul\u021bi c\u00e2nd to\u021bi ochii sunt a\u021binti\u021bi asupra copilului t\u0103u. \u00ce\u021bi dore\u0219ti\u00a0 ca toat\u0103 lumea s\u0103-l aud\u0103, s\u0103-i \u00een\u021beleag\u0103 mesajul, s\u0103-l perceap\u0103 relaxat \u0219i \u00eencrez\u0103tor \u00een sine, a\u0219a-i?<\/span><\/p>\n<p><span style=\"font-weight: 400;\">Fie c\u0103 vorbim despre <\/span><span style=\"color: #ff6600;\"><b>\u201epitch yourself\u201d, \u201epitch your dream\u201d, \u201epitch your point of view\u201d, \u201epitch your business\u201d<\/b><\/span><span style=\"font-weight: 400;\">, copiii vor identifica cea mai bun\u0103 structur\u0103 \u0219i strategie pentru a-i face pe cei din jur s\u0103 adere la ideea lor. Astfel, copiii vor sus\u021bine prezent\u0103ri \u00een care s\u0103 \u00eei conving\u0103 pe cei din jur despre abilit\u0103\u021bile lor, planurile de viitor, p\u0103rerea despre un subiect sau o idee de afacere, \u00een fa\u021ba unui juriu care s\u0103 le ofere feedback de \u00eembun\u0103t\u0103\u021bire!<\/span><\/p>\n<p><span style=\"font-weight: 400;\">\u00cendruma\u021bi de trainerii KEN, copiii vor descoperi secretele <\/span><span style=\"color: #ff6600;\"><b><i>suportului vizual <\/i><\/b><\/span><span style=\"font-weight: 400;\">\u00een prezent\u0103rile de orice fel \u0219i vor \u00eenv\u0103\u021ba s\u0103 aib\u0103 o abordare strategic\u0103 care adreseaz\u0103 toate <\/span><span style=\"color: #ff6600;\"><b><i>sistemele de reprezentare<\/i><\/b><\/span><span style=\"font-weight: 400;\"> \u0219i modurile de prezentare (verbal, nonverbal \u0219i paraverbal) pentru un discurs cu 100% \u0219anse de succes!\u00a0<\/span><\/p>\n<p><span style=\"font-weight: 400;\">Dezvoltarea abilit\u0103\u021bilor de prezentare este precum a \u00eenv\u0103\u021ba s\u0103 mergi cu bicicleta: e nevoie de practic\u0103, practic\u0103, practic\u0103. De aceea, modulul \u00eei provoac\u0103 constant pe copii s\u0103 prezinte, s\u0103 ofere \u0219i s\u0103 primeasc\u0103 feedback \u0219i s\u0103 \u00eembun\u0103t\u0103\u021beasc\u0103 abilit\u0103\u021bile pe care le au!<\/span><\/p>","protected":false},"excerpt":{"rendered":"<p>Curs de abilit\u0103\u021bi de prezentare Modul cu 10 sesiuni\u00a0 \u00a0 Programul KEN Talk \u00eenva\u021b\u0103 copiii s\u0103 fac\u0103 prezent\u0103ri, s\u0103 vorbeasc\u0103 \u00een public \u0219i s\u0103-\u0219i gestioneze eficient emo\u021biile din jurul acestor &hellip; <\/p>","protected":false},"author":1,"featured_media":53446,"parent":25588,"menu_order":5,"comment_status":"closed","ping_status":"closed","template":"","meta":[],"_links":{"self":[{"href":"https:\/\/kenacademy.org\/en\/wp-json\/wp\/v2\/pages\/25755"}],"collection":[{"href":"https:\/\/kenacademy.org\/en\/wp-json\/wp\/v2\/pages"}],"about":[{"href":"https:\/\/kenacademy.org\/en\/wp-json\/wp\/v2\/types\/page"}],"author":[{"embeddable":true,"href":"https:\/\/kenacademy.org\/en\/wp-json\/wp\/v2\/users\/1"}],"replies":[{"embeddable":true,"href":"https:\/\/kenacademy.org\/en\/wp-json\/wp\/v2\/comments?post=25755"}],"version-history":[{"count":0,"href":"https:\/\/kenacademy.org\/en\/wp-json\/wp\/v2\/pages\/25755\/revisions"}],"up":[{"embeddable":true,"href":"https:\/\/kenacademy.org\/en\/wp-json\/wp\/v2\/pages\/25588"}],"wp:featuredmedia":[{"embeddable":true,"href":"https:\/\/kenacademy.org\/en\/wp-json\/wp\/v2\/media\/53446"}],"wp:attachment":[{"href":"https:\/\/kenacademy.org\/en\/wp-json\/wp\/v2\/media?parent=25755"}],"curies":[{"name":"wp","href":"https:\/\/api.w.org\/{rel}","templated":true}]}}