{"id":25748,"date":"2021-08-12T09:21:46","date_gmt":"2021-08-12T09:21:46","guid":{"rendered":"https:\/\/kenacademy.org\/?page_id=25748"},"modified":"2024-09-11T13:23:40","modified_gmt":"2024-09-11T13:23:40","slug":"ken-leaders-mindset-offline","status":"publish","type":"page","link":"https:\/\/kenacademy.org\/en\/ken-academy-offline\/ken-entrepreneurial-abilities-offline\/ken-leaders-mindset-offline\/","title":{"rendered":"KEN Leader&#039;s Mindset \u2013 OFFLINE"},"content":{"rendered":"<h3 style=\"text-align: center;\"><i><span style=\"font-weight: 400;\"><img decoding=\"async\" loading=\"lazy\" class=\"aligncenter wp-image-25749 size-full\" src=\"https:\/\/kenacademy.org\/wp-content\/uploads\/2021\/08\/KenLeaders.jpg\" alt=\"\" width=\"1000\" height=\"563\" srcset=\"https:\/\/kenacademy.org\/wp-content\/uploads\/2021\/08\/KenLeaders.jpg 1000w, https:\/\/kenacademy.org\/wp-content\/uploads\/2021\/08\/KenLeaders-300x169.jpg 300w, https:\/\/kenacademy.org\/wp-content\/uploads\/2021\/08\/KenLeaders-768x432.jpg 768w\" sizes=\"(max-width: 1000px) 100vw, 1000px\" \/><\/span><\/i><\/h3>\n<h3 style=\"text-align: center;\"><em>Curs de leadership \u0219i abilit\u0103\u021bi antreprenoriale <\/em><\/h3>\n<h3 style=\"text-align: center;\"><strong><i>The 12-session module\u00a0<\/i><\/strong><\/h3>\n<p>&nbsp;<\/p>\n<p><span style=\"font-weight: 400;\">In the module <\/span><span style=\"color: #00ccb3;\"><b><i>KEN Leader&#039;s Mindset<\/i><\/b><\/span><span style=\"font-weight: 400;\">, <\/span><span style=\"font-weight: 400;\">ne dorim s\u0103 ghid\u0103m copiii s\u0103-\u0219i descopere propria valoare, s\u0103 vad\u0103 \u00een ei \u00een\u0219i\u0219i c\u0103 sunt lideri \u0219i s\u0103 gestioneze cel mai important proiect al lor: propria dezvoltare! Iar asta se \u00eent\u00e2mpl\u0103 cu succes antren\u00e2ndu-\u0219i \u0219i mu\u0219chiul lucrului \u00een echip\u0103 care vine la pachet cu rezilien\u021ba, negocierea \u0219i comunicarea eficient\u0103.<\/span><\/p>\n<p><span style=\"font-weight: 400;\">Prin activit\u0103\u021bi interactive \u0219i jocuri adaptate v\u00e2rstei lor, \u00een cadrul modulului, copiii \u00eenva\u021b\u0103 s\u0103 fie con\u0219tien\u021bi de punctele lor forte, s\u0103 \u00ee\u0219i stabileasc\u0103 obiective de cre\u0219tere, s\u0103 cultive perseveren\u021ba \u0219i \u00eencrederea \u00een for\u021bele proprii. Din perspectiva interac\u021biunii cu ceilal\u021bi, copiii \u00eenva\u021b\u0103 s\u0103 lucreze \u00eentr-o echip\u0103 care ac\u021bioneaz\u0103 conform unui plan coerent, s\u0103 ia decizii echilibrate \u0219i s\u0103 g\u0103seasc\u0103 solu\u021bii creative, s\u0103 comunice eficient \u0219i s\u0103 asculte empatic, totul prin experien\u021be pratice din care s\u0103 \u00ee\u0219i extrag\u0103 cele mai valoroase lec\u021bii. \u0218i pentru c\u0103 ideile bune trebuie comunicate cu succes, ei descoper\u0103 \u0219i cum s\u0103 vorbeasc\u0103 \u00een public \u0219i s\u0103 sintetizeze \u00eentr-o hart\u0103 conceptual\u0103 valorile \u0219i misiunea lor \u00een lumea larg\u0103.\u00a0<\/span><\/p>\n<p><span style=\"font-weight: 400;\">Under the slogan<\/span><b><i>\u00a0<\/i><\/b><span style=\"color: #00ccb3;\"><b><i>Be the entrepreneur of your own life!<\/i><\/b><\/span><i><span>, <\/span><\/i><span style=\"font-weight: 400;\">children discover what is their relationship with themselves and how they can develop it, what is their relationship with others and how they can increase quality interaction in a team to be then prepared to practice their relationship with the whole world, starting from the community they belong to.\u00a0<\/span><\/p>\n<p><span style=\"font-weight: 400;\">Abilit\u0103\u021bile antreprenoriale \u0219i de leadership nu sunt \u00eenn\u0103scute, ele se \u00eenva\u021b\u0103 acum, \u00een copil\u0103rie, \u0219i se dezvolt\u0103 pe tot parcursul vie\u021bii.<\/span><\/p>\n<p>&nbsp;<\/p>","protected":false},"excerpt":{"rendered":"<p>Curs de leadership \u0219i abilit\u0103\u021bi antreprenoriale Modul cu 12 sesiuni\u00a0 &nbsp; \u00cen modulul KEN Leader\u2019s Mindset, ne dorim s\u0103 ghid\u0103m copiii s\u0103-\u0219i descopere propria valoare, s\u0103 vad\u0103 \u00een ei \u00een\u0219i\u0219i &hellip; <\/p>","protected":false},"author":1,"featured_media":25749,"parent":25588,"menu_order":6,"comment_status":"closed","ping_status":"closed","template":"","meta":[],"_links":{"self":[{"href":"https:\/\/kenacademy.org\/en\/wp-json\/wp\/v2\/pages\/25748"}],"collection":[{"href":"https:\/\/kenacademy.org\/en\/wp-json\/wp\/v2\/pages"}],"about":[{"href":"https:\/\/kenacademy.org\/en\/wp-json\/wp\/v2\/types\/page"}],"author":[{"embeddable":true,"href":"https:\/\/kenacademy.org\/en\/wp-json\/wp\/v2\/users\/1"}],"replies":[{"embeddable":true,"href":"https:\/\/kenacademy.org\/en\/wp-json\/wp\/v2\/comments?post=25748"}],"version-history":[{"count":0,"href":"https:\/\/kenacademy.org\/en\/wp-json\/wp\/v2\/pages\/25748\/revisions"}],"up":[{"embeddable":true,"href":"https:\/\/kenacademy.org\/en\/wp-json\/wp\/v2\/pages\/25588"}],"wp:featuredmedia":[{"embeddable":true,"href":"https:\/\/kenacademy.org\/en\/wp-json\/wp\/v2\/media\/25749"}],"wp:attachment":[{"href":"https:\/\/kenacademy.org\/en\/wp-json\/wp\/v2\/media?parent=25748"}],"curies":[{"name":"wp","href":"https:\/\/api.w.org\/{rel}","templated":true}]}}