{"id":25576,"date":"2021-08-02T13:52:35","date_gmt":"2021-08-02T13:52:35","guid":{"rendered":"https:\/\/kenacademy.org\/?page_id=25576"},"modified":"2025-09-01T11:27:38","modified_gmt":"2025-09-01T11:27:38","slug":"ken-business-academy","status":"publish","type":"page","link":"https:\/\/kenacademy.org\/en\/ken-academy-offline\/ken-business-academy\/","title":{"rendered":"KEN Business Academy"},"content":{"rendered":"<div class=\"vc_row wpb_row vc_row-fluid\"><div class=\"wpb_column vc_column_container vc_col-sm-12\"><div class=\"vc_column-inner\"><div class=\"wpb_wrapper\">\n\t<div  class=\"wpb_single_image wpb_content_element vc_align_center\">\n\t\t\n\t\t<figure class=\"wpb_wrapper vc_figure\">\n\t\t\t<div class=\"vc_single_image-wrapper   vc_box_border_grey\"><img width=\"929\" height=\"523\" src=\"https:\/\/kenacademy.org\/wp-content\/uploads\/2025\/08\/Early_Business_Academy.png\" class=\"vc_single_image-img attachment-full\" alt=\"\" decoding=\"async\" loading=\"lazy\" srcset=\"https:\/\/kenacademy.org\/wp-content\/uploads\/2025\/08\/Early_Business_Academy.png 929w, https:\/\/kenacademy.org\/wp-content\/uploads\/2025\/08\/Early_Business_Academy-300x169.png 300w, https:\/\/kenacademy.org\/wp-content\/uploads\/2025\/08\/Early_Business_Academy-768x432.png 768w, https:\/\/kenacademy.org\/wp-content\/uploads\/2025\/08\/Early_Business_Academy-18x10.png 18w\" sizes=\"(max-width: 929px) 100vw, 929px\" \/><\/div>\n\t\t<\/figure>\n\t<\/div>\n<div class=\"thim-widget-heading template-base\"><div class=\"sc_heading\"><h2 style=\"color:#2f3056;\" class=\"title\">Why choose this program?<\/h2><span style=\"background-color:#00ccb3\" class=\"line\"><\/span><\/div><\/div>\n\t<div class=\"wpb_text_column wpb_content_element\" >\n\t\t<div class=\"wpb_wrapper\">\n\t\t\t<ul>\n<li>it offers a <strong>100% PRACTICAL CURRICULUM<\/strong>, rich in age-appropriate interactive activities and experiential games<\/li>\n<li>children meet with <strong>CONTRACTORS and SPECIALISTS<\/strong><\/li>\n<li>children organize <strong>SALES FAIRS<\/strong>, and the profit is theirs!<\/li>\n<li>children go on <strong>FIELD TRIPS TO VISIT COMPANIES<\/strong><\/li>\n<li>children develop their <strong>ENTREPRENEURIAL SKILLS<\/strong> and acquire <strong>BUSINESS KNOWLEDGE<\/strong><\/li>\n<li class=\"translation-block\">children learn HOW to build a BUSINESS PLAN<\/li>\n<li><span style=\"color: #ff6600;\"><strong>Po\u021bi alege grupa care se potrive\u0219te cel mai bine pentru tine \u0219i micul t\u0103u antreprenor:<\/strong><\/span><br \/>\n&gt; Mar\u021bi, 18:00 &#8211; 19:30, Pia\u021ba Victoriei<br \/>\n&gt; Miercuri, 18:00 &#8211; 19:30, Charles de Gaulle Plaza<\/li>\n<li><span style=\"color: #ff0000;\"><strong>\u00cen anul \u0219colar 2025 &#8211; 2026 ai 5% REDUCERE EARLY BIRD, dac\u0103 achi\u021bi avansul p\u00e2n\u0103 pe 1 septembrie!<\/strong><\/span><\/li>\n<\/ul>\n\n\t\t<\/div>\n\t<\/div>\n<div class=\"thim-widget-heading template-base\"><div class=\"sc_heading\"><h2 style=\"color:#2f3056;\" class=\"title\">The program is built in three steps<\/h2><span style=\"background-color:#00ccb3\" class=\"line\"><\/span><\/div><\/div>\n\t<div class=\"wpb_text_column wpb_content_element\" >\n\t\t<div class=\"wpb_wrapper\">\n\t\t\t<p>Pentru c\u0103 ne dorim ca cei mici s\u0103 dob\u00e2ndeasc\u0103 abilit\u0103\u021bi \u0219i s\u0103 dezvolte competen\u021be pe via\u021b\u0103, am construit un <strong>program educa\u021bional \u00een trei trepte<\/strong>, ce se desf\u0103\u0219oar\u0103 pe parcursul a 3 ani.<\/p>\n<p>Together, the parents and their kids choose  whether the child will participate in the entire journey or stop at an intermediate point (for example, after the first year).<\/p>\n<p>The trainer has a consultant's role and will make the optimal recommendation. Also, in case of a break, the child can return to the program later to continue deepening and consolidating entrepreneurial knowledge.<\/p>\n<p><em><strong>He will be assessed by a KEN trainer and the appropriate level of education will be proposed.<\/strong><\/em><\/p>\n\n\t\t<\/div>\n\t<\/div>\n<\/div><\/div><\/div><div class=\"wpb_column vc_column_container vc_col-sm-12\"><div class=\"vc_column-inner\"><div class=\"wpb_wrapper\"><\/div><\/div><\/div><\/div><div class=\"vc_row wpb_row vc_row-fluid vc_row-o-equal-height vc_row-flex\"><div class=\"wpb_column vc_column_container vc_col-sm-4\"><div class=\"vc_column-inner\"><div class=\"wpb_wrapper\">\n\t<div  class=\"wpb_single_image wpb_content_element vc_align_left\">\n\t\t\n\t\t<figure class=\"wpb_wrapper vc_figure\">\n\t\t\t<div class=\"vc_single_image-wrapper   vc_box_border_grey\"><img width=\"200\" height=\"73\" src=\"https:\/\/kenacademy.org\/wp-content\/uploads\/2020\/09\/KEN-Junior-eng.jpg\" class=\"vc_single_image-img attachment-full\" alt=\"\" decoding=\"async\" loading=\"lazy\" \/><\/div>\n\t\t<\/figure>\n\t<\/div>\n<\/div><\/div><\/div><div class=\"wpb_column vc_column_container vc_col-sm-4\"><div class=\"vc_column-inner\"><div class=\"wpb_wrapper\">\n\t<div  class=\"wpb_single_image wpb_content_element vc_align_left\">\n\t\t\n\t\t<figure class=\"wpb_wrapper vc_figure\">\n\t\t\t<div class=\"vc_single_image-wrapper   vc_box_border_grey\"><img width=\"200\" height=\"69\" src=\"https:\/\/kenacademy.org\/wp-content\/uploads\/2020\/09\/KEN-Senior-eng.jpg\" class=\"vc_single_image-img attachment-full\" alt=\"\" decoding=\"async\" loading=\"lazy\" \/><\/div>\n\t\t<\/figure>\n\t<\/div>\n<\/div><\/div><\/div><div class=\"wpb_column vc_column_container vc_col-sm-4\"><div class=\"vc_column-inner\"><div class=\"wpb_wrapper\">\n\t<div  class=\"wpb_single_image wpb_content_element vc_align_left\">\n\t\t\n\t\t<figure class=\"wpb_wrapper vc_figure\">\n\t\t\t<div class=\"vc_single_image-wrapper   vc_box_border_grey\"><img width=\"200\" height=\"63\" src=\"https:\/\/kenacademy.org\/wp-content\/uploads\/2024\/09\/KEN-Academy-Business.png\" class=\"vc_single_image-img attachment-full\" alt=\"\" decoding=\"async\" loading=\"lazy\" srcset=\"https:\/\/kenacademy.org\/wp-content\/uploads\/2024\/09\/KEN-Academy-Business.png 200w, https:\/\/kenacademy.org\/wp-content\/uploads\/2024\/09\/KEN-Academy-Business-18x6.png 18w\" sizes=\"(max-width: 200px) 100vw, 200px\" \/><\/div>\n\t\t<\/figure>\n\t<\/div>\n<\/div><\/div><\/div><\/div><div class=\"vc_row wpb_row vc_row-fluid\"><div class=\"wpb_column vc_column_container vc_col-sm-12\"><div class=\"vc_column-inner\"><div class=\"wpb_wrapper\">\n\t<div  class=\"wpb_single_image wpb_content_element vc_align_left\">\n\t\t\n\t\t<figure class=\"wpb_wrapper vc_figure\">\n\t\t\t<div class=\"vc_single_image-wrapper   vc_box_border_grey\"><img width=\"300\" height=\"92\" src=\"https:\/\/kenacademy.org\/wp-content\/uploads\/2020\/09\/KEN-Academy-Junior.png\" class=\"vc_single_image-img attachment-full\" alt=\"\" decoding=\"async\" loading=\"lazy\" \/><\/div>\n\t\t<\/figure>\n\t<\/div>\n\n\t<div class=\"wpb_text_column wpb_content_element\" >\n\t\t<div class=\"wpb_wrapper\">\n\t\t\t<h4><span style=\"color: #ff6600;\"><strong>Entrepreneurial Abilities &amp; Business &#8211; 35 de sesiuni:<\/strong><\/span><\/h4>\n<ul>\n<li>\n<h4>26 sesiuni cu trainer KEN<\/h4>\n<\/li>\n<li>\n<h4>3 vizite organiza\u021bionale<\/h4>\n<\/li>\n<li>\n<h4>4 invita\u021bi<\/h4>\n<\/li>\n<li>\n<h4>2 fairs for sale<\/h4>\n<\/li>\n<\/ul>\n<p>In the<strong> the first year of study<\/strong>, copiii devin familiariza\u021bi cu conceptele de baz\u0103 ale unei afaceri \u0219i afl\u0103 c\u0103 pot dezvolta proiecte antreprenoriale din care c\u00e2\u0219tig\u0103 bani. De asemenea, descoper\u0103 care le sunt punctele forte \u0219i ce \u00eenseamn\u0103 s\u0103 lucreze \u00een echip\u0103, prin:<\/p>\n<ul>\n<li><b><a href=\"https:\/\/kenacademy.org\/en\/ken-academy-offline\/ken-entrepreneurial-abilities-offline\/ken-talk\/\" target=\"_blank\" rel=\"noopener\"><span style=\"color: #ff6600;\">Modul KEN Talk<\/span><\/a><\/b>\u00a0\u2013\u00a0curs de comunicare \u0219i abilit\u0103\u021bi de vorbit \u00een public<\/li>\n<li><b><a href=\"https:\/\/kenacademy.org\/en\/ken-academy-offline\/ken-entrepreneurial-abilities-offline\/ken-money-offline\/\" target=\"_blank\" rel=\"noopener\"><span style=\"color: #ff6600;\">Modul KEN Money<\/span>\u00a0<\/a><\/b>\u2013\u00a0curs de dezvoltare a inteligen\u021bei financiare<\/li>\n<\/ul>\n<p><strong>Upon completion of this year of learning, children will: <\/strong><\/p>\n<ul>\n<li><span style=\"color: #14143e;\">dob\u00e2ndesc un <strong>nivel de baz\u0103 de cuno\u0219tin\u021be de business<\/strong>: ce este un antreprenor, ce este o afacere, care sunt elementele de baz\u0103 ale unei afaceri (produs, promovare, pre\u0163, loca\u021bie), ce formeaz\u0103 un brand, cum se construie\u0219te un buget<\/span><\/li>\n<li><span style=\"color: #14143e;\">\u0219tiu mai multe despre <strong>what is money<\/strong> \u0219i cum s\u0103-i gestioneze eficient<\/span><\/li>\n<li><span style=\"color: #14143e;\">\u00ee\u0219i antreneaz\u0103 un<strong> set de abilit\u0103\u021bi antreprenoriale esen\u021biale<\/strong> &#8211; lucrul \u00een echip\u0103, abilit\u0103\u021bi de prezentare \u0219i comunicare, tehnici de v\u00e2nzare, g\u00e2ndirea creativ\u0103 prin brainstorming, stabilirea de obiective<\/span><\/li>\n<li><span style=\"color: #14143e;\">sunt expu\u0219i la <strong>interac\u021biunea cu pia\u021ba<\/strong> \u0219i astfel \u00ee\u0219i dezvolt\u0103 ini\u021biativa \u0219i autonomia<\/span><\/li>\n<li><span style=\"color: #14143e;\">acquire knowledge about how to organize and manage a business, but also about businesses as a whole (through visits to various companies)<\/span><\/li>\n<li><span style=\"color: #14143e;\">au <strong>primele experien\u021be de v\u00e2nzare<\/strong>, iar de la un eveniment la altul, trec de la o v\u00e2nzare intuitiv\u0103 la una con\u0219tient\u0103<\/span><\/li>\n<li><span style=\"color: #14143e;\">\u00ee\u0219i dezvolt\u0103 <strong>\u00eencrederea \u00een sine, \u00een propriul poten\u021bial \u0219i vis<\/strong><\/span><\/li>\n<\/ul>\n\n\t\t<\/div>\n\t<\/div>\n<\/div><\/div><\/div><\/div><div class=\"vc_row wpb_row vc_row-fluid\"><div class=\"wpb_column vc_column_container vc_col-sm-12\"><div class=\"vc_column-inner\"><div class=\"wpb_wrapper\">\n\t<div  class=\"wpb_single_image wpb_content_element vc_align_left\">\n\t\t\n\t\t<figure class=\"wpb_wrapper vc_figure\">\n\t\t\t<div class=\"vc_single_image-wrapper   vc_box_border_grey\"><img width=\"300\" height=\"104\" src=\"https:\/\/kenacademy.org\/wp-content\/uploads\/2020\/09\/KEN-Academy-Senior.png\" class=\"vc_single_image-img attachment-full\" alt=\"\" decoding=\"async\" loading=\"lazy\" \/><\/div>\n\t\t<\/figure>\n\t<\/div>\n\n\t<div class=\"wpb_text_column wpb_content_element\" >\n\t\t<div class=\"wpb_wrapper\">\n\t\t\t<h4><span style=\"color: #ff6600;\"><strong>Business Plan &amp; Business Abilities &#8211; 35 sesiuni: <\/strong><\/span><\/h4>\n<ul>\n<li>\n<h4>25 sesiuni cu trainer KEN<\/h4>\n<\/li>\n<li>\n<h4>3 vizite organiza\u021bionale<\/h4>\n<\/li>\n<li>\n<h4>4 invita\u021bi<\/h4>\n<\/li>\n<li>\n<h4>3 t\u00e2rguri de v\u00e2nzare &#8211; business + abilit\u0103\u021bi<\/h4>\n<\/li>\n<\/ul>\n<p><strong>In the second year of study<\/strong>, children develop their autonomy in planning and developing entrepreneurial projects. At the same time, they gain more confidence in their own strengths and those of the team.<\/p>\n<p><strong>Through interactive activities and age-appropriate games, children:<\/strong><\/p>\n<ul>\n<li><span style=\"color: #14143e;\">se familiarizeaz\u0103 cu modelul <strong>Business Model Generation Canvas<\/strong>: <\/span><span style=\"color: #14143e;\">value proposition, profilarea clientului, rela\u021bia cu clientul, parteneri cheie, activit\u0103\u021bi cheie, resurse cheie, canale de distribu\u021bie, structura de costuri, venituri<\/span><\/li>\n<li><span style=\"color: #14143e;\">\u00a0descoper\u0103 un set de instrumente de business precum <strong>analiza SWOT<\/strong>, pitching, Social Media, customer journey, tehnici de negociere, personal branding &amp; storytelling, spot publicitar<\/span><\/li>\n<li><span style=\"color: #14143e;\">aprofundeaz\u0103 <strong>abilit\u0103\u021bi antreprenoriale cheie<\/strong> &#8211; lucrul \u00een echip\u0103, abilit\u0103\u021bi de prezentare \u0219i comunicare, de v\u00e2nzare, g\u00e2ndirea lateral\u0103, time management, g\u00e2ndirea pe termen mediu \u0219i lung, stabilirea priorit\u0103\u021bilor, empatia cu cei din jur \u0219i clien\u021bii, g\u00e2ndirea de tip Win-Win<\/span><\/li>\n<li>parcurg un <b><a href=\"https:\/\/kenacademy.org\/en\/smart-in-social-media\/\" target=\"_blank\" rel=\"noopener\"><span style=\"color: #ff6600;\">Modul Smart in Social Media &amp; Branding<\/span>\u00a0<\/a><\/b>\u2013 \u00eenv\u0103\u021b\u0103m s\u0103 (ne) construim un brand \u0219i s\u0103 folosim inteligent re\u021belele sociale<\/li>\n<li>parcurg un <span style=\"color: #ff6600;\"><b><a style=\"color: #ff6600;\" href=\"https:\/\/kenacademy.org\/en\/ken-academy-offline\/ken-entrepreneurial-abilities-offline\/ken-leaders-mindset-offline\/\" target=\"_blank\" rel=\"noopener\">Modul Leader\u2019s mindset\u00a0<\/a><\/b><\/span>\u2013\u00a0curs de leadership \u0219i abilit\u0103\u021bi antreprenoriale<\/li>\n<li>continu\u0103<b>\u00a0<span style=\"color: #ff6600;\"><a style=\"color: #ff6600;\" href=\"https:\/\/kenacademy.org\/en\/ken-academy-offline\/ken-entrepreneurial-abilities-offline\/ken-money-offline\/\" target=\"_blank\" rel=\"noopener\">Modul KEN Money\u00a0<\/a><\/span><\/b>\u2013\u00a0curs de dezvoltare a inteligen\u021bei financiare<\/li>\n<\/ul>\n\n\t\t<\/div>\n\t<\/div>\n<\/div><\/div><\/div><\/div><div class=\"vc_row wpb_row vc_row-fluid\"><div class=\"wpb_column vc_column_container vc_col-sm-12\"><div class=\"vc_column-inner\"><div class=\"wpb_wrapper\">\n\t<div  class=\"wpb_single_image wpb_content_element vc_align_left\">\n\t\t\n\t\t<figure class=\"wpb_wrapper vc_figure\">\n\t\t\t<div class=\"vc_single_image-wrapper   vc_box_border_grey\"><img width=\"300\" height=\"83\" src=\"https:\/\/kenacademy.org\/wp-content\/uploads\/2024\/09\/KEN-Business-list.png\" class=\"vc_single_image-img attachment-full\" alt=\"\" decoding=\"async\" loading=\"lazy\" srcset=\"https:\/\/kenacademy.org\/wp-content\/uploads\/2024\/09\/KEN-Business-list.png 300w, https:\/\/kenacademy.org\/wp-content\/uploads\/2024\/09\/KEN-Business-list-18x5.png 18w\" sizes=\"(max-width: 300px) 100vw, 300px\" \/><\/div>\n\t\t<\/figure>\n\t<\/div>\n\n\t<div class=\"wpb_text_column wpb_content_element\" >\n\t\t<div class=\"wpb_wrapper\">\n\t\t\t<h4><span style=\"color: #ff6600;\"><strong>Build your Own Business &#8211; business incubator &#8211; 36 sesiuni<\/strong><\/span><\/h4>\n<p>the <strong>third year of study<\/strong> is dedicated to children who have graduated from the first 2 years of KEN Academy and who want to create a micro-business.<\/p>\n<p><strong> KEN Business<\/strong> is a business incubator \u2013 a learning path created to take entrepreneurial children from an idea to a functional business.<\/p>\n<p><strong>Etapele pe care le parcurg sunt: <\/strong><\/p>\n<ul>\n<li>definirea ideii<\/li>\n<li>dezvoltarea planului de afaceri CANVAS business model<\/li>\n<li>testarea fezabilit\u0103\u021bii produsului \u00een pia\u021b\u0103<\/li>\n<li>dezvoltarea de parteneriate<\/li>\n<li>comunicarea \u0219i promovarea offline \u0219i online<\/li>\n<li>distribu\u021bia produsului.<\/li>\n<\/ul>\n<p><strong><span style=\"color: #540a77;\">At each stage, small entrepreneurs, supported and guided by a mentor, take on fundamental challenges for their learning process and business growth. <\/span><\/strong><\/p>\n\n\t\t<\/div>\n\t<\/div>\n<\/div><\/div><\/div><\/div><div data-vc-full-width=\"true\" data-vc-full-width-init=\"false\" data-vc-stretch-content=\"true\" class=\"vc_row wpb_row vc_row-fluid vc_custom_1599559501968 vc_row-no-padding\"><div class=\"wpb_column vc_column_container vc_col-sm-12\"><div class=\"vc_column-inner\"><div class=\"wpb_wrapper\">\n\t<div  class=\"wpb_single_image wpb_content_element vc_align_left\">\n\t\t\n\t\t<figure class=\"wpb_wrapper vc_figure\">\n\t\t\t<div class=\"vc_single_image-wrapper   vc_box_border_grey\"><img width=\"1920\" height=\"571\" src=\"https:\/\/kenacademy.org\/wp-content\/uploads\/2020\/09\/KEN-Academy-Offline-banner3-eng.jpg\" class=\"vc_single_image-img attachment-full\" alt=\"\" decoding=\"async\" loading=\"lazy\" srcset=\"https:\/\/kenacademy.org\/wp-content\/uploads\/2020\/09\/KEN-Academy-Offline-banner3-eng.jpg 1920w, https:\/\/kenacademy.org\/wp-content\/uploads\/2020\/09\/KEN-Academy-Offline-banner3-eng-300x89.jpg 300w, https:\/\/kenacademy.org\/wp-content\/uploads\/2020\/09\/KEN-Academy-Offline-banner3-eng-1024x305.jpg 1024w, https:\/\/kenacademy.org\/wp-content\/uploads\/2020\/09\/KEN-Academy-Offline-banner3-eng-768x228.jpg 768w, https:\/\/kenacademy.org\/wp-content\/uploads\/2020\/09\/KEN-Academy-Offline-banner3-eng-1536x457.jpg 1536w, https:\/\/kenacademy.org\/wp-content\/uploads\/2020\/09\/KEN-Academy-Offline-banner3-eng-18x5.jpg 18w\" sizes=\"(max-width: 1920px) 100vw, 1920px\" \/><\/div>\n\t\t<\/figure>\n\t<\/div>\n<\/div><\/div><\/div><\/div><div class=\"vc_row-full-width vc_clearfix\"><\/div><div class=\"vc_row wpb_row vc_row-fluid\"><div class=\"wpb_column vc_column_container vc_col-sm-12\"><div class=\"vc_column-inner\"><div class=\"wpb_wrapper\"><div class=\"thim-widget-heading template-base\"><div class=\"sc_heading\"><h2 style=\"color:#2f3056;\" class=\"title\">Organizational details:<\/h2><span style=\"background-color:#00ccb3\" class=\"line\"><\/span><\/div><\/div>\n\t<div class=\"wpb_text_column wpb_content_element\" >\n\t\t<div class=\"wpb_wrapper\">\n\t\t\t<ul>\n<li><span style=\"color: #14143e;\">the module contains <strong>34\/35<\/strong>\u00a0<strong>sesiuni in functie de nivel<\/strong><\/span><\/li>\n<li><span style=\"color: #14143e;\">performance period: <strong><span style=\"color: #00ccb3;\">22.09.2025 &#8211; 19.06.2026<\/span><\/strong><\/span><\/li>\n<li><span style=\"color: #14143e;\">groups with <strong><span style=\"color: #00ccb3;\">8 &#8211; 15 participan\u021bi<\/span><\/strong><\/span><\/li>\n<li><span style=\"color: #14143e;\">age categories:<span style=\"color: #00ccb3;\"><strong><b> 8 \u2013 10 ani, 10 &#8211; 12 ani<\/b><\/strong><\/span><\/span><\/li>\n<li>predare interactiv\u0103 si facilitat\u0103 de trainer acredita\u021bi KEN Academy.<\/li>\n<li>children meet ENTREPRENEURS and SPECIALISTS<\/li>\n<li>copiii organizeaz\u0103 T\u00c2RGURI DE V\u00c2NZARE, iar profitul este al lor!<\/li>\n<li>copiii merg \u00een VIZITE \u00ceN ORGANIZA\u021aII<\/li>\n<li><span style=\"color: #14143e;\">location: you can choose the closest option <a href=\"https:\/\/kenacademy.org\/en\/locatii-cursuri\/\" target=\"_blank\" rel=\"noopener\"><strong>from here<\/strong><\/a>.<\/span><\/li>\n<li><span style=\"font-weight: 400;\">children receive a Learning Journal (resources and worksheets)<\/span><\/li>\n<li>se formeaz\u0103 o grup\u0103 la un num\u0103r de 8 \u00eenscri\u0219i.<\/li>\n<\/ul>\n<p>Choose the program<strong> OFFLINE \u2013 KEN Academy<\/strong> and help your child to discover the world of entrepreneurship, to understand that he or she can be financially independent by happily creating projects that bring added value!<\/p>\n<p>It is a type of learning that prepares children for whatever future experiences\/choices they intend to follow as they embark on their personal path.<\/p>\n<p><span style=\"color: #ff0000;\"><strong>\u00cen anul \u0219colar 2025 &#8211; 2026 ai 5% REDUCERE EARLY BIRD, dac\u0103 achi\u021bi avansul p\u00e2n\u0103 pe 1 septembrie!<\/strong><\/span><\/p>\n<h2 style=\"text-align: center;\"><\/h2>\n<p style=\"text-align: center;\">Registration and details at: <a href=\"mailto:carmeniorgulescu@kenacademy.org\">carmeniorgulescu@kenacademy.org<\/a> \/ <a href=\"tel:0723.600.341\">0723.600.341 <\/a><\/p>\n<p style=\"text-align: center;\">\u00censcrierea \u00een modul este condi\u021bionat\u0103 de semnarea contractului \u0219i achitarea unui avans de 5%. Suma Poate fi achitat\u0103 integral cu 5% reducere sau \u00een 3 rate egale.<\/p>\n\n\t\t<\/div>\n\t<\/div>\n<div class=\"thim-widget-heading template-base\"><div class=\"sc_heading  text-center\"><h2 style=\"color:#2f3056;font-size:14px;font-weight:bold;\" class=\"title\">Complete the registration form!<\/h2><span style=\"background-color:#00ccb3\" class=\"line\"><\/span><\/div><\/div>\n<div class=\"wpcf7 no-js\" id=\"wpcf7-f53126-o1\" lang=\"en-US\" dir=\"ltr\">\n<div class=\"screen-reader-response\"><p role=\"status\" aria-live=\"polite\" aria-atomic=\"true\"><\/p> <ul><\/ul><\/div>\n<form action=\"\/en\/wp-json\/wp\/v2\/pages\/25576#wpcf7-f53126-o1\" method=\"post\" class=\"wpcf7-form init\" aria-label=\"Contact form\" novalidate=\"novalidate\" data-status=\"init\" data-trp-original-action=\"\/en\/wp-json\/wp\/v2\/pages\/25576#wpcf7-f53126-o1\">\n<div style=\"display: none;\">\n<input type=\"hidden\" name=\"_wpcf7\" value=\"53126\" \/>\n<input type=\"hidden\" name=\"_wpcf7_version\" value=\"5.7.7\" \/>\n<input type=\"hidden\" name=\"_wpcf7_locale\" value=\"en_US\" \/>\n<input type=\"hidden\" name=\"_wpcf7_unit_tag\" value=\"wpcf7-f53126-o1\" \/>\n<input type=\"hidden\" name=\"_wpcf7_container_post\" value=\"0\" \/>\n<input type=\"hidden\" name=\"_wpcf7_posted_data_hash\" value=\"\" \/>\n<input type=\"hidden\" name=\"_wpcf7_recaptcha_response\" value=\"\" \/>\n<\/div>\n<p><label>Child&#039;s name and surname:<\/label><br \/>\n<span class=\"wpcf7-form-control-wrap\" data-name=\"your-name\"><input size=\"40\" class=\"wpcf7-form-control wpcf7-text wpcf7-validates-as-required\" aria-required=\"true\" aria-invalid=\"false\" value=\"\" type=\"text\" name=\"your-name\" \/><\/span>\n<\/p>\n<p><label> Child&#039;s age: <\/label><br \/>\n<span class=\"wpcf7-form-control-wrap\" data-name=\"number-931\"><input class=\"wpcf7-form-control wpcf7-number wpcf7-validates-as-number\" min=\"1\" max=\"16\" aria-invalid=\"false\" value=\"\" type=\"number\" name=\"number-931\" \/><\/span>\n<\/p>\n<p><label>Name of parent\/guardian:<\/label><br \/>\n<span class=\"wpcf7-form-control-wrap\" data-name=\"text-475\"><input size=\"40\" class=\"wpcf7-form-control wpcf7-text wpcf7-validates-as-required\" aria-required=\"true\" aria-invalid=\"false\" value=\"\" type=\"text\" name=\"text-475\" \/><\/span>\n<\/p>\n<p><label>Parent\/Guardian Phone Number:<\/label><br \/>\n<span class=\"wpcf7-form-control-wrap\" data-name=\"tel-91\"><input size=\"40\" class=\"wpcf7-form-control wpcf7-text wpcf7-tel wpcf7-validates-as-required wpcf7-validates-as-tel\" aria-required=\"true\" aria-invalid=\"false\" value=\"\" type=\"tel\" name=\"tel-91\" \/><\/span>\n<\/p>\n<p><label>Parent\/guardian email:<\/label><br \/>\n<span class=\"wpcf7-form-control-wrap\" data-name=\"email-868\"><input size=\"40\" class=\"wpcf7-form-control wpcf7-text wpcf7-email wpcf7-validates-as-required wpcf7-validates-as-email\" aria-required=\"true\" aria-invalid=\"false\" value=\"\" type=\"email\" name=\"email-868\" \/><\/span>\n<\/p>\n<p><label>Alege cursul preferat:<\/label><br \/>\n<span class=\"wpcf7-form-control-wrap\" data-name=\"checkbox-546\"><span class=\"wpcf7-form-control wpcf7-checkbox wpcf7-validates-as-required\"><span class=\"wpcf7-list-item first\"><input type=\"checkbox\" name=\"checkbox-546[]\" value=\"Mar\u021bi, 18:00 - 19:30, Pia\u021ba Victoriei\" \/><span class=\"wpcf7-list-item-label\">Mar\u021bi, 18:00 - 19:30, Pia\u021ba Victoriei<\/span><\/span><span class=\"wpcf7-list-item last\"><input type=\"checkbox\" name=\"checkbox-546[]\" value=\"Miercuri, 18:00 - 19:30 - Charles de Gaulle Plaza\" \/><span class=\"wpcf7-list-item-label\">Miercuri, 18:00 - 19:30 - Charles de Gaulle Plaza<\/span><\/span><\/span><\/span>\n<\/p>\n<p>*Time intervals are indicative and may vary by \u00b1 30 minutes.\n<\/p>\n<p>Vre\u021bi s\u0103 ne contacta\u021bi direct? Iat\u0103 detalii noastre: <a href=\"mailto:\u201ccarmeniorgulescu@kenacademy.org\u201d\">carmeniorgulescu@kenacademy.org<\/a> \/ 0723600341\n<\/p>\n<p><span class=\"wpcf7-form-control-wrap\" data-name=\"acceptance-218\"><span class=\"wpcf7-form-control wpcf7-acceptance\"><span class=\"wpcf7-list-item\"><label><input type=\"checkbox\" name=\"acceptance-218\" value=\"1\" class=\"accept\" aria-invalid=\"false\" \/><span class=\"wpcf7-list-item-label\">I agree with <a href=\"\/en\/termeni-si-conditii\/\" target=\"_blank\"><strong>site terms and conditions of use<\/strong><\/a>. I declare that I am aware of the provisions <a href=\"https:\/\/www.dataprotection.ro\/?page=Regulamentul_nr_679_2016\" target=\"_blank\"><strong>EU Regulation 679\/2016<\/strong><\/a> for the protection of individuals regarding the processing of personal data and the free movement of such data.<\/span><\/label><\/span><\/span><\/span>\n<\/p>\n<p><input class=\"wpcf7-form-control has-spinner wpcf7-submit\" type=\"submit\" value=\"SEND\" \/>\n<\/p><div class=\"wpcf7-response-output\" aria-hidden=\"true\"><\/div>\n<input type=\"hidden\" name=\"trp-form-language\" value=\"en\"\/><\/form>\n<\/div>\n<\/div><\/div><\/div><\/div>","protected":false},"excerpt":{"rendered":"Why choose this program? has a PRACTICAL 100% CURRICULUM, rich in interactive activities and age-appropriate experiential games children meet ENTREPRENEURS and SPECIALISTS children organize FAIRS...","protected":false},"author":1,"featured_media":57288,"parent":19113,"menu_order":9,"comment_status":"closed","ping_status":"closed","template":"","meta":[],"_links":{"self":[{"href":"https:\/\/kenacademy.org\/en\/wp-json\/wp\/v2\/pages\/25576"}],"collection":[{"href":"https:\/\/kenacademy.org\/en\/wp-json\/wp\/v2\/pages"}],"about":[{"href":"https:\/\/kenacademy.org\/en\/wp-json\/wp\/v2\/types\/page"}],"author":[{"embeddable":true,"href":"https:\/\/kenacademy.org\/en\/wp-json\/wp\/v2\/users\/1"}],"replies":[{"embeddable":true,"href":"https:\/\/kenacademy.org\/en\/wp-json\/wp\/v2\/comments?post=25576"}],"version-history":[{"count":0,"href":"https:\/\/kenacademy.org\/en\/wp-json\/wp\/v2\/pages\/25576\/revisions"}],"up":[{"embeddable":true,"href":"https:\/\/kenacademy.org\/en\/wp-json\/wp\/v2\/pages\/19113"}],"wp:featuredmedia":[{"embeddable":true,"href":"https:\/\/kenacademy.org\/en\/wp-json\/wp\/v2\/media\/57288"}],"wp:attachment":[{"href":"https:\/\/kenacademy.org\/en\/wp-json\/wp\/v2\/media?parent=25576"}],"curies":[{"name":"wp","href":"https:\/\/api.w.org\/{rel}","templated":true}]}}