{"id":19344,"date":"2020-09-08T20:00:06","date_gmt":"2020-09-08T20:00:06","guid":{"rendered":"https:\/\/kenacademy.org\/?page_id=19344"},"modified":"2020-09-14T12:18:34","modified_gmt":"2020-09-14T12:18:34","slug":"do-it-yourself-education","status":"publish","type":"page","link":"https:\/\/kenacademy.org\/en\/do-it-yourself-education\/","title":{"rendered":"Do It Yourself Education"},"content":{"rendered":"<div class=\"vc_row wpb_row vc_row-fluid vc_row-o-content-middle vc_row-flex\"><div class=\"wpb_column vc_column_container vc_col-sm-12\"><div class=\"vc_column-inner\"><div class=\"wpb_wrapper\">\n\t<div  class=\"wpb_single_image wpb_content_element vc_align_left\">\n\t\t\n\t\t<figure class=\"wpb_wrapper vc_figure\">\n\t\t\t<div class=\"vc_single_image-wrapper   vc_box_border_grey\"><img width=\"1280\" height=\"485\" src=\"https:\/\/kenacademy.org\/wp-content\/uploads\/2020\/09\/ken-diy-banne-engr.jpg\" class=\"vc_single_image-img attachment-full\" alt=\"\" decoding=\"async\" loading=\"lazy\" srcset=\"https:\/\/kenacademy.org\/wp-content\/uploads\/2020\/09\/ken-diy-banne-engr.jpg 1280w, https:\/\/kenacademy.org\/wp-content\/uploads\/2020\/09\/ken-diy-banne-engr-300x114.jpg 300w, https:\/\/kenacademy.org\/wp-content\/uploads\/2020\/09\/ken-diy-banne-engr-1024x388.jpg 1024w, https:\/\/kenacademy.org\/wp-content\/uploads\/2020\/09\/ken-diy-banne-engr-768x291.jpg 768w, https:\/\/kenacademy.org\/wp-content\/uploads\/2020\/09\/ken-diy-banne-engr-18x7.jpg 18w\" sizes=\"(max-width: 1280px) 100vw, 1280px\" \/><\/div>\n\t\t<\/figure>\n\t<\/div>\n<div class=\"vc_row wpb_row vc_inner vc_row-fluid vc_custom_1599596104394 vc_row-o-content-bottom vc_row-flex\"><div class=\"wpb_column vc_column_container vc_col-sm-12\"><div class=\"vc_column-inner\"><div class=\"wpb_wrapper\"><div class=\"thim-widget-heading template-base\"><div class=\"sc_heading\"><h2 style=\"color:#2f3056;font-size:14px;font-weight:normal;\" class=\"title\">Is your child bored at home?<\/h2><\/div><\/div><\/div><\/div><\/div><\/div><div class=\"vc_row wpb_row vc_inner vc_row-fluid vc_custom_1599596121112 vc_row-o-content-top vc_row-flex\"><div class=\"wpb_column vc_column_container vc_col-sm-12\"><div class=\"vc_column-inner\"><div class=\"wpb_wrapper\"><div class=\"thim-widget-heading template-base\"><div class=\"sc_heading\"><h2 style=\"color:#2f3056;\" class=\"title\">The DIY program offers fun and educational solutions<\/h2><span style=\"background-color:#00ccb3\" class=\"line\"><\/span><\/div><\/div>\n\t<div class=\"wpb_text_column wpb_content_element\" >\n\t\t<div class=\"wpb_wrapper\">\n\t\t\t<p>Would you like to do fun and educational activities with him, but your own professional activities take up so much of your time that you don&#039;t get to search for appropriate support resources in the sea of information?<\/p>\n<p><strong>KEN Academy<\/strong> meets you with the free program <strong>Do It Yourself Education<\/strong>, which offers your family (child &amp; adult), a useful activity for the future and, at the same time, fun.<\/p>\n<p><strong>DIY Education<\/strong> is a learning tool for children and parents that can be used as a starting point in exploring entrepreneurship education. The information we offer you is organized into two categories:<\/p>\n\n\t\t<\/div>\n\t<\/div>\n<\/div><\/div><\/div><\/div><div class=\"vc_row wpb_row vc_inner vc_row-fluid vc_row-o-content-middle vc_row-flex\"><div class=\"wpb_column vc_column_container vc_col-sm-2\"><div class=\"vc_column-inner\"><div class=\"wpb_wrapper\">\n\t<div  class=\"wpb_single_image wpb_content_element vc_align_center\">\n\t\t\n\t\t<figure class=\"wpb_wrapper vc_figure\">\n\t\t\t<div class=\"vc_single_image-wrapper   vc_box_border_grey\"><img width=\"100\" height=\"99\" src=\"https:\/\/kenacademy.org\/wp-content\/uploads\/2020\/09\/diy-icon.png\" class=\"vc_single_image-img attachment-thumbnail\" alt=\"\" decoding=\"async\" loading=\"lazy\" \/><\/div>\n\t\t<\/figure>\n\t<\/div>\n<\/div><\/div><\/div><div class=\"wpb_column vc_column_container vc_col-sm-10\"><div class=\"vc_column-inner vc_custom_1599600017275\"><div class=\"wpb_wrapper\">\n\t<div class=\"wpb_text_column wpb_content_element\" >\n\t\t<div class=\"wpb_wrapper\">\n\t\t\t<p><strong><span style=\"color: #00ccb3;\">Business<\/span><\/strong> \u2013 Accept the challenge and build your business!<\/p>\n<p>If your child has entrepreneurial inclinations and dreams of starting a business or even a small lemonade stand, here he will find the main steps to follow.<\/p>\n\n\t\t<\/div>\n\t<\/div>\n<\/div><\/div><\/div><\/div><div class=\"vc_row wpb_row vc_inner vc_row-fluid vc_row-o-content-middle vc_row-flex\"><div class=\"wpb_column vc_column_container vc_col-sm-2\"><div class=\"vc_column-inner\"><div class=\"wpb_wrapper\">\n\t<div  class=\"wpb_single_image wpb_content_element vc_align_center\">\n\t\t\n\t\t<figure class=\"wpb_wrapper vc_figure\">\n\t\t\t<div class=\"vc_single_image-wrapper   vc_box_border_grey\"><img width=\"100\" height=\"95\" src=\"https:\/\/kenacademy.org\/wp-content\/uploads\/2020\/09\/diy-icon1.png\" class=\"vc_single_image-img attachment-thumbnail\" alt=\"\" decoding=\"async\" loading=\"lazy\" \/><\/div>\n\t\t<\/figure>\n\t<\/div>\n<\/div><\/div><\/div><div class=\"wpb_column vc_column_container vc_col-sm-10\"><div class=\"vc_column-inner vc_custom_1599600003695\"><div class=\"wpb_wrapper\">\n\t<div class=\"wpb_text_column wpb_content_element\" >\n\t\t<div class=\"wpb_wrapper\">\n\t\t\t<p><strong><span style=\"color: #00ccb3;\">Entrepreneurial Skills<\/span><\/strong> \u2013 Be the entrepreneur of your own life!<\/p>\n<p>It is about a set of key entrepreneurial skills that will help your child in life, in personal \/ school relationships.<\/p>\n\n\t\t<\/div>\n\t<\/div>\n<\/div><\/div><\/div><\/div><div class=\"vc_row wpb_row vc_inner vc_row-fluid vc_custom_1599596104394 vc_row-o-content-bottom vc_row-flex\"><div class=\"wpb_column vc_column_container vc_col-sm-12\"><div class=\"vc_column-inner\"><div class=\"wpb_wrapper\"><div class=\"thim-widget-heading template-base\"><div class=\"sc_heading\"><h2 style=\"color:#2f3056;font-size:14px;font-weight:normal;\" class=\"title\">The learning process<\/h2><\/div><\/div><\/div><\/div><\/div><\/div><div class=\"vc_row wpb_row vc_inner vc_row-fluid vc_custom_1599596121112 vc_row-o-content-top vc_row-flex\"><div class=\"wpb_column vc_column_container vc_col-sm-4\"><div class=\"vc_column-inner\"><div class=\"wpb_wrapper\"><div class=\"thim-widget-heading template-base\"><div class=\"sc_heading\"><h2 style=\"color:#2f3056;font-size:14px;font-weight:bold;\" class=\"title\">How do we learn?<\/h2><span style=\"background-color:#00ccb3\" class=\"line\"><\/span><\/div><\/div>\n\t<div class=\"wpb_text_column wpb_content_element\" >\n\t\t<div class=\"wpb_wrapper\">\n\t\t\t<p>A child&#039;s learning process is not just about reading or watching an educational film.<\/p>\n<p>It&#039;s much more complex and it&#039;s the experience that makes the difference!<\/p>\n<p>Here is a diagram that better captures the main stations a child must go through in order for learning to take place.<\/p>\n\n\t\t<\/div>\n\t<\/div>\n<\/div><\/div><\/div><div class=\"wpb_column vc_column_container vc_col-sm-7\"><div class=\"vc_column-inner\"><div class=\"wpb_wrapper\">\n\t<div  class=\"wpb_single_image wpb_content_element vc_align_center\">\n\t\t\n\t\t<figure class=\"wpb_wrapper vc_figure\">\n\t\t\t<div class=\"vc_single_image-wrapper   vc_box_border_grey\"><img width=\"640\" height=\"392\" src=\"https:\/\/kenacademy.org\/wp-content\/uploads\/2020\/09\/experienta-eng.jpg\" class=\"vc_single_image-img attachment-large\" alt=\"\" decoding=\"async\" loading=\"lazy\" srcset=\"https:\/\/kenacademy.org\/wp-content\/uploads\/2020\/09\/experienta-eng.jpg 718w, https:\/\/kenacademy.org\/wp-content\/uploads\/2020\/09\/experienta-eng-300x184.jpg 300w, https:\/\/kenacademy.org\/wp-content\/uploads\/2020\/09\/experienta-eng-18x12.jpg 18w\" sizes=\"(max-width: 640px) 100vw, 640px\" \/><\/div>\n\t\t<\/figure>\n\t<\/div>\n<\/div><\/div><\/div><\/div><div class=\"vc_row wpb_row vc_inner vc_row-fluid vc_custom_1599596104394 vc_row-o-content-bottom vc_row-flex\"><div class=\"wpb_column vc_column_container vc_col-sm-12\"><div class=\"vc_column-inner\"><div class=\"wpb_wrapper\"><div class=\"thim-widget-heading template-base\"><div class=\"sc_heading\"><h2 style=\"color:#2f3056;font-size:14px;font-weight:normal;\" class=\"title\">How is the program structured?<\/h2><\/div><\/div><\/div><\/div><\/div><\/div><div class=\"vc_row wpb_row vc_inner vc_row-fluid vc_custom_1599596121112 vc_row-o-content-top vc_row-flex\"><div class=\"wpb_column vc_column_container vc_col-sm-12\"><div class=\"vc_column-inner\"><div class=\"wpb_wrapper\"><div class=\"thim-widget-heading template-base\"><div class=\"sc_heading\"><h2 style=\"color:#2f3056;font-size:14px;font-weight:bold;\" class=\"title\">The components of the DIY Education program<\/h2><span style=\"background-color:#00ccb3\" class=\"line\"><\/span><\/div><\/div>\n\t<div class=\"wpb_text_column wpb_content_element\" >\n\t\t<div class=\"wpb_wrapper\">\n\t\t\t<ul>\n<li><span style=\"color: #14143e;\">a series of resources (films \/ infographics) carefully selected, suitable and useful for children;<\/span><\/li>\n<li><span style=\"color: #14143e;\">a set of questions designed by KEN trainers for the reflection stage, which will help you deepen the topic presented in the film \/ infographic in a conversation with the child;<\/span><\/li>\n<li><span style=\"color: #14143e;\">an exercise \/ an activity for the child to do, so that it also has the practice part (the experiential component is the one that fixes the information);<\/span><\/li>\n<\/ul>\n\n\t\t<\/div>\n\t<\/div>\n<\/div><\/div><\/div><\/div><div class=\"vc_row wpb_row vc_inner vc_row-fluid vc_custom_1599768356720 vc_row-o-content-bottom vc_row-flex\"><div class=\"wpb_column vc_column_container vc_col-sm-12\"><div class=\"vc_column-inner\"><div class=\"wpb_wrapper\">\n\t<div  class=\"wpb_single_image wpb_content_element vc_align_center\">\n\t\t\n\t\t<figure class=\"wpb_wrapper vc_figure\">\n\t\t\t<div class=\"vc_single_image-wrapper   vc_box_border_grey\"><img width=\"1920\" height=\"1080\" src=\"https:\/\/kenacademy.org\/wp-content\/uploads\/2020\/09\/ken-business-2.jpg\" class=\"vc_single_image-img attachment-full\" alt=\"\" decoding=\"async\" loading=\"lazy\" srcset=\"https:\/\/kenacademy.org\/wp-content\/uploads\/2020\/09\/ken-business-2.jpg 1920w, https:\/\/kenacademy.org\/wp-content\/uploads\/2020\/09\/ken-business-2-300x169.jpg 300w, https:\/\/kenacademy.org\/wp-content\/uploads\/2020\/09\/ken-business-2-1024x576.jpg 1024w, https:\/\/kenacademy.org\/wp-content\/uploads\/2020\/09\/ken-business-2-768x432.jpg 768w, https:\/\/kenacademy.org\/wp-content\/uploads\/2020\/09\/ken-business-2-1536x864.jpg 1536w, https:\/\/kenacademy.org\/wp-content\/uploads\/2020\/09\/ken-business-2-18x10.jpg 18w\" sizes=\"(max-width: 1920px) 100vw, 1920px\" \/><\/div>\n\t\t<\/figure>\n\t<\/div>\n<div class=\"thim-widget-heading template-base\"><div class=\"sc_heading\"><h2 style=\"color:#2f3056;font-size:14px;font-weight:bold;\" class=\"title\">Two categories. 12 episodes<\/h2><span style=\"background-color:#00ccb3\" class=\"line\"><\/span><\/div><\/div>\n\t<div class=\"wpb_text_column wpb_content_element\" >\n\t\t<div class=\"wpb_wrapper\">\n\t\t\t<p>Each category, <strong>BUSINESS<\/strong> and <strong>ENTREPRENEURIAL SKILLS<\/strong>, consists of six episodes.<\/p>\n<p>You can go through the educational content, when you want and feel, <strong>no time limit<\/strong>. Our recommendation is to go through no more than one episode per week, from each category, so that you give yourself space to talk with your child about the chosen topic, as well as to do the week&#039;s challenge.<\/p>\n<p>You can do both categories of activities with your little one or you can choose the one that suits you better. All you have to do is enter the desired category and you will find all the episodes there.<\/p>\n<p>To deepen the educational process, enroll your child in one of the KEN programs:<\/p>\n<ul>\n<li><span style=\"color: #02bfa3;\"><strong><a style=\"color: #02bfa3;\" href=\"https:\/\/kenacademy.org\/en\/ken-academy-offline\/\">OFFLINE \u2013 KEN Academy<\/a><\/strong><\/span><\/li>\n<li><span style=\"color: #02bfa3;\"><strong><a style=\"color: #02bfa3;\" href=\"https:\/\/kenacademy.org\/en\/ken-business\/\">ONLINE \u2013 KEN BUSINESS<\/a><\/strong><\/span><\/li>\n<li><span style=\"color: #02bfa3;\"><strong><a style=\"color: #02bfa3;\" href=\"https:\/\/kenacademy.org\/en\/online-ken-entrepreneurial-abilities\/\">ONLINE \u2013 KEN ENTREPRENEURIAL ABILITIES<\/a><\/strong><\/span><\/li>\n<\/ul>\n<p>You can find more information about financial and entrepreneurial education for children and on <span style=\"color: #02bfa3;\"><a style=\"color: #02bfa3;\" href=\"https:\/\/kenacademy.org\/en\/category\/blog\/\"><strong>our blog<\/strong><\/a><\/span>.<\/p>\n\n\t\t<\/div>\n\t<\/div>\n<\/div><\/div><\/div><\/div><\/div><\/div><\/div><\/div><div class=\"vc_row wpb_row vc_row-fluid vc_custom_1599768300996 vc_row-o-content-top vc_row-flex\"><div class=\"wpb_column vc_column_container vc_col-sm-12\"><div class=\"vc_column-inner\"><div class=\"wpb_wrapper\"><div class=\"thim-widget-heading template-base\"><div class=\"sc_heading\"><h2 style=\"color:#2f3056;font-size:14px;font-weight:normal;\" class=\"title\">Your opinion matters<\/h2><\/div><\/div><\/div><\/div><\/div><\/div><div class=\"vc_row wpb_row vc_row-fluid\"><div class=\"wpb_column vc_column_container vc_col-sm-12\"><div class=\"vc_column-inner\"><div class=\"wpb_wrapper\"><div class=\"thim-widget-heading template-base\"><div class=\"sc_heading\"><h2 style=\"color:#2f3056;font-size:14px;font-weight:bold;\" class=\"title\">We look forward to your feedback<\/h2><span style=\"background-color:#00ccb3\" class=\"line\"><\/span><\/div><\/div>\n\t<div class=\"wpb_text_column wpb_content_element\" >\n\t\t<div class=\"wpb_wrapper\">\n\t\t\t<p>Give us your feedback on your progress and what topics you would like to read more about.<\/p>\n<p>You can send your thoughts, opinions, suggestions by email to the address <strong>office@kenacademy.org<\/strong> or in a private message on the Facebook page.<\/p>\n<p>We are available for you and, don&#039;t forget, entrepreneurial skills are what make it easier to overcome crisis situations like the one we are experiencing together today!<\/p>\n\n\t\t<\/div>\n\t<\/div>\n<\/div><\/div><\/div><\/div><div class=\"vc_row wpb_row vc_row-fluid\"><div class=\"wpb_column vc_column_container vc_col-sm-6\"><div class=\"vc_column-inner\"><div class=\"wpb_wrapper\">\n\t<div  class=\"wpb_single_image wpb_content_element vc_align_center\">\n\t\t\n\t\t<figure class=\"wpb_wrapper vc_figure\">\n\t\t\t<div class=\"vc_single_image-wrapper   vc_box_border_grey\"><img width=\"500\" height=\"287\" src=\"https:\/\/kenacademy.org\/wp-content\/uploads\/2020\/09\/DIY-antreprenorial-eng.jpg\" class=\"vc_single_image-img attachment-full\" alt=\"\" decoding=\"async\" loading=\"lazy\" srcset=\"https:\/\/kenacademy.org\/wp-content\/uploads\/2020\/09\/DIY-antreprenorial-eng.jpg 500w, https:\/\/kenacademy.org\/wp-content\/uploads\/2020\/09\/DIY-antreprenorial-eng-300x172.jpg 300w, https:\/\/kenacademy.org\/wp-content\/uploads\/2020\/09\/DIY-antreprenorial-eng-18x10.jpg 18w\" sizes=\"(max-width: 500px) 100vw, 500px\" \/><\/div>\n\t\t<\/figure>\n\t<\/div>\n<div class=\"thim-widget-button template-base\"><a class=\"widget-button tiny-rounded no-border large custom_style\" href=\"\/en\/category\/abilitati-antreprenoriale-dyi\/\" style=\"font-size: 16px;font-weight: bold;color: #14143e;background-color: #00ccb3;\" data-hover=\"font-size: 16px;font-weight: bold;color: #14143e;background-color: #00ccb3;\">Start the course!<\/a><\/div><div class=\"vc_row wpb_row vc_inner vc_row-fluid\"><div class=\"wpb_column vc_column_container vc_col-sm-3\"><div class=\"vc_column-inner\"><div class=\"wpb_wrapper\"><\/div><\/div><\/div><div class=\"wpb_column vc_column_container vc_col-sm-9\"><div class=\"vc_column-inner\"><div class=\"wpb_wrapper\"><\/div><\/div><\/div><\/div><\/div><\/div><\/div><div class=\"wpb_column vc_column_container vc_col-sm-6\"><div class=\"vc_column-inner\"><div class=\"wpb_wrapper\">\n\t<div  class=\"wpb_single_image wpb_content_element vc_align_center\">\n\t\t\n\t\t<figure class=\"wpb_wrapper vc_figure\">\n\t\t\t<div class=\"vc_single_image-wrapper   vc_box_border_grey\"><img width=\"500\" height=\"287\" src=\"https:\/\/kenacademy.org\/wp-content\/uploads\/2020\/09\/DIY-Business-eng.jpg\" class=\"vc_single_image-img attachment-full\" alt=\"\" decoding=\"async\" loading=\"lazy\" srcset=\"https:\/\/kenacademy.org\/wp-content\/uploads\/2020\/09\/DIY-Business-eng.jpg 500w, https:\/\/kenacademy.org\/wp-content\/uploads\/2020\/09\/DIY-Business-eng-300x172.jpg 300w, https:\/\/kenacademy.org\/wp-content\/uploads\/2020\/09\/DIY-Business-eng-18x10.jpg 18w\" sizes=\"(max-width: 500px) 100vw, 500px\" \/><\/div>\n\t\t<\/figure>\n\t<\/div>\n<div class=\"thim-widget-button template-base\"><a class=\"widget-button tiny-rounded no-border large custom_style\" href=\"\/en\/category\/business-dyi-education\/\" style=\"font-size: 16px;font-weight: bold;color: #14143e;background-color: #00ccb3;\" data-hover=\"font-size: 16px;font-weight: bold;color: #14143e;background-color: #00ccb3;\">Start the course!<\/a><\/div><div class=\"vc_row wpb_row vc_inner vc_row-fluid\"><div class=\"wpb_column vc_column_container vc_col-sm-3\"><div class=\"vc_column-inner\"><div class=\"wpb_wrapper\"><\/div><\/div><\/div><div class=\"wpb_column vc_column_container vc_col-sm-9\"><div class=\"vc_column-inner\"><div class=\"wpb_wrapper\"><\/div><\/div><\/div><\/div><\/div><\/div><\/div><\/div><div class=\"vc_row wpb_row vc_row-fluid\"><div class=\"wpb_column vc_column_container vc_col-sm-12\"><div class=\"vc_column-inner\"><div class=\"wpb_wrapper\">\n\t<div class=\"wpb_raw_code wpb_content_element wpb_raw_html\" >\n\t\t<div class=\"wpb_wrapper\">\n\t\t\t<!-- HTML FOR BUTTON -->\n<div id=\"book-me\">\n<a href=\"\/en\/online-ken-entrepreneurial-abilities\/\"> Sign up now! <\/a>\n<\/div>\n\t\t<\/div>\n\t<\/div>\n<\/div><\/div><\/div><\/div>","protected":false},"excerpt":{"rendered":"Copilul t\u0103u se plictise\u0219te acas\u0103?Programul DIY ofer\u0103 solu\u021bii pl\u0103cute \u0219i educative \u021ai-ai dori s\u0103 faci activit\u0103\u021bi pl\u0103cute \u0219i educative cu el, \u00eens\u0103 propriile activit\u0103\u021bi profesionale \u00ee\u021bi acoper\u0103 at\u00e2t de mult &hellip;","protected":false},"author":1,"featured_media":0,"parent":0,"menu_order":13,"comment_status":"closed","ping_status":"closed","template":"","meta":[],"_links":{"self":[{"href":"https:\/\/kenacademy.org\/en\/wp-json\/wp\/v2\/pages\/19344"}],"collection":[{"href":"https:\/\/kenacademy.org\/en\/wp-json\/wp\/v2\/pages"}],"about":[{"href":"https:\/\/kenacademy.org\/en\/wp-json\/wp\/v2\/types\/page"}],"author":[{"embeddable":true,"href":"https:\/\/kenacademy.org\/en\/wp-json\/wp\/v2\/users\/1"}],"replies":[{"embeddable":true,"href":"https:\/\/kenacademy.org\/en\/wp-json\/wp\/v2\/comments?post=19344"}],"version-history":[{"count":0,"href":"https:\/\/kenacademy.org\/en\/wp-json\/wp\/v2\/pages\/19344\/revisions"}],"wp:attachment":[{"href":"https:\/\/kenacademy.org\/en\/wp-json\/wp\/v2\/media?parent=19344"}],"curies":[{"name":"wp","href":"https:\/\/api.w.org\/{rel}","templated":true}]}}