{"id":19250,"date":"2020-09-08T13:49:35","date_gmt":"2020-09-08T13:49:35","guid":{"rendered":"https:\/\/kenacademy.org\/?page_id=19250"},"modified":"2026-02-19T05:08:03","modified_gmt":"2026-02-19T05:08:03","slug":"tabere","status":"publish","type":"page","link":"https:\/\/kenacademy.org\/en\/tabere\/","title":{"rendered":"camps"},"content":{"rendered":"<div class=\"vc_row wpb_row vc_row-fluid vc_custom_1599649346461 vc_row-o-content-middle vc_row-flex\"><div class=\"wpb_column vc_column_container vc_col-sm-12\"><div class=\"vc_column-inner\"><div class=\"wpb_wrapper\"><h2 style=\"color: #14143e;text-align: left;font-family:Quicksand;font-weight:700;font-style:normal\" class=\"vc_custom_heading\" >KEN CAMPS<\/h2>\n\t<div  class=\"wpb_single_image wpb_content_element vc_align_center\">\n\t\t\n\t\t<figure class=\"wpb_wrapper vc_figure\">\n\t\t\t<div class=\"vc_single_image-wrapper   vc_box_border_grey\"><img width=\"1171\" height=\"345\" src=\"https:\/\/kenacademy.org\/wp-content\/uploads\/2026\/02\/Ken_Camp_HP_Normal.png\" class=\"vc_single_image-img attachment-full\" alt=\"\" decoding=\"async\" loading=\"lazy\" srcset=\"https:\/\/kenacademy.org\/wp-content\/uploads\/2026\/02\/Ken_Camp_HP_Normal.png 1171w, https:\/\/kenacademy.org\/wp-content\/uploads\/2026\/02\/Ken_Camp_HP_Normal-300x88.png 300w, https:\/\/kenacademy.org\/wp-content\/uploads\/2026\/02\/Ken_Camp_HP_Normal-1024x302.png 1024w, https:\/\/kenacademy.org\/wp-content\/uploads\/2026\/02\/Ken_Camp_HP_Normal-768x226.png 768w, https:\/\/kenacademy.org\/wp-content\/uploads\/2026\/02\/Ken_Camp_HP_Normal-18x5.png 18w\" sizes=\"(max-width: 1171px) 100vw, 1171px\" \/><\/div>\n\t\t<\/figure>\n\t<\/div>\n\n\t<div class=\"wpb_text_column wpb_content_element  vc_custom_1742797969558\" >\n\t\t<div class=\"wpb_wrapper\">\n\t\t\t<p>We venture <strong>SUMMER<\/strong> and <strong>THE AUTUMN<\/strong>, in a series of fun-filled mountain entrepreneurial camps!<\/p>\n<p>Through the camps, we carry on our mission: we develop the team spirit of the little ones and the confidence in their ability to give wings to their dreams and turn them into entrepreneurial projects.<\/p>\n<p>Holidays are the perfect time to get to know and discover new things, discover ourselves better or make new friends.<\/p>\n\n\t\t<\/div>\n\t<\/div>\n<div class=\"thim-widget-heading template-base\"><div class=\"sc_heading  text-center\"><h3 style=\"color:#00ccb3;font-size:20px;font-weight:bold;\" class=\"title\">De 13 ani, sute de copii particip\u0103 \u00een taberele noastre.<\/h3><\/div><\/div>\n\t<div class=\"wpb_text_column wpb_content_element  vc_custom_1771477657217\" >\n\t\t<div class=\"wpb_wrapper\">\n\t\t\t<h2><span style=\"color: #ff6600;\"><strong>Ce tabere montane am preg\u0103tit pentru 2026?<\/strong><\/span><\/h2>\n<p><span style=\"color: #ff0000;\"><strong>\u2728 <\/strong><\/span><b><a href=\"https:\/\/kenacademy.org\/en\/ken-business-camp\/\">KEN Business Camp (21 &#8211; 26 iunie 2026), Predeal &#8211; \u00censcrie-te aici<\/a><\/b><\/p>\n<p><b>Business Camp: tab\u0103ra care \u00eei transform\u0103 pe copii \u00een antreprenori!<br \/>\n<\/b><br \/>\nAi un copil cu v\u00e2rsta \u00eentre 8 \u2013 13 ani care g\u00e2nde\u0219te ca un antreprenor \u0219i are idei mari?<br \/>\nAtunci, Business Camp este locul ideal pentru el!<\/p>\n<p>Tab\u0103ra aceasta \u00eei ajut\u0103 pe copii s\u0103 descopere g\u00e2ndirea antreprenorial\u0103 \u0219i s\u0103 transforme ideile lor \u00een proiecte reale.<\/p>\n<p>Aici, prin joac\u0103 \u0219i experien\u021be concrete, \u00eentr-o atmosfer\u0103 dinamic\u0103 \u0219i bogat\u0103 \u00een ateliere interactive, copiii \u00eenva\u021b\u0103 cum s\u0103 porneasc\u0103 de la o idee, s\u0103 o transforme \u00eentr-un plan concret \u0219i s\u0103 o duc\u0103 p\u00e2n\u0103 la v\u00e2nzare, exact ca ni\u0219te mici antreprenori.<\/p>\n<p><strong>\u2728<a href=\"https:\/\/kenacademy.org\/en\/ken-speak-lead\/\">KEN Speak &amp; Lead (30 august &#8211; 4 septembrie 2026), Bu\u0219teni \u2013 \u00censcrie-te aic<\/a>and<\/strong><\/p>\n<p><b>Speak &amp; Lead<\/b> este tab\u0103ra care \u00eei ajut\u0103 pe copii s\u0103-\u0219i descopere vocea, curajul \u0219i capacitatea de a conduce, \u00eentr-o experien\u021b\u0103 complet\u0103 de comunicare, leadership \u0219i dezvoltare personal\u0103.<\/p>\n<p>Dedicat\u0103 copiilor cu v\u00e2rste \u00eentre 8 \u0219i 14 ani, tab\u0103ra are loc \u00een mijlocul naturii \u0219i \u00eembin\u0103 \u00eenv\u0103\u021barea aplicat\u0103 cu joaca, aventura \u0219i distrac\u021bia. Aici, copiii \u00eenva\u021b\u0103 s\u0103 vorbeasc\u0103 clar, s\u0103 \u00ee\u0219i sus\u021bin\u0103 ideile, s\u0103 \u00ee\u0219i gestioneze emo\u021biile \u0219i s\u0103 colaboreze s\u0103n\u0103tos \u00eentr-o echip\u0103, exact ca ni\u0219te lideri autentici.<\/p>\n<p><a href=\"https:\/\/kenacademy.org\/en\/ken-aventuria-camp-2025\/\"><strong>To be announced:\u2728 KEN Aventuria Camp\u00a0<\/strong><\/a><\/p>\n<p>Toamna aceasta, transform\u0103m aventura \u00een \u00eenv\u0103\u021bare!<\/p>\n<p>Ne re\u00eentoarcem \u00een mijlocul naturii, acolo unde \u00eenv\u0103\u021barea e vie, prietenia prinde r\u0103d\u0103cini \u0219i fiecare zi e o aventur\u0103 cu multa provoc\u0103ri de rezolvat.<\/p>\n<p>KEN AVENTURIA CAMP este tab\u0103ra de toamn\u0103 \u00een care copiii cu v\u00e2rste \u00eentre 7 \u0219i 13 ani \u00ee\u0219i dezvolt\u0103 abilit\u0103\u021bi esen\u021biale de via\u021b\u0103 prin joac\u0103, explorare \u0219i lucrul \u00een echip\u0103.<\/p>\n<p>Ne bucur\u0103m de peisajele spectaculoase de munte, de mirosul de p\u0103dure \u0219i de drume\u021biile de toamn\u0103.<\/p>\n<p>Fiecare zi este construit\u0103 \u00een jurul unei abilit\u0103\u021bi antreprenoriale care \u00eei ajut\u0103 pe copii s\u0103 devin\u0103 mai curajo\u0219i, mai creativi \u0219i mai \u00eencrez\u0103tori.<\/p>\n\n\t\t<\/div>\n\t<\/div>\n<\/div><\/div><\/div><\/div><div class=\"vc_row wpb_row vc_row-fluid\"><div class=\"wpb_column vc_column_container vc_col-sm-12\"><div class=\"vc_column-inner vc_custom_1742845677015\"><div class=\"wpb_wrapper\"><div class=\"thim-widget-heading template-base\"><div class=\"sc_heading  text-center\"><h3 style=\"color:#00ccb3;font-size:20px;font-weight:bold;\" class=\"title\">What does a KEN camp day look like?<\/h3><\/div><\/div>\n\t<div class=\"wpb_text_column wpb_content_element\" >\n\t\t<div class=\"wpb_wrapper\">\n\t\t\t<p><span style=\"font-weight: 400;\">During the day we explore, research nature, learn, play, and then share and understand the lessons learned from the day&#039;s adventure. The evening continues with a new round of challenges and good cheer.<\/span><\/p>\n<p><span style=\"font-weight: 400;\">We always have with us the fresh air, playing in nature, hiking, good will, healthy food and a great team.<\/span><\/p>\n\n\t\t<\/div>\n\t<\/div>\n<\/div><\/div><\/div><\/div><div class=\"vc_row wpb_row vc_row-fluid\"><div class=\"wpb_column vc_column_container vc_col-sm-12\"><div class=\"vc_column-inner vc_custom_1742845720365\"><div class=\"wpb_wrapper\"><div class=\"thim-widget-heading template-base\"><div class=\"sc_heading  text-center\"><h3 style=\"color:#00ccb3;font-size:20px;font-weight:bold;\" class=\"title\">Sounds like fun, right?<\/h3><\/div><\/div>\n\t<div class=\"wpb_text_column wpb_content_element\" >\n\t\t<div class=\"wpb_wrapper\">\n\t\t\t<p><span style=\"font-weight: 400;\">The territories of entrepreneurship are unsuspected and always open to surprises!<\/span><\/p>\n<p><span style=\"font-weight: 400;\">Find out more details by giving <strong>click on <\/strong><\/span><strong><i>links <\/i><\/strong><span style=\"font-weight: 400;\"><strong>From lower.<\/strong><\/span><\/p>\n<p><span style=\"font-weight: 400;\">\u00censcrie\u021bi-v\u0103 copilul trimi\u021b\u00e2nd un e-mail la adresa <\/span><a href=\"mailto:carmeniorgulescu@kenacademy.org\"><strong>carmeniorgulescu@kenacademy.org<\/strong><\/a>, complet\u00e2nd <a href=\"https:\/\/docs.google.com\/forms\/d\/e\/1FAIpQLSfhYDDmJWuEMc5Uc2s996_uWVHVKMpb290HAScZkM9b2X1q3w\/viewform?usp=preview\" target=\"_blank\" rel=\"noopener\"><strong>acest formular<\/strong><\/a><span style=\"font-weight: 400;\"> or by calling Carmen at <strong>0723600341<\/strong>.<\/span><\/p>\n<p><span style=\"font-weight: 400;\">a <a href=\"https:\/\/www.facebook.com\/KenAcademy.org\">like our Facebook page<\/a> helps you find out the latest news about our camps and projects.<\/span><\/p>\n\n\t\t<\/div>\n\t<\/div>\n<\/div><\/div><\/div><\/div><div class=\"vc_row wpb_row vc_row-fluid\"><div class=\"wpb_column vc_column_container vc_col-sm-6\"><div class=\"vc_column-inner\"><div class=\"wpb_wrapper\">\n\t<div  class=\"wpb_single_image wpb_content_element vc_align_center\">\n\t\t\n\t\t<figure class=\"wpb_wrapper vc_figure\">\n\t\t\t<div class=\"vc_single_image-wrapper   vc_box_border_grey\"><img width=\"300\" height=\"172\" src=\"https:\/\/kenacademy.org\/wp-content\/uploads\/2025\/03\/Vizual-Business_Camp-1-300x172.png\" class=\"vc_single_image-img attachment-medium\" alt=\"\" decoding=\"async\" loading=\"lazy\" srcset=\"https:\/\/kenacademy.org\/wp-content\/uploads\/2025\/03\/Vizual-Business_Camp-1-300x172.png 300w, https:\/\/kenacademy.org\/wp-content\/uploads\/2025\/03\/Vizual-Business_Camp-1-1024x586.png 1024w, https:\/\/kenacademy.org\/wp-content\/uploads\/2025\/03\/Vizual-Business_Camp-1-768x439.png 768w, https:\/\/kenacademy.org\/wp-content\/uploads\/2025\/03\/Vizual-Business_Camp-1-1536x879.png 1536w, https:\/\/kenacademy.org\/wp-content\/uploads\/2025\/03\/Vizual-Business_Camp-1-2048x1171.png 2048w, https:\/\/kenacademy.org\/wp-content\/uploads\/2025\/03\/Vizual-Business_Camp-1-18x10.png 18w\" sizes=\"(max-width: 300px) 100vw, 300px\" \/><\/div>\n\t\t<\/figure>\n\t<\/div>\n<div class=\"vc_btn3-container vc_btn3-center vc_custom_1742815022322\" ><a style=\"background-color:#ffc72a; color:#14143e;\" class=\"vc_general vc_btn3 vc_btn3-size-md vc_btn3-shape-rounded vc_btn3-style-custom\" href=\"https:\/\/kenacademy.org\/en\/ken-business-camp\/\" title=\"\" target=\"_blank\">More details<\/a><\/div><\/div><\/div><\/div><div class=\"wpb_column vc_column_container vc_col-sm-6\"><div class=\"vc_column-inner\"><div class=\"wpb_wrapper\">\n\t<div  class=\"wpb_single_image wpb_content_element vc_align_center\">\n\t\t\n\t\t<figure class=\"wpb_wrapper vc_figure\">\n\t\t\t<div class=\"vc_single_image-wrapper   vc_box_border_grey\"><img width=\"300\" height=\"172\" src=\"https:\/\/kenacademy.org\/wp-content\/uploads\/2026\/01\/Ken-Camps-Lead-300x172.png\" class=\"vc_single_image-img attachment-medium\" alt=\"\" decoding=\"async\" loading=\"lazy\" srcset=\"https:\/\/kenacademy.org\/wp-content\/uploads\/2026\/01\/Ken-Camps-Lead-300x172.png 300w, https:\/\/kenacademy.org\/wp-content\/uploads\/2026\/01\/Ken-Camps-Lead-1024x586.png 1024w, https:\/\/kenacademy.org\/wp-content\/uploads\/2026\/01\/Ken-Camps-Lead-768x439.png 768w, https:\/\/kenacademy.org\/wp-content\/uploads\/2026\/01\/Ken-Camps-Lead-1536x879.png 1536w, https:\/\/kenacademy.org\/wp-content\/uploads\/2026\/01\/Ken-Camps-Lead-2048x1172.png 2048w, https:\/\/kenacademy.org\/wp-content\/uploads\/2026\/01\/Ken-Camps-Lead-18x10.png 18w\" sizes=\"(max-width: 300px) 100vw, 300px\" \/><\/div>\n\t\t<\/figure>\n\t<\/div>\n<div class=\"vc_btn3-container vc_btn3-center vc_custom_1769538844589\" ><a style=\"background-color:#520b75; color:#ffffff;\" class=\"vc_general vc_btn3 vc_btn3-size-md vc_btn3-shape-rounded vc_btn3-style-custom\" href=\"https:\/\/kenacademy.org\/en\/ken-speak-lead\/\" title=\"\" target=\"_blank\">More details<\/a><\/div><\/div><\/div><\/div><\/div><div data-vc-full-width=\"true\" data-vc-full-width-init=\"false\" data-vc-stretch-content=\"true\" class=\"vc_row wpb_row vc_row-fluid vc_custom_1599574076375 vc_row-has-fill vc_row-no-padding vc_row-o-full-height vc_row-o-columns-middle vc_row-o-content-top vc_row-flex\"><div class=\"wpb_column vc_column_container vc_col-sm-4\"><div class=\"vc_column-inner\"><div class=\"wpb_wrapper\"><\/div><\/div><\/div><div class=\"wpb_column vc_column_container vc_col-sm-8\"><div class=\"vc_column-inner vc_custom_1599648771379\"><div class=\"wpb_wrapper\"><h2 style=\"font-size: 20px;color: #14143e;text-align: center;font-family:Quicksand;font-weight:400;font-style:normal\" class=\"vc_custom_heading\" >Testimonials<\/h2><h2 style=\"font-size: 25px;color: #14143e;text-align: center;font-family:Quicksand;font-weight:700;font-style:normal\" class=\"vc_custom_heading\" >What children and parents say<br \/>\nabout KEN camps?<\/h2><div class=\"thim-widget-testimonials template-testimonials\">\n<div class=\"thim-testimonial-slider image-bottom\" data-activepadding=\"0\" data-time=\"5000\" data-visible=\"5\" data-auto=\"1\" data-mousewheel=\"0\"><div class=\"item\"><div class=\"content\"><div class=\"description\">Probably one of the most valuable clubs among the choices I made for Vlad, and in terms of experience, knowledge and a focused mindset aimed at being better. For Vlad, definitely one of the funnest experiences - always excited and involved in everything that happens at KEN!<\/div><h3 class=\"title\">Georgiana Zamfirescu<\/h3><div class=\"regency\">PARENT<\/div><\/div><div class=\"image\"><img src=\"https:\/\/kenacademy.org\/wp-content\/uploads\/2020\/09\/Clipboard01-1-100x100.jpg\" alt=\"Clipboard01\" title=\"Clipboard01\"  width=\"100\" height=\"100\" data-skip-lazy><\/div><\/div><div class=\"item\"><div class=\"content\"><div class=\"description\">I did a crash course on Social Media and Leadership. These courses were very important to me because they were super nice, very interactive. They helped me learn to be a better leader and how to handle social media. KEN Academy helps me a lot in life: how to start my own business and how to be a good leader, how to manage money. I love KEN Academy!<\/div><h3 class=\"title\">Thea<\/h3><div class=\"regency\">Child<\/div><\/div><div class=\"image\"><img src=\"https:\/\/kenacademy.org\/wp-content\/uploads\/2020\/09\/Thea-100x100.jpg\" alt=\"Thea\" title=\"Thea\"  width=\"100\" height=\"100\" data-skip-lazy><\/div><\/div><div class=\"item\"><div class=\"content\"><div class=\"description\">Thank you, Ken Academy for your contribution to educating the community of young entrepreneurs! As a parent I am constantly interested in alternative education, real practical skills that are acquired in a fun way. In the last 2 years, Andru participated in entrepreneurship courses, summer camps or projects for Christmas or Children&#039;s Day fairs. Made many new friends in the community, had fun and worked on individual and team projects. He became more confident and better prepared for life!<\/div><h3 class=\"title\">Andrei Teodorescu<\/h3><div class=\"regency\">PARENT<\/div><\/div><div class=\"image\"><img src=\"https:\/\/kenacademy.org\/wp-content\/uploads\/2020\/09\/Andrei-Teodorescu-100x100.jpg\" alt=\"Andrei Teodorescu\" title=\"Andrei Teodorescu\"  width=\"100\" height=\"100\" data-skip-lazy><\/div><\/div><div class=\"item\"><div class=\"content\"><div class=\"description\">I have been at KEN for 4 years. I like it because I feel it helps you for the future and it&#039;s fun and we do a lot of activities that are useful in life.<\/div><h3 class=\"title\">Vlade<\/h3><div class=\"regency\">Child<\/div><\/div><div class=\"image\"><img src=\"https:\/\/kenacademy.org\/wp-content\/uploads\/2020\/09\/vlad-100x100.jpg\" alt=\"vlad\" title=\"Vlade\"  width=\"100\" height=\"100\" data-skip-lazy><\/div><\/div><div class=\"item\"><div class=\"content\"><div class=\"description\"><span style=\"font-weight: 400;\">Thea was so excited about everything that happened in this program. First, she became more confident. Then she became aware of her power to face any challenge, she learned that hard work and perseverance make you strong, she learned that team and teamwork make activities easier, and dividing tasks makes work easier and reduces work time, so that results appear faster.<\/span><\/div><h3 class=\"title\">Oana Raluca Olinici<\/h3><div class=\"regency\">PARENT<\/div><\/div><div class=\"image\"><img src=\"https:\/\/kenacademy.org\/wp-content\/uploads\/2020\/09\/OanaOlinici-100x100.jpg\" alt=\"OanaOlinici\" title=\"OanaOlinici\"  width=\"100\" height=\"100\" data-skip-lazy><\/div><\/div><div class=\"item\"><div class=\"content\"><div class=\"description\">I like the Social Media course because it helps me a lot to be careful with who I connect with on the internet. At my age, a lot of people are starting to go online and I think they should be safe, because there are people here who can hurt them.<\/div><h3 class=\"title\">Martha<\/h3><div class=\"regency\">Child<\/div><\/div><div class=\"image\"><img src=\"https:\/\/kenacademy.org\/wp-content\/uploads\/2020\/09\/Martga-100x100.jpg\" alt=\"Martga\" title=\"March\"  width=\"100\" height=\"100\" data-skip-lazy><\/div><\/div><div class=\"item\"><div class=\"content\"><div class=\"description\">For us parents, the Ken program was high on our girls&#039; agenda. The results were not expected. First, enthusiasm and self-confidence during the program. The children were able to complete projects with measurable results. Second, after the program, the children acquired a different attitude about the external economic environment. Today they know how to appreciate the initiative, the results, but above all, the value of a product or service, just like in real life, extremely useful in their education.<\/div><h3 class=\"title\">Dragos Petrescu<\/h3><div class=\"regency\">Parent<\/div><\/div><div class=\"image\"><img src=\"https:\/\/kenacademy.org\/wp-content\/uploads\/2015\/11\/dragos-100x100.jpg\" alt=\"dragos\" title=\"Dragos\"  width=\"100\" height=\"100\" data-skip-lazy><\/div><\/div><\/div><\/div><\/div><\/div><\/div><\/div><div class=\"vc_row-full-width vc_clearfix\"><\/div><div class=\"vc_row wpb_row vc_row-fluid vc_row-o-content-middle vc_row-flex\"><div class=\"wpb_column vc_column_container vc_col-sm-6\"><div class=\"vc_column-inner\"><div class=\"wpb_wrapper\"><\/div><\/div><\/div><div class=\"wpb_column vc_column_container vc_col-sm-6\"><div class=\"vc_column-inner\"><div class=\"wpb_wrapper\"><\/div><\/div><\/div><\/div>","protected":false},"excerpt":{"rendered":"For us parents, the Ken program was high on our girls&#039; agenda. The results were not expected. First, enthusiasm and self-confidence during the program. The kids \u2026","protected":false},"author":1,"featured_media":0,"parent":0,"menu_order":14,"comment_status":"closed","ping_status":"closed","template":"","meta":[],"_links":{"self":[{"href":"https:\/\/kenacademy.org\/en\/wp-json\/wp\/v2\/pages\/19250"}],"collection":[{"href":"https:\/\/kenacademy.org\/en\/wp-json\/wp\/v2\/pages"}],"about":[{"href":"https:\/\/kenacademy.org\/en\/wp-json\/wp\/v2\/types\/page"}],"author":[{"embeddable":true,"href":"https:\/\/kenacademy.org\/en\/wp-json\/wp\/v2\/users\/1"}],"replies":[{"embeddable":true,"href":"https:\/\/kenacademy.org\/en\/wp-json\/wp\/v2\/comments?post=19250"}],"version-history":[{"count":0,"href":"https:\/\/kenacademy.org\/en\/wp-json\/wp\/v2\/pages\/19250\/revisions"}],"wp:attachment":[{"href":"https:\/\/kenacademy.org\/en\/wp-json\/wp\/v2\/media?parent=19250"}],"curies":[{"name":"wp","href":"https:\/\/api.w.org\/{rel}","templated":true}]}}