{"id":18928,"date":"2020-09-07T14:28:00","date_gmt":"2020-09-07T14:28:00","guid":{"rendered":"https:\/\/kenacademy.org\/?page_id=18928"},"modified":"2023-08-30T15:45:24","modified_gmt":"2023-08-30T15:45:24","slug":"online-ken-academy","status":"publish","type":"page","link":"https:\/\/kenacademy.org\/en\/online-ken-academy\/","title":{"rendered":"ONLINE KEN Academy"},"content":{"rendered":"<div class=\"vc_row wpb_row vc_row-fluid vc_custom_1599516932183 vc_row-o-content-middle vc_row-flex\"><div class=\"wpb_column vc_column_container vc_col-sm-12\"><div class=\"vc_column-inner\"><div class=\"wpb_wrapper\"><h2 style=\"color: #14143e;text-align: left;font-family:Quicksand;font-weight:700;font-style:normal\" class=\"vc_custom_heading\" >ONLINE KEN Academy<\/h2>\n\t<div  class=\"wpb_single_image wpb_content_element vc_align_center\">\n\t\t\n\t\t<figure class=\"wpb_wrapper vc_figure\">\n\t\t\t<div class=\"vc_single_image-wrapper   vc_box_border_grey\"><img width=\"1169\" height=\"698\" src=\"https:\/\/kenacademy.org\/wp-content\/uploads\/2023\/07\/Homepage-1-en.jpg\" class=\"vc_single_image-img attachment-full\" alt=\"\" decoding=\"async\" loading=\"lazy\" srcset=\"https:\/\/kenacademy.org\/wp-content\/uploads\/2023\/07\/Homepage-1-en.jpg 1169w, https:\/\/kenacademy.org\/wp-content\/uploads\/2023\/07\/Homepage-1-en-300x179.jpg 300w, https:\/\/kenacademy.org\/wp-content\/uploads\/2023\/07\/Homepage-1-en-1024x611.jpg 1024w, https:\/\/kenacademy.org\/wp-content\/uploads\/2023\/07\/Homepage-1-en-768x459.jpg 768w, https:\/\/kenacademy.org\/wp-content\/uploads\/2023\/07\/Homepage-1-en-18x12.jpg 18w\" sizes=\"(max-width: 1169px) 100vw, 1169px\" \/><\/div>\n\t\t<\/figure>\n\t<\/div>\n<div class=\"vc_row wpb_row vc_inner vc_row-fluid vc_column-gap-5 vc_row-o-content-middle vc_row-flex\"><div class=\"wpb_column vc_column_container vc_col-sm-12\"><div class=\"vc_column-inner\"><div class=\"wpb_wrapper\">\n\t<div class=\"wpb_text_column wpb_content_element\" >\n\t\t<div class=\"wpb_wrapper\">\n\t\t\t<p>Simple! This is KEN&#039;s most complex program, dedicated to brave and entrepreneurial children aged between 8 and 13.<\/p>\n<p>We know that entrepreneurial and financial education in our children&#039;s lives has already become mandatory to help them build their own path. We live in a world where temptations are everywhere, credit cards can be obtained on the fly, shopping is a click away distance, the professions of the future are not yet well defined, competition is increasing, the world is in constant change, and novelty and innovation have an accelerated rate of growth.<\/p>\n<p>How can we prepare our children?<\/p>\n<p><span style=\"color: #00ccb3;\"><strong>The solution is simple:<\/strong><\/span> to develop in children a set of life skills and an entrepreneurial mindset that will help them embrace all these challenges.<\/p>\n<p>Entrepreneurship is a form of multidisciplinary education, which helps children develop skills used in everyday life, which prepares children for any future experience they propose in their personal path.<\/p>\n\n\t\t<\/div>\n\t<\/div>\n<\/div><\/div><\/div><\/div><div class=\"vc_row wpb_row vc_inner vc_row-fluid vc_column-gap-5 vc_row-o-content-middle vc_row-flex\"><div class=\"wpb_column vc_column_container vc_col-sm-12\"><div class=\"vc_column-inner\"><div class=\"wpb_wrapper\"><div class=\"thim-widget-heading template-base\"><div class=\"sc_heading  text-center\"><h2 style=\"color:#2f3056;font-size:40px;\" class=\"title\">KEN Online<\/h2><span style=\"background-color:#00ccb3\" class=\"line\"><\/span><\/div><\/div><\/div><\/div><\/div><\/div><div class=\"vc_row wpb_row vc_inner vc_row-fluid vc_column-gap-5 vc_row-o-content-middle vc_row-flex\"><div class=\"wpb_column vc_column_container vc_col-sm-8\"><div class=\"vc_column-inner\"><div class=\"wpb_wrapper\">\n\t<div  class=\"wpb_single_image wpb_content_element vc_align_left\">\n\t\t\n\t\t<figure class=\"wpb_wrapper vc_figure\">\n\t\t\t<div class=\"vc_single_image-wrapper   vc_box_border_grey\"><img class=\"vc_single_image-img\" src=\"https:\/\/kenacademy.org\/wp-content\/uploads\/2023\/07\/Copil-KEN-Online-600x807-eng.jpg\" width=\"600\" height=\"807\" alt=\"Copil-KEN-Online-600x807-eng\" title=\"Child-KEN-Online-600x807-eng\" \/><\/div>\n\t\t<\/figure>\n\t<\/div>\n<\/div><\/div><\/div><div class=\"wpb_column vc_column_container vc_col-sm-4\"><div class=\"vc_column-inner\"><div class=\"wpb_wrapper\">\n\t<div  class=\"wpb_single_image wpb_content_element vc_align_left\">\n\t\t\n\t\t<figure class=\"wpb_wrapper vc_figure\">\n\t\t\t<a href=\"https:\/\/kenacademy.org\/en\/online-ken-academy\/ken-business-academy-online\/\" target=\"_self\" class=\"vc_single_image-wrapper   vc_box_border_grey\"><img width=\"640\" height=\"360\" src=\"https:\/\/kenacademy.org\/wp-content\/uploads\/2023\/08\/Business-Academy-Online-1.jpg\" class=\"vc_single_image-img attachment-large\" alt=\"\" decoding=\"async\" loading=\"lazy\" srcset=\"https:\/\/kenacademy.org\/wp-content\/uploads\/2023\/08\/Business-Academy-Online-1.jpg 929w, https:\/\/kenacademy.org\/wp-content\/uploads\/2023\/08\/Business-Academy-Online-1-300x169.jpg 300w, https:\/\/kenacademy.org\/wp-content\/uploads\/2023\/08\/Business-Academy-Online-1-768x432.jpg 768w, https:\/\/kenacademy.org\/wp-content\/uploads\/2023\/08\/Business-Academy-Online-1-18x10.jpg 18w\" sizes=\"(max-width: 640px) 100vw, 640px\" \/><\/a>\n\t\t<\/figure>\n\t<\/div>\n\n\t<div  class=\"wpb_single_image wpb_content_element vc_align_left\">\n\t\t\n\t\t<figure class=\"wpb_wrapper vc_figure\">\n\t\t\t<a href=\"https:\/\/kenacademy.org\/en\/online-ken-academy\/online-ken-entrepreneurial-abilities\/\" target=\"_self\" class=\"vc_single_image-wrapper   vc_box_border_grey\"><img width=\"640\" height=\"360\" src=\"https:\/\/kenacademy.org\/wp-content\/uploads\/2023\/08\/Entrepreneurial-Abilities-Online.jpg\" class=\"vc_single_image-img attachment-large\" alt=\"\" decoding=\"async\" loading=\"lazy\" srcset=\"https:\/\/kenacademy.org\/wp-content\/uploads\/2023\/08\/Entrepreneurial-Abilities-Online.jpg 929w, https:\/\/kenacademy.org\/wp-content\/uploads\/2023\/08\/Entrepreneurial-Abilities-Online-300x169.jpg 300w, https:\/\/kenacademy.org\/wp-content\/uploads\/2023\/08\/Entrepreneurial-Abilities-Online-768x432.jpg 768w, https:\/\/kenacademy.org\/wp-content\/uploads\/2023\/08\/Entrepreneurial-Abilities-Online-18x10.jpg 18w\" sizes=\"(max-width: 640px) 100vw, 640px\" \/><\/a>\n\t\t<\/figure>\n\t<\/div>\n\n\t<div  class=\"wpb_single_image wpb_content_element vc_align_left\">\n\t\t\n\t\t<figure class=\"wpb_wrapper vc_figure\">\n\t\t\t<a href=\"https:\/\/kenacademy.org\/en\/ken-personal-branding-descoperirea-propriei-unicitati-10-13-ani\/\" target=\"_self\" class=\"vc_single_image-wrapper   vc_box_border_grey\"><img width=\"640\" height=\"361\" src=\"https:\/\/kenacademy.org\/wp-content\/uploads\/2021\/07\/Personal-Branding-OnlineMobile.png\" class=\"vc_single_image-img attachment-large\" alt=\"\" decoding=\"async\" loading=\"lazy\" srcset=\"https:\/\/kenacademy.org\/wp-content\/uploads\/2021\/07\/Personal-Branding-OnlineMobile.png 929w, https:\/\/kenacademy.org\/wp-content\/uploads\/2021\/07\/Personal-Branding-OnlineMobile-300x169.png 300w, https:\/\/kenacademy.org\/wp-content\/uploads\/2021\/07\/Personal-Branding-OnlineMobile-768x433.png 768w\" sizes=\"(max-width: 640px) 100vw, 640px\" \/><\/a>\n\t\t<\/figure>\n\t<\/div>\n\n\t<div  class=\"wpb_single_image wpb_content_element vc_align_left\">\n\t\t\n\t\t<figure class=\"wpb_wrapper vc_figure\">\n\t\t\t<a href=\"https:\/\/kenacademy.org\/en\/ken-social-media\/\" target=\"_self\" class=\"vc_single_image-wrapper   vc_box_border_grey\"><img width=\"640\" height=\"361\" src=\"https:\/\/kenacademy.org\/wp-content\/uploads\/2021\/07\/Social-Media-OnlineMobile.png\" class=\"vc_single_image-img attachment-large\" alt=\"\" decoding=\"async\" loading=\"lazy\" srcset=\"https:\/\/kenacademy.org\/wp-content\/uploads\/2021\/07\/Social-Media-OnlineMobile.png 929w, https:\/\/kenacademy.org\/wp-content\/uploads\/2021\/07\/Social-Media-OnlineMobile-300x169.png 300w, https:\/\/kenacademy.org\/wp-content\/uploads\/2021\/07\/Social-Media-OnlineMobile-768x433.png 768w, https:\/\/kenacademy.org\/wp-content\/uploads\/2021\/07\/Social-Media-OnlineMobile-18x10.png 18w\" sizes=\"(max-width: 640px) 100vw, 640px\" \/><\/a>\n\t\t<\/figure>\n\t<\/div>\n<\/div><\/div><\/div><\/div><div class=\"vc_row wpb_row vc_inner vc_row-fluid vc_custom_1599517067999\"><div class=\"wpb_column vc_column_container vc_col-sm-12\"><div class=\"vc_column-inner\"><div class=\"wpb_wrapper\"><div class=\"thim-widget-heading template-base\"><div class=\"sc_heading\"><h2 style=\"color:#2f3056;\" class=\"title\">Who is this program suitable for?<\/h2><span style=\"background-color:#00ccb3\" class=\"line\"><\/span><\/div><\/div>\n\t<div class=\"wpb_text_column wpb_content_element\" >\n\t\t<div class=\"wpb_wrapper\">\n\t\t\t<ul>\n<li><span style=\"color: #000000;\">For<strong> all parents<\/strong> who want children who are happy, adaptable, self-confident, financially independent and who can turn their dreams into real entrepreneurial ventures.<\/span><\/li>\n<li><span style=\"color: #000000;\">For <strong>all the children<\/strong> who are brave and entrepreneurial, who want to make their own way in life, have project ideas and initiative. For those who dream of starting a business or who simply want to be smart consumers.<\/span><\/li>\n<\/ul>\n\n\t\t<\/div>\n\t<\/div>\n\n\t<div  class=\"wpb_single_image wpb_content_element vc_align_center\">\n\t\t\n\t\t<figure class=\"wpb_wrapper vc_figure\">\n\t\t\t<div class=\"vc_single_image-wrapper   vc_box_border_grey\"><img width=\"1920\" height=\"1080\" src=\"https:\/\/kenacademy.org\/wp-content\/uploads\/2020\/09\/ken-business-2.jpg\" class=\"vc_single_image-img attachment-full\" alt=\"\" decoding=\"async\" loading=\"lazy\" srcset=\"https:\/\/kenacademy.org\/wp-content\/uploads\/2020\/09\/ken-business-2.jpg 1920w, https:\/\/kenacademy.org\/wp-content\/uploads\/2020\/09\/ken-business-2-300x169.jpg 300w, https:\/\/kenacademy.org\/wp-content\/uploads\/2020\/09\/ken-business-2-1024x576.jpg 1024w, https:\/\/kenacademy.org\/wp-content\/uploads\/2020\/09\/ken-business-2-768x432.jpg 768w, https:\/\/kenacademy.org\/wp-content\/uploads\/2020\/09\/ken-business-2-1536x864.jpg 1536w, https:\/\/kenacademy.org\/wp-content\/uploads\/2020\/09\/ken-business-2-18x10.jpg 18w\" sizes=\"(max-width: 1920px) 100vw, 1920px\" \/><\/div>\n\t\t<\/figure>\n\t<\/div>\n<\/div><\/div><\/div><\/div><div class=\"vc_row wpb_row vc_inner vc_row-fluid vc_row-o-content-middle vc_row-flex\"><div class=\"wpb_column vc_column_container vc_col-sm-12\"><div class=\"vc_column-inner\"><div class=\"wpb_wrapper\"><div class=\"thim-widget-heading template-base\"><div class=\"sc_heading\"><h2 style=\"color:#2f3056;\" class=\"title\">Why choose the ONLINE program?<\/h2><span style=\"background-color:#00ccb3\" class=\"line\"><\/span><\/div><\/div>\n\t<div class=\"wpb_text_column wpb_content_element\" >\n\t\t<div class=\"wpb_wrapper\">\n\t\t\t<ul>\n<li><span style=\"color: #000000;\">it offers a <strong>CURRICULUM 100% PRACTICAL.<\/strong> We believe in developing practical skills that will help children cope anywhere. The sessions are rich in interactive activities and age-appropriate experiential games.<\/span><\/li>\n<li><span style=\"color: #000000;\">children meet with <strong>CONTRACTORS and SPECIALISTS<\/strong>I who share their entrepreneurial story and tips &amp; tricks from their professional experience<\/span><\/li>\n<li><span style=\"color: #000000;\">children develop their <strong>ENTREPRENEURIAL SKILLS<\/strong>, practices that will help them in life, in personal \/ school relationships. They learn to manage, whether it&#039;s organizing their money, making decisions, finding a solution, working in a team or giving a presentation.<\/span><\/li>\n<li><span style=\"color: #000000;\">children acquire <strong>BUSINESS KNOWLEDGE<\/strong> and understand that they can develop entrepreneurial projects.<\/span><\/li>\n<li><span style=\"color: #000000;\">because it is held throughout the <strong>SCHOOL YEAR<\/strong> to ensure maturity and coherence of the educational process, as well as the acquisition by the children of a set of solid skills.<\/span><\/li>\n<li><span style=\"color: #000000;\">It is<strong> ONLINE<\/strong> and so city or traffic limits are no longer a problem! Children who live in any city in Romania and even in the world can join! The classrooms are on the ZOOM and Google classroom platform.<\/span><\/li>\n<\/ul>\n\n\t\t<\/div>\n\t<\/div>\n<\/div><\/div><\/div><\/div><div class=\"vc_row wpb_row vc_inner vc_row-fluid vc_row-o-content-middle vc_row-flex\"><div class=\"wpb_column vc_column_container vc_col-sm-12\"><div class=\"vc_column-inner\"><div class=\"wpb_wrapper\"><div class=\"thim-widget-heading template-base\"><div class=\"sc_heading\"><h2 style=\"color:#2f3056;\" class=\"title\">Organizational details:<\/h2><span style=\"background-color:#00ccb3\" class=\"line\"><\/span><\/div><\/div>\n\t<div class=\"wpb_text_column wpb_content_element\" >\n\t\t<div class=\"wpb_wrapper\">\n\t\t\t<ul>\n<li style=\"font-weight: 400;\" aria-level=\"1\"><span style=\"color: #000000;\"><span style=\"font-weight: 400;\">The programs contain <\/span><b>34 <\/b><span style=\"font-weight: 400;\">\u2013 <\/span><b>36<\/b>\u00a0<b>sessions,<\/b><span style=\"font-weight: 400;\"> of <\/span><\/span><b><span style=\"color: #00ccb3;\">75 minutes, once a week<\/span><\/b><\/li>\n<li style=\"font-weight: 400;\" aria-level=\"1\"><span style=\"font-weight: 400; color: #000000;\">performance period: <\/span><span style=\"color: #00ccb3;\"><b>25.09.2023 \u2013 21.06.2024<\/b><\/span><\/li>\n<li style=\"font-weight: 400;\" aria-level=\"1\"><span style=\"font-weight: 400; color: #000000;\">groups with <\/span><span style=\"color: #00ccb3;\"><b>8 \u2013 12 participants<\/b><\/span><\/li>\n<li style=\"font-weight: 400;\" aria-level=\"1\"><span style=\"font-weight: 400;\">age categories:<\/span><span style=\"color: #00ccb3;\"><b> 8 \u2013 10 years<\/b><span style=\"font-weight: 400;\"> and<\/span><b> 11 \u2013 13 years<\/b><\/span><\/li>\n<li style=\"font-weight: 400;\" aria-level=\"1\"><span style=\"font-weight: 400; color: #000000;\">interactive teaching facilitated by a KEN trainer<\/span><\/li>\n<li style=\"font-weight: 400;\" aria-level=\"1\"><span style=\"font-weight: 400; color: #000000;\">the teaching platform used is <\/span><span style=\"color: #00ccb3;\"><b>Zoom<\/b><\/span><\/li>\n<li style=\"font-weight: 400;\" aria-level=\"1\"><span style=\"font-weight: 400; color: #000000;\">children receive a Learning Journal (resources and worksheets)<\/span><\/li>\n<li style=\"font-weight: 400;\" aria-level=\"1\"><span style=\"font-weight: 400; color: #000000;\">participation fee, depending on the program chosen:\u00a0<\/span><\/li>\n<li style=\"font-weight: 400;\" aria-level=\"1\"><span style=\"font-weight: 400; color: #000000;\">Entrepreneurial Abilities \u2013 3600 lei<\/span><\/li>\n<li style=\"font-weight: 400;\" aria-level=\"1\"><span style=\"font-weight: 400; color: #000000;\">Business \u2013 4000 lei<\/span><\/li>\n<li style=\"font-weight: 400;\" aria-level=\"1\"><span style=\"font-weight: 400; color: #000000;\">Short modules (KEN Social Media, KEN Personal Branding) \u2013 on request<\/span><\/li>\n<\/ul>\n<p>&nbsp;<\/p>\n<p><span style=\"color: #000000;\"><span style=\"font-weight: 400;\">Choose the program<\/span><b> ONLINE \u2013 KEN Academy<\/b><span style=\"font-weight: 400;\"> and help your child to discover the world of entrepreneurship directly from home, to understand that he can be financially independent by happily creating projects that bring added value!<\/span><\/span><\/p>\n<p><span style=\"font-weight: 400; color: #000000;\">It is a type of learning that prepares children for whatever future experiences\/choices they intend to follow as they embark on their personal path.<\/span><\/p>\n<p style=\"text-align: center;\"><span style=\"color: #000000;\">Registration and details at: <a style=\"color: #000000;\" href=\"mailto:carmeniorgulescu@kenacademy.org\">carmeniorgulescu@kenacademy.org<\/a> \/ <a style=\"color: #000000;\" href=\"tel:0723.600.341\">0723.600.341 <\/a><\/span><\/p>\n<p style=\"text-align: center;\"><span style=\"font-weight: 400; color: #000000;\">Enrollment in the program is conditional on signing the contract and paying an advance of 10%.<\/span><\/p>\n\n\t\t<\/div>\n\t<\/div>\n<div class=\"thim-widget-heading template-base\"><div class=\"sc_heading  text-center\"><h2 style=\"color:#2f3056;font-size:14px;font-weight:bold;\" class=\"title\">Complete the registration form!<\/h2><span style=\"background-color:#00ccb3\" class=\"line\"><\/span><\/div><\/div>\n<div class=\"wpcf7 no-js\" id=\"wpcf7-f18947-o1\" lang=\"en-US\" dir=\"ltr\">\n<div class=\"screen-reader-response\"><p role=\"status\" aria-live=\"polite\" aria-atomic=\"true\"><\/p> <ul><\/ul><\/div>\n<form action=\"\/en\/wp-json\/wp\/v2\/pages\/18928#wpcf7-f18947-o1\" method=\"post\" class=\"wpcf7-form init\" aria-label=\"Contact form\" novalidate=\"novalidate\" data-status=\"init\" data-trp-original-action=\"\/en\/wp-json\/wp\/v2\/pages\/18928#wpcf7-f18947-o1\">\n<div style=\"display: none;\">\n<input type=\"hidden\" name=\"_wpcf7\" value=\"18947\" \/>\n<input type=\"hidden\" name=\"_wpcf7_version\" value=\"5.7.7\" \/>\n<input type=\"hidden\" name=\"_wpcf7_locale\" value=\"en_US\" \/>\n<input type=\"hidden\" name=\"_wpcf7_unit_tag\" value=\"wpcf7-f18947-o1\" \/>\n<input type=\"hidden\" name=\"_wpcf7_container_post\" value=\"0\" \/>\n<input type=\"hidden\" name=\"_wpcf7_posted_data_hash\" value=\"\" \/>\n<input type=\"hidden\" name=\"_wpcf7_recaptcha_response\" value=\"\" \/>\n<\/div>\n<p><label>Child&#039;s name and surname:<\/label><br \/>\n<span class=\"wpcf7-form-control-wrap\" data-name=\"your-name\"><input size=\"40\" class=\"wpcf7-form-control wpcf7-text wpcf7-validates-as-required\" aria-required=\"true\" aria-invalid=\"false\" value=\"\" type=\"text\" name=\"your-name\" \/><\/span>\n<\/p>\n<p><label> Child&#039;s age: <\/label><br \/>\n<span class=\"wpcf7-form-control-wrap\" data-name=\"number-931\"><input class=\"wpcf7-form-control wpcf7-number wpcf7-validates-as-number\" min=\"1\" max=\"16\" aria-invalid=\"false\" value=\"\" type=\"number\" name=\"number-931\" \/><\/span>\n<\/p>\n<p><label>Name of parent\/guardian:<\/label><br \/>\n<span class=\"wpcf7-form-control-wrap\" data-name=\"text-475\"><input size=\"40\" class=\"wpcf7-form-control wpcf7-text wpcf7-validates-as-required\" aria-required=\"true\" aria-invalid=\"false\" value=\"\" type=\"text\" name=\"text-475\" \/><\/span>\n<\/p>\n<p><label>Parent\/Guardian Phone Number:<\/label><br \/>\n<span class=\"wpcf7-form-control-wrap\" data-name=\"tel-91\"><input size=\"40\" class=\"wpcf7-form-control wpcf7-text wpcf7-tel wpcf7-validates-as-required wpcf7-validates-as-tel\" aria-required=\"true\" aria-invalid=\"false\" value=\"\" type=\"tel\" name=\"tel-91\" \/><\/span>\n<\/p>\n<p><label>Parent\/guardian email:<\/label><br \/>\n<span class=\"wpcf7-form-control-wrap\" data-name=\"email-868\"><input size=\"40\" class=\"wpcf7-form-control wpcf7-text wpcf7-email wpcf7-validates-as-required wpcf7-validates-as-email\" aria-required=\"true\" aria-invalid=\"false\" value=\"\" type=\"email\" name=\"email-868\" \/><\/span>\n<\/p>\n<p><label>Choose your preferred course interval (opt for at least 2 options):<\/label><br \/>\n<span class=\"wpcf7-form-control-wrap\" data-name=\"checkbox-396\"><span class=\"wpcf7-form-control wpcf7-checkbox wpcf7-validates-as-required\"><span class=\"wpcf7-list-item first\"><input type=\"checkbox\" name=\"checkbox-396[]\" value=\"Luni, 17:30 - 18:45\" \/><span class=\"wpcf7-list-item-label\">Monday, 17:30 - 18:45<\/span><\/span><span class=\"wpcf7-list-item\"><input type=\"checkbox\" name=\"checkbox-396[]\" value=\"Mar\u021bi, 17:30 - 18:45\" \/><span class=\"wpcf7-list-item-label\">Tuesday, 17:30 - 18:45<\/span><\/span><span class=\"wpcf7-list-item\"><input type=\"checkbox\" name=\"checkbox-396[]\" value=\"Miercuri, 17:30 - 18:45\" \/><span class=\"wpcf7-list-item-label\">Wednesday, 17:30 - 18:45<\/span><\/span><span class=\"wpcf7-list-item\"><input type=\"checkbox\" name=\"checkbox-396[]\" value=\"Joi, 17:30 - 18:45\" \/><span class=\"wpcf7-list-item-label\">Thursday, 17:30 - 18:45<\/span><\/span><span class=\"wpcf7-list-item\"><input type=\"checkbox\" name=\"checkbox-396[]\" value=\"Vineri, 17:00 - 18:30\" \/><span class=\"wpcf7-list-item-label\">Friday, 17:00 - 18:30<\/span><\/span><span class=\"wpcf7-list-item\"><input type=\"checkbox\" name=\"checkbox-396[]\" value=\"S\u00e2mb\u0103t\u0103, 10:00 - 11:15\" \/><span class=\"wpcf7-list-item-label\">Saturday, 10:00 - 11:15<\/span><\/span><span class=\"wpcf7-list-item last\"><input type=\"checkbox\" name=\"checkbox-396[]\" value=\"Duminic\u0103, 10:00 - 11:15\" \/><span class=\"wpcf7-list-item-label\">Sunday, 10:00 - 11:15<\/span><\/span><\/span><\/span>\n<\/p>\n<p>*Time intervals are indicative and may vary by \u00b1 30 minutes.\n<\/p>\n<p><label>Choose your favorite program ONLINE:<\/label><br \/>\n<span class=\"wpcf7-form-control-wrap\" data-name=\"checkbox-396\"><span class=\"wpcf7-form-control wpcf7-checkbox wpcf7-validates-as-required\"><span class=\"wpcf7-list-item first\"><input type=\"checkbox\" name=\"checkbox-396[]\" value=\"KEN Business Academy\" \/><span class=\"wpcf7-list-item-label\">KEN Business Academy<\/span><\/span><span class=\"wpcf7-list-item\"><input type=\"checkbox\" name=\"checkbox-396[]\" value=\"KEN Entrepreneurial Abilities\" \/><span class=\"wpcf7-list-item-label\">KEN Entrepreneurial Abilities<\/span><\/span><span class=\"wpcf7-list-item\"><input type=\"checkbox\" name=\"checkbox-396[]\" value=\"KEN Social Media\" \/><span class=\"wpcf7-list-item-label\">KEN Social Media<\/span><\/span><span class=\"wpcf7-list-item last\"><input type=\"checkbox\" name=\"checkbox-396[]\" value=\"KEN Personal Branding\" \/><span class=\"wpcf7-list-item-label\">KEN Personal Branding<\/span><\/span><\/span><\/span>\n<\/p>\n<p><label>Choose the teaching language:<\/label><br \/>\n<span class=\"wpcf7-form-control-wrap\" data-name=\"checkbox-546\"><span class=\"wpcf7-form-control wpcf7-checkbox wpcf7-validates-as-required\"><span class=\"wpcf7-list-item first\"><input type=\"checkbox\" name=\"checkbox-546[]\" value=\"Rom\u00e2n\u0103\" \/><span class=\"wpcf7-list-item-label\">Romanian<\/span><\/span><span class=\"wpcf7-list-item last\"><input type=\"checkbox\" name=\"checkbox-546[]\" value=\"Englez\u0103\" \/><span class=\"wpcf7-list-item-label\">English<\/span><\/span><\/span><\/span>\n<\/p>\n<p><label>Need more details? Leave us your questions below:<\/label><br \/>\n<span class=\"wpcf7-form-control-wrap\" data-name=\"textarea-572\"><textarea cols=\"40\" rows=\"10\" class=\"wpcf7-form-control wpcf7-textarea\" aria-invalid=\"false\" name=\"textarea-572\"><\/textarea><\/span>\n<\/p>\n<p>Want to contact us directly? Here are our details: carmeniorgulescu@kenacademy.org \/ 0723600341\n<\/p>\n<p><span class=\"wpcf7-form-control-wrap\" data-name=\"acceptance-218\"><span class=\"wpcf7-form-control wpcf7-acceptance\"><span class=\"wpcf7-list-item\"><label><input type=\"checkbox\" name=\"acceptance-218\" value=\"1\" class=\"accept\" aria-invalid=\"false\" \/><span class=\"wpcf7-list-item-label\">I agree with <a href=\"\/en\/termeni-si-conditii\/\" target=\"_blank\"><strong>site terms and conditions of use<\/strong><\/a>. I declare that I am aware of the provisions <a href=\"https:\/\/www.dataprotection.ro\/?page=Regulamentul_nr_679_2016\" target=\"_blank\"><strong>EU Regulation 679\/2016<\/strong><\/a> for the protection of individuals regarding the processing of personal data and the free movement of such data.<\/span><\/label><\/span><\/span><\/span>\n<\/p>\n<p><input class=\"wpcf7-form-control has-spinner wpcf7-submit\" type=\"submit\" value=\"SEND\" \/>\n<\/p><div class=\"wpcf7-response-output\" aria-hidden=\"true\"><\/div>\n<input type=\"hidden\" name=\"trp-form-language\" value=\"en\"\/><\/form>\n<\/div>\n<\/div><\/div><\/div><\/div><\/div><\/div><\/div><\/div>","protected":false},"excerpt":{"rendered":"ONLINE KEN Academy Simple! This is KEN&#039;s most complex program, dedicated to brave and entrepreneurial children aged between 8 and 13. We know that entrepreneurial education and...","protected":false},"author":1,"featured_media":0,"parent":0,"menu_order":30,"comment_status":"closed","ping_status":"closed","template":"","meta":[],"_links":{"self":[{"href":"https:\/\/kenacademy.org\/en\/wp-json\/wp\/v2\/pages\/18928"}],"collection":[{"href":"https:\/\/kenacademy.org\/en\/wp-json\/wp\/v2\/pages"}],"about":[{"href":"https:\/\/kenacademy.org\/en\/wp-json\/wp\/v2\/types\/page"}],"author":[{"embeddable":true,"href":"https:\/\/kenacademy.org\/en\/wp-json\/wp\/v2\/users\/1"}],"replies":[{"embeddable":true,"href":"https:\/\/kenacademy.org\/en\/wp-json\/wp\/v2\/comments?post=18928"}],"version-history":[{"count":0,"href":"https:\/\/kenacademy.org\/en\/wp-json\/wp\/v2\/pages\/18928\/revisions"}],"wp:attachment":[{"href":"https:\/\/kenacademy.org\/en\/wp-json\/wp\/v2\/media?parent=18928"}],"curies":[{"name":"wp","href":"https:\/\/api.w.org\/{rel}","templated":true}]}}